{"id":4167,"date":"2021-11-18T07:20:25","date_gmt":"2020-12-01T06:42:29","guid":{"rendered":"https:\/\/oleedu.pl\/?post_type=product&#038;p=4167"},"modified":"2020-12-01T07:42:30","modified_gmt":"2020-12-01T06:42:30","slug":"hablemos-de-navidad","status":"publish","type":"product","link":"https:\/\/oleedu.pl\/es\/produkt\/hablemos-de-navidad\/","title":{"rendered":"Hablemos de&#8230; Navidad"},"content":{"rendered":"<p><em>Hablemos de\u2026 viajar<\/em> es un pack de actividades preparadas especialmente para las clases de conversar en espa\u00f1ol. La presentaci\u00f3n contiene 12 actividades para tratar el tema de viajes.<\/p>\n<p>Todas las actividades desarrollan la competencia comunicativa, pero tambi\u00e9n son interesantes y enganchan a los alumnos. Les permiten hablar sin miedo, mejorar la comunicaci\u00f3n y, sobre todo, pas\u00e1rselo bien.<\/p>\n<p>La mayor\u00eda de las actividades contiene el apoyo visual (fotos), as\u00ed que pueden ser \u00fatiles para los alumnos que, en el futuro, quieran aprobar el examen DELE o recibir otra certificaci\u00f3n (bachillerato de idiomas, etc.).<\/p>\n<p>Las actividades las podemos utilizar online (contienen el \u00edndice y elementos interactivos que facilitan su manejo), pero tambi\u00e9n ser\u00e1n ideales durante las clases presenciales. No es necesario imprimirlas, sin embargo, es posible si alguien prefiere tener los materiales f\u00edsicos.<\/p>\n<p>\u00a1Este pack seguramente facilitar\u00e1 tu vida docente!<\/p>\n<p><strong>Lista de actividades:<\/strong><\/p>\n<ol>\n<li>\u00bfQu\u00e9 prefieres? (14 diapositivas)<\/li>\n<li>Responde a las preguntas (4 diapositivas)<\/li>\n<li>Describir fotos (4 diapositivas)<\/li>\n<li>A conversar (2 diapositivas)<\/li>\n<li>Fotos y preguntas (4 diapositivas)<\/li>\n<li>\u00bfVerdadero o falso? (8 diapositivas)<\/li>\n<li>\u00bfQu\u00e9 falta aqu\u00ed? (12 diapositivas)<\/li>\n<li>Los preguntones (4 diapositivas)<\/li>\n<li>\u00bfQu\u00e9 dicen? (4 diapositivas)<\/li>\n<li>Habla 1 minuto\u2026 (3 diapositivas)<\/li>\n<li>Los regalos (4 diapositivas)<\/li>\n<li>\u00bfQu\u00e9 preferir\u00edas? (8 diapositivas)<\/li>\n<\/ol>\n<p>El archivo contiene 87 diapositivas (71 diapositivas de actividades).<\/p>\n<hr \/>\n<p><strong>\u00bfC\u00f3mo realizar la compra?<\/strong><\/p>\n<ol>\n<li>A\u00f1ade los productos elegidos al carrito.<\/li>\n<li>Resume tu compra.<\/li>\n<li>Completa el formulario y elige el m\u00e9todo de pago.<\/li>\n<li>Realiza tu pedido. (La opci\u00f3n \u201eprzelew bankowy\u201d es\u00a0\u00a0<strong>la transferencia bancaria\u00a0<\/strong>y\u00a0puede durar m\u00e1s tiempo. Si quieres recibir tus materiales m\u00e1s r\u00e1pido, manda\u00a0<strong>un comprobante de pago\u00a0<\/strong>a\u00a0<strong>hola@oleedu.pl<\/strong>).<\/li>\n<li>Si quieres pagar\u00a0<strong>con tarjeta de cr\u00e9dito<\/strong>, utiliza la opci\u00f3n\u00a0<strong>Paypal o pagos seguros<\/strong>. En la p\u00e1gina PayPal, debajo del formulario para iniciar la sesi\u00f3n, encontrar\u00e1s la posibilidad de pagar con tarjeta de cr\u00e9dito sin cuenta de PayPal.<\/li>\n<li>Revisa tu correo electr\u00f3nico o descarga el material directamente de la p\u00e1gina. (El material lo recibes despu\u00e9s de registrar la cuota adecuada en mi cuenta bancaria).<\/li>\n<li>Si no recibes tu pedido en 24h, m\u00e1ndame un email\u00a0<strong>hola@oleedu.pl\u00a0<\/strong>y te ayudar\u00e9 con mucho gusto.<\/li>\n<li>\u00a1Descarga el material y disfruta!\u00a0<strong>Aseg\u00farate de haber descargado el material y haberlo guardado en tu ordenador.<\/strong><\/li>\n<\/ol>\n<p><strong>Vis\u00edtanos en\u00a0<a href=\"https:\/\/www.facebook.com\/OleKreatywnaEdukacja\/?eid=ARDLH3rQNKscfTqLqhsVBfGYjZFdXDtQ78-POgN0BvugfpgBAOCIIFlSI4ec6BsbX5kJamDfz3qHAoyx\">Facebook<\/a><\/strong><\/p>\n<p><strong>Vis\u00edtanos en\u00a0<a href=\"https:\/\/www.instagram.com\/ole_edu\/\">Instagram<\/a><\/strong><\/p>\n","protected":false},"excerpt":{"rendered":"<p>Un pack para desarrollar la competencia oral en las clases de ELE.<\/p>\n<p>Tema: Navidad<\/p>\n","protected":false},"featured_media":4171,"template":"","meta":[],"product_brand":[],"product_cat":[384],"product_tag":[],"class_list":{"0":"post-4167","1":"product","2":"type-product","3":"status-publish","4":"has-post-thumbnail","6":"product_cat-navidad-es","8":"first","9":"instock","10":"downloadable","11":"virtual","12":"purchasable","13":"product-type-simple"},"yoast_head":"<!-- This site is optimized with the Yoast SEO plugin v26.8 - https:\/\/yoast.com\/product\/yoast-seo-wordpress\/ -->\n<title>Hablemos de... Navidad -<\/title>\n<meta name=\"robots\" content=\"index, follow, max-snippet:-1, max-image-preview:large, max-video-preview:-1\" \/>\n<link rel=\"canonical\" href=\"https:\/\/oleedu.pl\/es\/produkt\/hablemos-de-navidad\/\" \/>\n<meta property=\"og:locale\" content=\"es_ES\" \/>\n<meta property=\"og:type\" content=\"article\" \/>\n<meta property=\"og:title\" content=\"Hablemos de... Navidad -\" \/>\n<meta property=\"og:description\" content=\"Un pack para desarrollar la competencia oral en las clases de ELE.  Tema: Navidad\" \/>\n<meta property=\"og:url\" content=\"https:\/\/oleedu.pl\/es\/produkt\/hablemos-de-navidad\/\" \/>\n<meta property=\"article:modified_time\" content=\"2020-12-01T06:42:30+00:00\" \/>\n<meta property=\"og:image\" content=\"https:\/\/oleedu.pl\/wp-content\/uploads\/2020\/11\/moc1.png\" \/>\n\t<meta property=\"og:image:width\" content=\"1625\" \/>\n\t<meta property=\"og:image:height\" content=\"1125\" \/>\n\t<meta property=\"og:image:type\" content=\"image\/png\" \/>\n<meta name=\"twitter:card\" content=\"summary_large_image\" \/>\n<meta name=\"twitter:label1\" content=\"Tiempo de lectura\" \/>\n\t<meta name=\"twitter:data1\" content=\"2 minutos\" \/>\n<script type=\"application\/ld+json\" class=\"yoast-schema-graph\">{\"@context\":\"https:\/\/schema.org\",\"@graph\":[{\"@type\":\"WebPage\",\"@id\":\"https:\/\/oleedu.pl\/es\/produkt\/hablemos-de-navidad\/\",\"url\":\"https:\/\/oleedu.pl\/es\/produkt\/hablemos-de-navidad\/\",\"name\":\"Hablemos de... Navidad -\",\"isPartOf\":{\"@id\":\"https:\/\/oleedu.pl\/#website\"},\"primaryImageOfPage\":{\"@id\":\"https:\/\/oleedu.pl\/es\/produkt\/hablemos-de-navidad\/#primaryimage\"},\"image\":{\"@id\":\"https:\/\/oleedu.pl\/es\/produkt\/hablemos-de-navidad\/#primaryimage\"},\"thumbnailUrl\":\"https:\/\/oleedu.pl\/wp-content\/uploads\/2020\/11\/moc1.png\",\"datePublished\":\"2020-12-01T06:42:29+00:00\",\"dateModified\":\"2020-12-01T06:42:30+00:00\",\"breadcrumb\":{\"@id\":\"https:\/\/oleedu.pl\/es\/produkt\/hablemos-de-navidad\/#breadcrumb\"},\"inLanguage\":\"es\",\"potentialAction\":[{\"@type\":\"ReadAction\",\"target\":[\"https:\/\/oleedu.pl\/es\/produkt\/hablemos-de-navidad\/\"]}]},{\"@type\":\"ImageObject\",\"inLanguage\":\"es\",\"@id\":\"https:\/\/oleedu.pl\/es\/produkt\/hablemos-de-navidad\/#primaryimage\",\"url\":\"https:\/\/oleedu.pl\/wp-content\/uploads\/2020\/11\/moc1.png\",\"contentUrl\":\"https:\/\/oleedu.pl\/wp-content\/uploads\/2020\/11\/moc1.png\",\"width\":1625,\"height\":1125},{\"@type\":\"BreadcrumbList\",\"@id\":\"https:\/\/oleedu.pl\/es\/produkt\/hablemos-de-navidad\/#breadcrumb\",\"itemListElement\":[{\"@type\":\"ListItem\",\"position\":1,\"name\":\"Strona g\u0142\u00f3wna\",\"item\":\"https:\/\/oleedu.pl\/\"},{\"@type\":\"ListItem\",\"position\":2,\"name\":\"Tienda\",\"item\":\"https:\/\/oleedu.pl\/es\/tienda\/\"},{\"@type\":\"ListItem\",\"position\":3,\"name\":\"Hablemos de&#8230; Navidad\"}]},{\"@type\":\"WebSite\",\"@id\":\"https:\/\/oleedu.pl\/#website\",\"url\":\"https:\/\/oleedu.pl\/\",\"name\":\"\",\"description\":\"by Agnieszka Kruszy\u0144ska\",\"potentialAction\":[{\"@type\":\"SearchAction\",\"target\":{\"@type\":\"EntryPoint\",\"urlTemplate\":\"https:\/\/oleedu.pl\/?s={search_term_string}\"},\"query-input\":{\"@type\":\"PropertyValueSpecification\",\"valueRequired\":true,\"valueName\":\"search_term_string\"}}],\"inLanguage\":\"es\"}]}<\/script>\n<!-- \/ Yoast SEO plugin. -->","yoast_head_json":{"title":"Hablemos de... Navidad -","robots":{"index":"index","follow":"follow","max-snippet":"max-snippet:-1","max-image-preview":"max-image-preview:large","max-video-preview":"max-video-preview:-1"},"canonical":"https:\/\/oleedu.pl\/es\/produkt\/hablemos-de-navidad\/","og_locale":"es_ES","og_type":"article","og_title":"Hablemos de... Navidad -","og_description":"Un pack para desarrollar la competencia oral en las clases de ELE.  Tema: Navidad","og_url":"https:\/\/oleedu.pl\/es\/produkt\/hablemos-de-navidad\/","article_modified_time":"2020-12-01T06:42:30+00:00","og_image":[{"width":1625,"height":1125,"url":"https:\/\/oleedu.pl\/wp-content\/uploads\/2020\/11\/moc1.png","type":"image\/png"}],"twitter_card":"summary_large_image","twitter_misc":{"Tiempo de lectura":"2 minutos"},"schema":{"@context":"https:\/\/schema.org","@graph":[{"@type":"WebPage","@id":"https:\/\/oleedu.pl\/es\/produkt\/hablemos-de-navidad\/","url":"https:\/\/oleedu.pl\/es\/produkt\/hablemos-de-navidad\/","name":"Hablemos de... Navidad -","isPartOf":{"@id":"https:\/\/oleedu.pl\/#website"},"primaryImageOfPage":{"@id":"https:\/\/oleedu.pl\/es\/produkt\/hablemos-de-navidad\/#primaryimage"},"image":{"@id":"https:\/\/oleedu.pl\/es\/produkt\/hablemos-de-navidad\/#primaryimage"},"thumbnailUrl":"https:\/\/oleedu.pl\/wp-content\/uploads\/2020\/11\/moc1.png","datePublished":"2020-12-01T06:42:29+00:00","dateModified":"2020-12-01T06:42:30+00:00","breadcrumb":{"@id":"https:\/\/oleedu.pl\/es\/produkt\/hablemos-de-navidad\/#breadcrumb"},"inLanguage":"es","potentialAction":[{"@type":"ReadAction","target":["https:\/\/oleedu.pl\/es\/produkt\/hablemos-de-navidad\/"]}]},{"@type":"ImageObject","inLanguage":"es","@id":"https:\/\/oleedu.pl\/es\/produkt\/hablemos-de-navidad\/#primaryimage","url":"https:\/\/oleedu.pl\/wp-content\/uploads\/2020\/11\/moc1.png","contentUrl":"https:\/\/oleedu.pl\/wp-content\/uploads\/2020\/11\/moc1.png","width":1625,"height":1125},{"@type":"BreadcrumbList","@id":"https:\/\/oleedu.pl\/es\/produkt\/hablemos-de-navidad\/#breadcrumb","itemListElement":[{"@type":"ListItem","position":1,"name":"Strona g\u0142\u00f3wna","item":"https:\/\/oleedu.pl\/"},{"@type":"ListItem","position":2,"name":"Tienda","item":"https:\/\/oleedu.pl\/es\/tienda\/"},{"@type":"ListItem","position":3,"name":"Hablemos de&#8230; Navidad"}]},{"@type":"WebSite","@id":"https:\/\/oleedu.pl\/#website","url":"https:\/\/oleedu.pl\/","name":"","description":"by Agnieszka Kruszy\u0144ska","potentialAction":[{"@type":"SearchAction","target":{"@type":"EntryPoint","urlTemplate":"https:\/\/oleedu.pl\/?s={search_term_string}"},"query-input":{"@type":"PropertyValueSpecification","valueRequired":true,"valueName":"search_term_string"}}],"inLanguage":"es"}]}},"acf":[],"_links":{"self":[{"href":"https:\/\/oleedu.pl\/es\/wp-json\/wp\/v2\/product\/4167","targetHints":{"allow":["GET"]}}],"collection":[{"href":"https:\/\/oleedu.pl\/es\/wp-json\/wp\/v2\/product"}],"about":[{"href":"https:\/\/oleedu.pl\/es\/wp-json\/wp\/v2\/types\/product"}],"wp:featuredmedia":[{"embeddable":true,"href":"https:\/\/oleedu.pl\/es\/wp-json\/wp\/v2\/media\/4171"}],"wp:attachment":[{"href":"https:\/\/oleedu.pl\/es\/wp-json\/wp\/v2\/media?parent=4167"}],"wp:term":[{"taxonomy":"product_brand","embeddable":true,"href":"https:\/\/oleedu.pl\/es\/wp-json\/wp\/v2\/product_brand?post=4167"},{"taxonomy":"product_cat","embeddable":true,"href":"https:\/\/oleedu.pl\/es\/wp-json\/wp\/v2\/product_cat?post=4167"},{"taxonomy":"product_tag","embeddable":true,"href":"https:\/\/oleedu.pl\/es\/wp-json\/wp\/v2\/product_tag?post=4167"}],"curies":[{"name":"wp","href":"https:\/\/api.w.org\/{rel}","templated":true}]}}