{"id":3714,"date":"2021-02-01T00:02:31","date_gmt":"2021-02-01T08:35:31","guid":{"rendered":"https:\/\/oleedu.pl\/?post_type=product&#038;p=3714"},"modified":"2021-02-02T09:21:45","modified_gmt":"2021-02-02T08:21:45","slug":"los-influencers-una-leccion-completa-espanol-pdf","status":"publish","type":"product","link":"https:\/\/oleedu.pl\/es\/produkt\/los-influencers-una-leccion-completa-espanol-pdf\/","title":{"rendered":"Los influencers: una lecci\u00f3n completa (ESPA\u00d1OL PDF)"},"content":{"rendered":"<p><em>Los influencers<\/em> es un pack de materiales para los alumnos de nivel B2. Gracias a las actividades interesantes, los alumnos podr\u00e1n desarrollar varias destrezas tales como la expresi\u00f3n oral y escrita o la comprensi\u00f3n lectora. Los estudiantes aprender\u00e1n\/repasar\u00e1n\/reforzar\u00e1n:<\/p>\n<ul>\n<li>5 palabras: <em>matricularse, ense\u00f1ar, enganchar, compartir, enga\u00f1ar<\/em><\/li>\n<li>5 expresiones: <em>ser pan comido, darse cuenta de, cada dos por tres, cruzar los dedos, contar con alguien<\/em><\/li>\n<li>Expresar la opini\u00f3n con las estructuras: <em>Creo que\/no creo que; me parece\/no me parece\/ pienso que\/no pienso que; yo dir\u00eda que; estoy de acuerdo con\/no estoy de acuerdo con&#8230;<\/em><\/li>\n<\/ul>\n<p>El pack contiene:<\/p>\n<ul>\n<li>Una presentaci\u00f3n para el profesor en formato PDF (+ la versi\u00f3n interactiva para completar en el ordenador).<\/li>\n<li>Un archivo con tres fichas para el alumno (Las fichas contienen las actividades de la presentaci\u00f3n para el profesor y es un material de apoyo para los alumnos que necesitan imprimir sus actividades. Las fichas son una alternativa m\u00e1s econ\u00f3mica a la hora de imprimir.)<\/li>\n<li>Una ficha de repaso (+ versi\u00f3n interactiva para completar en el ordenador) con una hoja de respuestas.<\/li>\n<li>1 x gu\u00eda con ideas para el profesor<\/li>\n<li>1 x test interactivo en la plataforma Genial.ly.<\/li>\n<\/ul>\n<p><img fetchpriority=\"high\" decoding=\"async\" class=\"aligncenter wp-image-3802 size-full\" src=\"https:\/\/oleedu.pl\/wp-content\/uploads\/2020\/06\/mock3-2.png\" alt=\"\" width=\"1623\" height=\"1134\" srcset=\"https:\/\/oleedu.pl\/wp-content\/uploads\/2020\/06\/mock3-2.png 1623w, https:\/\/oleedu.pl\/wp-content\/uploads\/2020\/06\/mock3-2-300x210.png 300w, https:\/\/oleedu.pl\/wp-content\/uploads\/2020\/06\/mock3-2-768x537.png 768w, https:\/\/oleedu.pl\/wp-content\/uploads\/2020\/06\/mock3-2-1024x715.png 1024w, https:\/\/oleedu.pl\/wp-content\/uploads\/2020\/06\/mock3-2-1160x810.png 1160w, https:\/\/oleedu.pl\/wp-content\/uploads\/2020\/06\/mock3-2-600x419.png 600w\" sizes=\"(max-width: 1623px) 100vw, 1623px\" \/> <img decoding=\"async\" class=\"aligncenter wp-image-3804 size-full\" src=\"https:\/\/oleedu.pl\/wp-content\/uploads\/2020\/06\/mock4-2.png\" alt=\"\" width=\"1626\" height=\"1131\" srcset=\"https:\/\/oleedu.pl\/wp-content\/uploads\/2020\/06\/mock4-2.png 1626w, https:\/\/oleedu.pl\/wp-content\/uploads\/2020\/06\/mock4-2-300x209.png 300w, https:\/\/oleedu.pl\/wp-content\/uploads\/2020\/06\/mock4-2-768x534.png 768w, https:\/\/oleedu.pl\/wp-content\/uploads\/2020\/06\/mock4-2-1024x712.png 1024w, https:\/\/oleedu.pl\/wp-content\/uploads\/2020\/06\/mock4-2-1160x807.png 1160w, https:\/\/oleedu.pl\/wp-content\/uploads\/2020\/06\/mock4-2-600x417.png 600w\" sizes=\"(max-width: 1626px) 100vw, 1626px\" \/><\/p>\n<hr \/>\n<p><strong>\u00bfC\u00f3mo realizar la compra?<\/strong><\/p>\n<ol>\n<li>A\u00f1ade productos al carrito.<\/li>\n<li>Resume tu compra.<\/li>\n<li>Completa el formulario y elige el m\u00e9todo de pago.<\/li>\n<li>Realiza tu pedido. (La opci\u00f3n \u201eprzelew bankowy\u201d es\u00a0\u00a0<strong>la transferencia bancaria\u00a0<\/strong>y\u00a0puede durar m\u00e1s tiempo. Si quieres recibir tus materiales m\u00e1s r\u00e1pido, manda\u00a0<strong>un comprobante de pago\u00a0<\/strong>a\u00a0<strong>hola@oleedu.pl<\/strong>).<\/li>\n<li>Si quieres pagar\u00a0<strong>con tarjeta de cr\u00e9dito<\/strong>, utiliza la opci\u00f3n\u00a0<strong>Paypal o pagos seguros<\/strong>. En la p\u00e1gina PayPal, debajo del formulario para iniciar la sesi\u00f3n, encontrar\u00e1s la posibilidad de pagar con tarjeta de cr\u00e9dito sin cuenta de PayPal.<\/li>\n<li>Revisa tu correo electr\u00f3nico o descarga el material directamente de la p\u00e1gina. (El material lo recibes despu\u00e9s de registrar la cuota adecuada en mi cuenta bancaria).<\/li>\n<li>Si no recibes tu pedido en 24h, m\u00e1ndame un email\u00a0<strong>hola@oleedu.pl\u00a0<\/strong>y te ayudar\u00e9 con mucho gusto.<\/li>\n<li>\u00a1Descarga el material y disfruta!\u00a0<strong>Aseg\u00farate de haber descargado el material y haberlo guardado en tu ordenador.<\/strong><\/li>\n<\/ol>\n<p><strong>Vis\u00edtanos en\u00a0<a href=\"https:\/\/www.facebook.com\/OleKreatywnaEdukacja\/?eid=ARDLH3rQNKscfTqLqhsVBfGYjZFdXDtQ78-POgN0BvugfpgBAOCIIFlSI4ec6BsbX5kJamDfz3qHAoyx\">Facebook<\/a><\/strong><\/p>\n<p><strong>Vis\u00edtanos en\u00a0<a href=\"https:\/\/www.instagram.com\/ole_edu\/\">Instagram<\/a><\/strong><\/p>\n","protected":false},"excerpt":{"rendered":"<p>Los influencers es un pack de materiales para los alumnos de nivel B2. Gracias a las actividades interesantes, los alumnos podr\u00e1n desarrollar varias destrezas tales como la expresi\u00f3n oral y escrita o la comprensi\u00f3n lectora. Los estudiantes aprender\u00e1n\/repasar\u00e1n\/reforzar\u00e1n: 5 palabras: matricularse, ense\u00f1ar, enganchar, compartir, enga\u00f1ar 5 expresiones: ser pan comido, darse cuenta de, cada dos por tres, cruzar los dedos, contar con alguien Expresar la opini\u00f3n con las estructuras: Creo que\/no creo que; me parece\/no me parece\/ pienso que\/no pienso que; yo dir\u00eda que; estoy de acuerdo con\/no estoy de acuerdo con&#8230; El pack contiene: Una presentaci\u00f3n para el profesor en formato PDF (+ la versi\u00f3n interactiva para completar en el ordenador). Un archivo con tres fichas para el alumno (Las fichas contienen las actividades de la presentaci\u00f3n para el profesor y es un material de apoyo para los alumnos que necesitan imprimir sus actividades. Las fichas son una alternativa m\u00e1s econ\u00f3mica a la hora de imprimir.) Una ficha de repaso (+ versi\u00f3n interactiva para completar en el ordenador) con una hoja de respuestas. 1 x gu\u00eda con ideas para el profesor 1 x test interactivo en la plataforma Genial.ly. \u00bfC\u00f3mo realizar la compra? A\u00f1ade productos al carrito. Resume tu compra. Completa el formulario y elige el m\u00e9todo de pago. Realiza tu pedido. (La opci\u00f3n \u201eprzelew bankowy\u201d es\u00a0\u00a0la transferencia bancaria\u00a0y\u00a0puede durar m\u00e1s tiempo. Si quieres recibir tus materiales m\u00e1s r\u00e1pido, manda\u00a0un comprobante de pago\u00a0a\u00a0hola@oleedu.pl). Si quieres pagar\u00a0con tarjeta de cr\u00e9dito, utiliza la opci\u00f3n\u00a0Paypal o pagos seguros. En la p\u00e1gina PayPal, debajo del formulario para iniciar la sesi\u00f3n, encontrar\u00e1s la posibilidad de pagar con tarjeta de cr\u00e9dito sin cuenta de PayPal. Revisa tu correo electr\u00f3nico o descarga el material directamente de la p\u00e1gina. (El material lo recibes despu\u00e9s de registrar la cuota adecuada en mi cuenta bancaria). Si no recibes tu pedido en 24h, m\u00e1ndame un email\u00a0hola@oleedu.pl\u00a0y te ayudar\u00e9 con mucho gusto. \u00a1Descarga el material y disfruta!\u00a0Aseg\u00farate de haber descargado el material y haberlo guardado en tu ordenador. Vis\u00edtanos en\u00a0Facebook Vis\u00edtanos en\u00a0Instagram<\/p>\n","protected":false},"featured_media":3802,"template":"","meta":[],"product_brand":[],"product_cat":[95],"product_tag":[],"class_list":{"0":"post-3714","1":"product","2":"type-product","3":"status-publish","4":"has-post-thumbnail","6":"product_cat-sin-categoria","8":"first","9":"instock","10":"downloadable","11":"virtual","12":"purchasable","13":"product-type-simple"},"yoast_head":"<!-- This site is optimized with the Yoast SEO plugin v26.8 - https:\/\/yoast.com\/product\/yoast-seo-wordpress\/ -->\n<title>Los influencers: una lecci\u00f3n completa (ESPA\u00d1OL PDF) -<\/title>\n<meta name=\"robots\" content=\"index, follow, max-snippet:-1, max-image-preview:large, max-video-preview:-1\" \/>\n<link rel=\"canonical\" href=\"https:\/\/oleedu.pl\/es\/produkt\/los-influencers-una-leccion-completa-espanol-pdf\/\" \/>\n<meta property=\"og:locale\" content=\"es_ES\" \/>\n<meta property=\"og:type\" content=\"article\" \/>\n<meta property=\"og:title\" content=\"Los influencers: una lecci\u00f3n completa (ESPA\u00d1OL PDF) -\" \/>\n<meta property=\"og:description\" content=\"Los influencers es un pack de materiales para los alumnos de nivel B2. Gracias a las actividades interesantes, los alumnos podr\u00e1n desarrollar varias destrezas tales como la expresi\u00f3n oral y escrita o la comprensi\u00f3n lectora. Los estudiantes aprender\u00e1n\/repasar\u00e1n\/reforzar\u00e1n: 5 palabras: matricularse, ense\u00f1ar, enganchar, compartir, enga\u00f1ar 5 expresiones: ser pan comido, darse cuenta de, cada dos por tres, cruzar los dedos, contar con alguien Expresar la opini\u00f3n con las estructuras: Creo que\/no creo que; me parece\/no me parece\/ pienso que\/no pienso que; yo dir\u00eda que; estoy de acuerdo con\/no estoy de acuerdo con&#8230; El pack contiene: Una presentaci\u00f3n para el profesor en formato PDF (+ la versi\u00f3n interactiva para completar en el ordenador). Un archivo con tres fichas para el alumno (Las fichas contienen las actividades de la presentaci\u00f3n para el profesor y es un material de apoyo para los alumnos que necesitan imprimir sus actividades. Las fichas son una alternativa m\u00e1s econ\u00f3mica a la hora de imprimir.) Una ficha de repaso (+ versi\u00f3n interactiva para completar en el ordenador) con una hoja de respuestas. 1 x gu\u00eda con ideas para el profesor 1 x test interactivo en la plataforma Genial.ly. \u00bfC\u00f3mo realizar la compra? A\u00f1ade productos al carrito. Resume tu compra. Completa el formulario y elige el m\u00e9todo de pago. Realiza tu pedido. (La opci\u00f3n \u201eprzelew bankowy\u201d es\u00a0\u00a0la transferencia bancaria\u00a0y\u00a0puede durar m\u00e1s tiempo. Si quieres recibir tus materiales m\u00e1s r\u00e1pido, manda\u00a0un comprobante de pago\u00a0a\u00a0hola@oleedu.pl). Si quieres pagar\u00a0con tarjeta de cr\u00e9dito, utiliza la opci\u00f3n\u00a0Paypal o pagos seguros. En la p\u00e1gina PayPal, debajo del formulario para iniciar la sesi\u00f3n, encontrar\u00e1s la posibilidad de pagar con tarjeta de cr\u00e9dito sin cuenta de PayPal. Revisa tu correo electr\u00f3nico o descarga el material directamente de la p\u00e1gina. (El material lo recibes despu\u00e9s de registrar la cuota adecuada en mi cuenta bancaria). Si no recibes tu pedido en 24h, m\u00e1ndame un email\u00a0hola@oleedu.pl\u00a0y te ayudar\u00e9 con mucho gusto. \u00a1Descarga el material y disfruta!\u00a0Aseg\u00farate de haber descargado el material y haberlo guardado en tu ordenador. Vis\u00edtanos en\u00a0Facebook Vis\u00edtanos en\u00a0Instagram\" \/>\n<meta property=\"og:url\" content=\"https:\/\/oleedu.pl\/es\/produkt\/los-influencers-una-leccion-completa-espanol-pdf\/\" \/>\n<meta property=\"article:modified_time\" content=\"2021-02-02T08:21:45+00:00\" \/>\n<meta property=\"og:image\" content=\"https:\/\/oleedu.pl\/wp-content\/uploads\/2020\/06\/mock3-2.png\" \/>\n\t<meta property=\"og:image:width\" content=\"1623\" \/>\n\t<meta property=\"og:image:height\" content=\"1134\" \/>\n\t<meta property=\"og:image:type\" content=\"image\/png\" \/>\n<meta name=\"twitter:card\" content=\"summary_large_image\" \/>\n<meta name=\"twitter:label1\" content=\"Tiempo de lectura\" \/>\n\t<meta name=\"twitter:data1\" content=\"2 minutos\" \/>\n<script type=\"application\/ld+json\" class=\"yoast-schema-graph\">{\"@context\":\"https:\/\/schema.org\",\"@graph\":[{\"@type\":\"WebPage\",\"@id\":\"https:\/\/oleedu.pl\/es\/produkt\/los-influencers-una-leccion-completa-espanol-pdf\/\",\"url\":\"https:\/\/oleedu.pl\/es\/produkt\/los-influencers-una-leccion-completa-espanol-pdf\/\",\"name\":\"Los influencers: una lecci\u00f3n completa (ESPA\u00d1OL PDF) -\",\"isPartOf\":{\"@id\":\"https:\/\/oleedu.pl\/#website\"},\"primaryImageOfPage\":{\"@id\":\"https:\/\/oleedu.pl\/es\/produkt\/los-influencers-una-leccion-completa-espanol-pdf\/#primaryimage\"},\"image\":{\"@id\":\"https:\/\/oleedu.pl\/es\/produkt\/los-influencers-una-leccion-completa-espanol-pdf\/#primaryimage\"},\"thumbnailUrl\":\"https:\/\/oleedu.pl\/wp-content\/uploads\/2020\/06\/mock3-2.png\",\"datePublished\":\"2021-02-01T08:35:31+00:00\",\"dateModified\":\"2021-02-02T08:21:45+00:00\",\"breadcrumb\":{\"@id\":\"https:\/\/oleedu.pl\/es\/produkt\/los-influencers-una-leccion-completa-espanol-pdf\/#breadcrumb\"},\"inLanguage\":\"es\",\"potentialAction\":[{\"@type\":\"ReadAction\",\"target\":[\"https:\/\/oleedu.pl\/es\/produkt\/los-influencers-una-leccion-completa-espanol-pdf\/\"]}]},{\"@type\":\"ImageObject\",\"inLanguage\":\"es\",\"@id\":\"https:\/\/oleedu.pl\/es\/produkt\/los-influencers-una-leccion-completa-espanol-pdf\/#primaryimage\",\"url\":\"https:\/\/oleedu.pl\/wp-content\/uploads\/2020\/06\/mock3-2.png\",\"contentUrl\":\"https:\/\/oleedu.pl\/wp-content\/uploads\/2020\/06\/mock3-2.png\",\"width\":1623,\"height\":1134},{\"@type\":\"BreadcrumbList\",\"@id\":\"https:\/\/oleedu.pl\/es\/produkt\/los-influencers-una-leccion-completa-espanol-pdf\/#breadcrumb\",\"itemListElement\":[{\"@type\":\"ListItem\",\"position\":1,\"name\":\"Strona g\u0142\u00f3wna\",\"item\":\"https:\/\/oleedu.pl\/\"},{\"@type\":\"ListItem\",\"position\":2,\"name\":\"Tienda\",\"item\":\"https:\/\/oleedu.pl\/es\/tienda\/\"},{\"@type\":\"ListItem\",\"position\":3,\"name\":\"Los influencers: una lecci\u00f3n completa (ESPA\u00d1OL PDF)\"}]},{\"@type\":\"WebSite\",\"@id\":\"https:\/\/oleedu.pl\/#website\",\"url\":\"https:\/\/oleedu.pl\/\",\"name\":\"\",\"description\":\"by Agnieszka Kruszy\u0144ska\",\"potentialAction\":[{\"@type\":\"SearchAction\",\"target\":{\"@type\":\"EntryPoint\",\"urlTemplate\":\"https:\/\/oleedu.pl\/?s={search_term_string}\"},\"query-input\":{\"@type\":\"PropertyValueSpecification\",\"valueRequired\":true,\"valueName\":\"search_term_string\"}}],\"inLanguage\":\"es\"}]}<\/script>\n<!-- \/ Yoast SEO plugin. -->","yoast_head_json":{"title":"Los influencers: una lecci\u00f3n completa (ESPA\u00d1OL PDF) -","robots":{"index":"index","follow":"follow","max-snippet":"max-snippet:-1","max-image-preview":"max-image-preview:large","max-video-preview":"max-video-preview:-1"},"canonical":"https:\/\/oleedu.pl\/es\/produkt\/los-influencers-una-leccion-completa-espanol-pdf\/","og_locale":"es_ES","og_type":"article","og_title":"Los influencers: una lecci\u00f3n completa (ESPA\u00d1OL PDF) -","og_description":"Los influencers es un pack de materiales para los alumnos de nivel B2. Gracias a las actividades interesantes, los alumnos podr\u00e1n desarrollar varias destrezas tales como la expresi\u00f3n oral y escrita o la comprensi\u00f3n lectora. Los estudiantes aprender\u00e1n\/repasar\u00e1n\/reforzar\u00e1n: 5 palabras: matricularse, ense\u00f1ar, enganchar, compartir, enga\u00f1ar 5 expresiones: ser pan comido, darse cuenta de, cada dos por tres, cruzar los dedos, contar con alguien Expresar la opini\u00f3n con las estructuras: Creo que\/no creo que; me parece\/no me parece\/ pienso que\/no pienso que; yo dir\u00eda que; estoy de acuerdo con\/no estoy de acuerdo con&#8230; El pack contiene: Una presentaci\u00f3n para el profesor en formato PDF (+ la versi\u00f3n interactiva para completar en el ordenador). Un archivo con tres fichas para el alumno (Las fichas contienen las actividades de la presentaci\u00f3n para el profesor y es un material de apoyo para los alumnos que necesitan imprimir sus actividades. Las fichas son una alternativa m\u00e1s econ\u00f3mica a la hora de imprimir.) Una ficha de repaso (+ versi\u00f3n interactiva para completar en el ordenador) con una hoja de respuestas. 1 x gu\u00eda con ideas para el profesor 1 x test interactivo en la plataforma Genial.ly. \u00bfC\u00f3mo realizar la compra? A\u00f1ade productos al carrito. Resume tu compra. Completa el formulario y elige el m\u00e9todo de pago. Realiza tu pedido. (La opci\u00f3n \u201eprzelew bankowy\u201d es\u00a0\u00a0la transferencia bancaria\u00a0y\u00a0puede durar m\u00e1s tiempo. Si quieres recibir tus materiales m\u00e1s r\u00e1pido, manda\u00a0un comprobante de pago\u00a0a\u00a0hola@oleedu.pl). Si quieres pagar\u00a0con tarjeta de cr\u00e9dito, utiliza la opci\u00f3n\u00a0Paypal o pagos seguros. En la p\u00e1gina PayPal, debajo del formulario para iniciar la sesi\u00f3n, encontrar\u00e1s la posibilidad de pagar con tarjeta de cr\u00e9dito sin cuenta de PayPal. Revisa tu correo electr\u00f3nico o descarga el material directamente de la p\u00e1gina. (El material lo recibes despu\u00e9s de registrar la cuota adecuada en mi cuenta bancaria). Si no recibes tu pedido en 24h, m\u00e1ndame un email\u00a0hola@oleedu.pl\u00a0y te ayudar\u00e9 con mucho gusto. \u00a1Descarga el material y disfruta!\u00a0Aseg\u00farate de haber descargado el material y haberlo guardado en tu ordenador. Vis\u00edtanos en\u00a0Facebook Vis\u00edtanos en\u00a0Instagram","og_url":"https:\/\/oleedu.pl\/es\/produkt\/los-influencers-una-leccion-completa-espanol-pdf\/","article_modified_time":"2021-02-02T08:21:45+00:00","og_image":[{"width":1623,"height":1134,"url":"https:\/\/oleedu.pl\/wp-content\/uploads\/2020\/06\/mock3-2.png","type":"image\/png"}],"twitter_card":"summary_large_image","twitter_misc":{"Tiempo de lectura":"2 minutos"},"schema":{"@context":"https:\/\/schema.org","@graph":[{"@type":"WebPage","@id":"https:\/\/oleedu.pl\/es\/produkt\/los-influencers-una-leccion-completa-espanol-pdf\/","url":"https:\/\/oleedu.pl\/es\/produkt\/los-influencers-una-leccion-completa-espanol-pdf\/","name":"Los influencers: una lecci\u00f3n completa (ESPA\u00d1OL PDF) -","isPartOf":{"@id":"https:\/\/oleedu.pl\/#website"},"primaryImageOfPage":{"@id":"https:\/\/oleedu.pl\/es\/produkt\/los-influencers-una-leccion-completa-espanol-pdf\/#primaryimage"},"image":{"@id":"https:\/\/oleedu.pl\/es\/produkt\/los-influencers-una-leccion-completa-espanol-pdf\/#primaryimage"},"thumbnailUrl":"https:\/\/oleedu.pl\/wp-content\/uploads\/2020\/06\/mock3-2.png","datePublished":"2021-02-01T08:35:31+00:00","dateModified":"2021-02-02T08:21:45+00:00","breadcrumb":{"@id":"https:\/\/oleedu.pl\/es\/produkt\/los-influencers-una-leccion-completa-espanol-pdf\/#breadcrumb"},"inLanguage":"es","potentialAction":[{"@type":"ReadAction","target":["https:\/\/oleedu.pl\/es\/produkt\/los-influencers-una-leccion-completa-espanol-pdf\/"]}]},{"@type":"ImageObject","inLanguage":"es","@id":"https:\/\/oleedu.pl\/es\/produkt\/los-influencers-una-leccion-completa-espanol-pdf\/#primaryimage","url":"https:\/\/oleedu.pl\/wp-content\/uploads\/2020\/06\/mock3-2.png","contentUrl":"https:\/\/oleedu.pl\/wp-content\/uploads\/2020\/06\/mock3-2.png","width":1623,"height":1134},{"@type":"BreadcrumbList","@id":"https:\/\/oleedu.pl\/es\/produkt\/los-influencers-una-leccion-completa-espanol-pdf\/#breadcrumb","itemListElement":[{"@type":"ListItem","position":1,"name":"Strona g\u0142\u00f3wna","item":"https:\/\/oleedu.pl\/"},{"@type":"ListItem","position":2,"name":"Tienda","item":"https:\/\/oleedu.pl\/es\/tienda\/"},{"@type":"ListItem","position":3,"name":"Los influencers: una lecci\u00f3n completa (ESPA\u00d1OL PDF)"}]},{"@type":"WebSite","@id":"https:\/\/oleedu.pl\/#website","url":"https:\/\/oleedu.pl\/","name":"","description":"by Agnieszka Kruszy\u0144ska","potentialAction":[{"@type":"SearchAction","target":{"@type":"EntryPoint","urlTemplate":"https:\/\/oleedu.pl\/?s={search_term_string}"},"query-input":{"@type":"PropertyValueSpecification","valueRequired":true,"valueName":"search_term_string"}}],"inLanguage":"es"}]}},"acf":[],"_links":{"self":[{"href":"https:\/\/oleedu.pl\/es\/wp-json\/wp\/v2\/product\/3714","targetHints":{"allow":["GET"]}}],"collection":[{"href":"https:\/\/oleedu.pl\/es\/wp-json\/wp\/v2\/product"}],"about":[{"href":"https:\/\/oleedu.pl\/es\/wp-json\/wp\/v2\/types\/product"}],"wp:featuredmedia":[{"embeddable":true,"href":"https:\/\/oleedu.pl\/es\/wp-json\/wp\/v2\/media\/3802"}],"wp:attachment":[{"href":"https:\/\/oleedu.pl\/es\/wp-json\/wp\/v2\/media?parent=3714"}],"wp:term":[{"taxonomy":"product_brand","embeddable":true,"href":"https:\/\/oleedu.pl\/es\/wp-json\/wp\/v2\/product_brand?post=3714"},{"taxonomy":"product_cat","embeddable":true,"href":"https:\/\/oleedu.pl\/es\/wp-json\/wp\/v2\/product_cat?post=3714"},{"taxonomy":"product_tag","embeddable":true,"href":"https:\/\/oleedu.pl\/es\/wp-json\/wp\/v2\/product_tag?post=3714"}],"curies":[{"name":"wp","href":"https:\/\/api.w.org\/{rel}","templated":true}]}}