{"id":2846,"date":"2019-10-15T23:08:08","date_gmt":"2019-10-15T21:07:43","guid":{"rendered":"https:\/\/oleedu.pl\/?post_type=product&#038;p=2846"},"modified":"2019-10-15T23:10:48","modified_gmt":"2019-10-15T21:10:48","slug":"mega-pack-otonal-espanol-pdf","status":"publish","type":"product","link":"https:\/\/oleedu.pl\/es\/produkt\/mega-pack-otonal-espanol-pdf\/","title":{"rendered":"MEGA PACK OTO\u00d1AL ACTIVIDADES EN ESPA\u00d1OL PDF"},"content":{"rendered":"<p><span style=\"color: #800000;\"><strong>MEGA PACK OTO\u00d1AL ESPA\u00d1OL PDF<\/strong><\/span><\/p>\n<p><strong>Consta de 3 materiales oto\u00f1ales disponibles en la tienda: <\/strong><\/p>\n<ul>\n<li><strong>\u00a1Bienvenido, oto\u00f1o! \u2013 JUEGO DE MESA ESPA\u00d1OL PDF<\/strong><\/li>\n<li><strong>\u00a1UN OTO\u00d1O GRACIOSO\u00a1 JUEGO DE MOVIMIENTO ESPA\u00d1OL PDF<\/strong><\/li>\n<li><strong>\u00a1UN OTO\u00d1O GRACIOSO\u00a1 HOJAS DE TRABAJO ESPA\u00d1OL PDF<\/strong><\/li>\n<\/ul>\n<p><em><span style=\"color: #800000;\"><strong>\u00a1Bienvenido, oto\u00f1o!JUEGO DE MESA ESPA\u00d1OL PDF<\/strong><\/span><\/em><\/p>\n<p><strong>, <\/strong>es un juego gracias al que tus alumnos podr\u00e1n repasar el vocabulario\u00a0 de oto\u00f1o, practicar la expesi\u00f3n oral simple, argumentar sus respuestas, describir y comparar los objetos de las cartas. trabajar en grupo.<\/p>\n<p><span style=\"color: #800000;\"><strong>El juego contiene:<\/strong><\/span><\/p>\n<p>2 tableros (un tablero adornado y un tablero m\u00e1s econ\u00f3mico a la hora de imprimirlo)<\/p>\n<p>2 barajas x 18 cartas (La baraja 1 es m\u00e1s f\u00e1cil, contiene el vocabulario y las expesiones para utilizar en el juego. La baraja 2 es igual, pero sin pistas para los alumnos. Es una herramienta ideal para comprobar el progreso de los alumnos en la clase siguiente.)<\/p>\n<p><em><span style=\"color: #800000;\"><strong>\u00a1UN OTO\u00d1O GRACIOSO\u00a1 HOJAS DE TRABAJO\u00a0ESPA\u00d1OL PDF<\/strong><\/span><\/em><\/p>\n<p><span style=\"color: #800000;\"><strong>Un oto\u00f1o gracioso<\/strong><\/span> es un juego muy divertido que les ayuda a los alumnos a aprender el vocabulario oto\u00f1al en espa\u00f1ol y los verbos en Imperativo a trav\u00e9s de una actividad de movimiento.<\/p>\n<p><span style=\"color: #800000;\"><strong>El material contiene:<\/strong><\/span><\/p>\n<ul>\n<li>1 x ficha de vocabulario<\/li>\n<li>30 x tarjetas con verbos y dibujos<\/li>\n<li>30 x tarjetas con dibujos (sin verbos)<\/li>\n<\/ul>\n<p><span style=\"color: #800000;\"><strong>\u00bfC\u00f3mo utilizarlo?<\/strong><\/span><\/p>\n<p>Los alumnos cogen una carta, la leen y su tarea es ense\u00f1ar con gestos o con la m\u00edmica lo que representa cada tarjeta, por ej. <em>salta como una ardilla<\/em>. Luego, para practicar la versi\u00f3n m\u00e1s avanzada, los alumnos cogen una carta del mont\u00f3n, la completan con uno de los verbos previamente aprendidos y una palabra adecuada (pueden usar otros verbos de los que aparecen en las tarjetas originales y jugar de manera m\u00e1s creativa y divertida). Si los alumnos no conocen el vocabulario oto\u00f1al, pueden consultar la ficha de vocabulario que el profesor coloca en un lugar visible en el aula o en la pantalla.<\/p>\n<p><em><span style=\"color: #800000;\"><strong>\u00a1UN OTO\u00d1O GRACIOSO\u00a1 HOJAS DE TRABAJO ESPA\u00d1OL PDF<\/strong><\/span><\/em><\/p>\n<p><span style=\"color: #800000;\"><strong>Un oto\u00f1o gracioso HOJAS DE TRABAJO <\/strong><span style=\"color: #000000;\">es un material <\/span><\/span>para ni\u00f1os preparado para practicar el vocabulario oto\u00f1al, el n\u00famero y el g\u00e9nero, el verbo gustar, los verbos haber\/ser\/necesitar y los pronombres del objeto directo.<\/p>\n<p><span style=\"color: #800000;\"><strong>El material contiene:<\/strong><\/span><\/p>\n<ul>\n<li>2 x fichas para colorear y dibujar (botas y paraguas)<\/li>\n<li>1 x ficha para practicar el verbo gustar<\/li>\n<li>1 x ficha-juego \u00bfQu\u00e9 necesitan&#8230;?<\/li>\n<li>1 x juego \u00a1Cu\u00e1ntas cosas! (tablero + hoja de trabajo)<\/li>\n<\/ul>\n<hr \/>\n<h3><span style=\"color: #800000;\"><strong>\u00bfC\u00f3mo realizar la compra?<\/strong><\/span><\/h3>\n<ol>\n<li>A\u00f1ade productos al carrito.<\/li>\n<li>Resume tu compra.<\/li>\n<li>Completa el formulario (como mi negocio es legal, es necesario que pongas tu direcci\u00f3n porque solamente as\u00ed podr\u00e9 pagar el impuesto adecuado en tu lugar de residencia) y elige el m\u00e9todo de pago.<\/li>\n<li>Realiza tu pedido. (La opci\u00f3n \u201eprzelew bankowy\u201d es\u00a0\u00a0<strong>la transferencia bancaria\u00a0<\/strong>y\u00a0puede durar m\u00e1s tiempo. Si quieres recibir tus materiales m\u00e1s r\u00e1pido, manda\u00a0<strong>un comprobante de pago\u00a0<\/strong>a\u00a0<strong>hola@gmail.com<\/strong>).<\/li>\n<li>Revisa tu correo electr\u00f3nico o descarga el material directamente de la p\u00e1gina. (El material lo recibes despu\u00e9s de registrar la cuota adecuada en mi cuenta bancaria).<\/li>\n<li>Si no recibes tu pedido en 24h, m\u00e1ndame un email\u00a0<strong>hola@oleedu.pl\u00a0<\/strong>y te ayudar\u00e9 con mucho gusto.<\/li>\n<li>\u00a1Descarga el material y disfruta!\u00a0<strong>Aseg\u00farate de haber descargado el material y haberlo guardado en tu ordenador.<\/strong><\/li>\n<\/ol>\n","protected":false},"excerpt":{"rendered":"<p><strong>Mega pack de materiales oto\u00f1ales para ni\u00f1os para tus clases de espa\u00f1ol.<\/strong><\/p>\n","protected":false},"featured_media":2872,"template":"","meta":[],"product_brand":[],"product_cat":[95],"product_tag":[],"class_list":{"0":"post-2846","1":"product","2":"type-product","3":"status-publish","4":"has-post-thumbnail","6":"product_cat-sin-categoria","8":"first","9":"instock","10":"downloadable","11":"virtual","12":"purchasable","13":"product-type-simple"},"yoast_head":"<!-- This site is optimized with the Yoast SEO plugin v26.8 - https:\/\/yoast.com\/product\/yoast-seo-wordpress\/ -->\n<title>MEGA PACK OTO\u00d1AL ACTIVIDADES EN ESPA\u00d1OL PDF -<\/title>\n<meta name=\"robots\" content=\"index, follow, max-snippet:-1, max-image-preview:large, max-video-preview:-1\" \/>\n<link rel=\"canonical\" href=\"https:\/\/oleedu.pl\/es\/produkt\/mega-pack-otonal-espanol-pdf\/\" \/>\n<meta property=\"og:locale\" content=\"es_ES\" \/>\n<meta property=\"og:type\" content=\"article\" \/>\n<meta property=\"og:title\" content=\"MEGA PACK OTO\u00d1AL ACTIVIDADES EN ESPA\u00d1OL PDF -\" \/>\n<meta property=\"og:description\" content=\"Mega pack de materiales oto\u00f1ales para ni\u00f1os para tus clases de espa\u00f1ol.\" \/>\n<meta property=\"og:url\" content=\"https:\/\/oleedu.pl\/es\/produkt\/mega-pack-otonal-espanol-pdf\/\" \/>\n<meta property=\"article:modified_time\" content=\"2019-10-15T21:10:48+00:00\" \/>\n<meta property=\"og:image\" content=\"https:\/\/oleedu.pl\/wp-content\/uploads\/2019\/10\/Obraz1.jpg\" \/>\n\t<meta property=\"og:image:width\" content=\"1508\" \/>\n\t<meta property=\"og:image:height\" content=\"1005\" \/>\n\t<meta property=\"og:image:type\" content=\"image\/jpeg\" \/>\n<meta name=\"twitter:card\" content=\"summary_large_image\" \/>\n<meta name=\"twitter:label1\" content=\"Tiempo de lectura\" \/>\n\t<meta name=\"twitter:data1\" content=\"3 minutos\" \/>\n<script type=\"application\/ld+json\" class=\"yoast-schema-graph\">{\"@context\":\"https:\/\/schema.org\",\"@graph\":[{\"@type\":\"WebPage\",\"@id\":\"https:\/\/oleedu.pl\/es\/produkt\/mega-pack-otonal-espanol-pdf\/\",\"url\":\"https:\/\/oleedu.pl\/es\/produkt\/mega-pack-otonal-espanol-pdf\/\",\"name\":\"MEGA PACK OTO\u00d1AL ACTIVIDADES EN ESPA\u00d1OL PDF -\",\"isPartOf\":{\"@id\":\"https:\/\/oleedu.pl\/#website\"},\"primaryImageOfPage\":{\"@id\":\"https:\/\/oleedu.pl\/es\/produkt\/mega-pack-otonal-espanol-pdf\/#primaryimage\"},\"image\":{\"@id\":\"https:\/\/oleedu.pl\/es\/produkt\/mega-pack-otonal-espanol-pdf\/#primaryimage\"},\"thumbnailUrl\":\"https:\/\/oleedu.pl\/wp-content\/uploads\/2019\/10\/Obraz1.jpg\",\"datePublished\":\"2019-10-15T21:07:43+00:00\",\"dateModified\":\"2019-10-15T21:10:48+00:00\",\"breadcrumb\":{\"@id\":\"https:\/\/oleedu.pl\/es\/produkt\/mega-pack-otonal-espanol-pdf\/#breadcrumb\"},\"inLanguage\":\"es\",\"potentialAction\":[{\"@type\":\"ReadAction\",\"target\":[\"https:\/\/oleedu.pl\/es\/produkt\/mega-pack-otonal-espanol-pdf\/\"]}]},{\"@type\":\"ImageObject\",\"inLanguage\":\"es\",\"@id\":\"https:\/\/oleedu.pl\/es\/produkt\/mega-pack-otonal-espanol-pdf\/#primaryimage\",\"url\":\"https:\/\/oleedu.pl\/wp-content\/uploads\/2019\/10\/Obraz1.jpg\",\"contentUrl\":\"https:\/\/oleedu.pl\/wp-content\/uploads\/2019\/10\/Obraz1.jpg\",\"width\":1508,\"height\":1005},{\"@type\":\"BreadcrumbList\",\"@id\":\"https:\/\/oleedu.pl\/es\/produkt\/mega-pack-otonal-espanol-pdf\/#breadcrumb\",\"itemListElement\":[{\"@type\":\"ListItem\",\"position\":1,\"name\":\"Strona g\u0142\u00f3wna\",\"item\":\"https:\/\/oleedu.pl\/\"},{\"@type\":\"ListItem\",\"position\":2,\"name\":\"Tienda\",\"item\":\"https:\/\/oleedu.pl\/es\/tienda\/\"},{\"@type\":\"ListItem\",\"position\":3,\"name\":\"MEGA PACK OTO\u00d1AL ACTIVIDADES EN ESPA\u00d1OL PDF\"}]},{\"@type\":\"WebSite\",\"@id\":\"https:\/\/oleedu.pl\/#website\",\"url\":\"https:\/\/oleedu.pl\/\",\"name\":\"\",\"description\":\"by Agnieszka Kruszy\u0144ska\",\"potentialAction\":[{\"@type\":\"SearchAction\",\"target\":{\"@type\":\"EntryPoint\",\"urlTemplate\":\"https:\/\/oleedu.pl\/?s={search_term_string}\"},\"query-input\":{\"@type\":\"PropertyValueSpecification\",\"valueRequired\":true,\"valueName\":\"search_term_string\"}}],\"inLanguage\":\"es\"}]}<\/script>\n<!-- \/ Yoast SEO plugin. -->","yoast_head_json":{"title":"MEGA PACK OTO\u00d1AL ACTIVIDADES EN ESPA\u00d1OL PDF -","robots":{"index":"index","follow":"follow","max-snippet":"max-snippet:-1","max-image-preview":"max-image-preview:large","max-video-preview":"max-video-preview:-1"},"canonical":"https:\/\/oleedu.pl\/es\/produkt\/mega-pack-otonal-espanol-pdf\/","og_locale":"es_ES","og_type":"article","og_title":"MEGA PACK OTO\u00d1AL ACTIVIDADES EN ESPA\u00d1OL PDF -","og_description":"Mega pack de materiales oto\u00f1ales para ni\u00f1os para tus clases de espa\u00f1ol.","og_url":"https:\/\/oleedu.pl\/es\/produkt\/mega-pack-otonal-espanol-pdf\/","article_modified_time":"2019-10-15T21:10:48+00:00","og_image":[{"width":1508,"height":1005,"url":"https:\/\/oleedu.pl\/wp-content\/uploads\/2019\/10\/Obraz1.jpg","type":"image\/jpeg"}],"twitter_card":"summary_large_image","twitter_misc":{"Tiempo de lectura":"3 minutos"},"schema":{"@context":"https:\/\/schema.org","@graph":[{"@type":"WebPage","@id":"https:\/\/oleedu.pl\/es\/produkt\/mega-pack-otonal-espanol-pdf\/","url":"https:\/\/oleedu.pl\/es\/produkt\/mega-pack-otonal-espanol-pdf\/","name":"MEGA PACK OTO\u00d1AL ACTIVIDADES EN ESPA\u00d1OL PDF -","isPartOf":{"@id":"https:\/\/oleedu.pl\/#website"},"primaryImageOfPage":{"@id":"https:\/\/oleedu.pl\/es\/produkt\/mega-pack-otonal-espanol-pdf\/#primaryimage"},"image":{"@id":"https:\/\/oleedu.pl\/es\/produkt\/mega-pack-otonal-espanol-pdf\/#primaryimage"},"thumbnailUrl":"https:\/\/oleedu.pl\/wp-content\/uploads\/2019\/10\/Obraz1.jpg","datePublished":"2019-10-15T21:07:43+00:00","dateModified":"2019-10-15T21:10:48+00:00","breadcrumb":{"@id":"https:\/\/oleedu.pl\/es\/produkt\/mega-pack-otonal-espanol-pdf\/#breadcrumb"},"inLanguage":"es","potentialAction":[{"@type":"ReadAction","target":["https:\/\/oleedu.pl\/es\/produkt\/mega-pack-otonal-espanol-pdf\/"]}]},{"@type":"ImageObject","inLanguage":"es","@id":"https:\/\/oleedu.pl\/es\/produkt\/mega-pack-otonal-espanol-pdf\/#primaryimage","url":"https:\/\/oleedu.pl\/wp-content\/uploads\/2019\/10\/Obraz1.jpg","contentUrl":"https:\/\/oleedu.pl\/wp-content\/uploads\/2019\/10\/Obraz1.jpg","width":1508,"height":1005},{"@type":"BreadcrumbList","@id":"https:\/\/oleedu.pl\/es\/produkt\/mega-pack-otonal-espanol-pdf\/#breadcrumb","itemListElement":[{"@type":"ListItem","position":1,"name":"Strona g\u0142\u00f3wna","item":"https:\/\/oleedu.pl\/"},{"@type":"ListItem","position":2,"name":"Tienda","item":"https:\/\/oleedu.pl\/es\/tienda\/"},{"@type":"ListItem","position":3,"name":"MEGA PACK OTO\u00d1AL ACTIVIDADES EN ESPA\u00d1OL PDF"}]},{"@type":"WebSite","@id":"https:\/\/oleedu.pl\/#website","url":"https:\/\/oleedu.pl\/","name":"","description":"by Agnieszka Kruszy\u0144ska","potentialAction":[{"@type":"SearchAction","target":{"@type":"EntryPoint","urlTemplate":"https:\/\/oleedu.pl\/?s={search_term_string}"},"query-input":{"@type":"PropertyValueSpecification","valueRequired":true,"valueName":"search_term_string"}}],"inLanguage":"es"}]}},"acf":[],"_links":{"self":[{"href":"https:\/\/oleedu.pl\/es\/wp-json\/wp\/v2\/product\/2846","targetHints":{"allow":["GET"]}}],"collection":[{"href":"https:\/\/oleedu.pl\/es\/wp-json\/wp\/v2\/product"}],"about":[{"href":"https:\/\/oleedu.pl\/es\/wp-json\/wp\/v2\/types\/product"}],"wp:featuredmedia":[{"embeddable":true,"href":"https:\/\/oleedu.pl\/es\/wp-json\/wp\/v2\/media\/2872"}],"wp:attachment":[{"href":"https:\/\/oleedu.pl\/es\/wp-json\/wp\/v2\/media?parent=2846"}],"wp:term":[{"taxonomy":"product_brand","embeddable":true,"href":"https:\/\/oleedu.pl\/es\/wp-json\/wp\/v2\/product_brand?post=2846"},{"taxonomy":"product_cat","embeddable":true,"href":"https:\/\/oleedu.pl\/es\/wp-json\/wp\/v2\/product_cat?post=2846"},{"taxonomy":"product_tag","embeddable":true,"href":"https:\/\/oleedu.pl\/es\/wp-json\/wp\/v2\/product_tag?post=2846"}],"curies":[{"name":"wp","href":"https:\/\/api.w.org\/{rel}","templated":true}]}}