{"id":2580,"date":"2019-09-02T23:27:57","date_gmt":"2019-09-02T22:46:30","guid":{"rendered":"https:\/\/oleedu.pl\/?post_type=product&#038;p=2580"},"modified":"2019-09-17T00:04:04","modified_gmt":"2019-09-16T22:04:04","slug":"pack-1-la-vuelta-al-cole-espanol-pdf","status":"publish","type":"product","link":"https:\/\/oleedu.pl\/es\/produkt\/pack-1-la-vuelta-al-cole-espanol-pdf\/","title":{"rendered":"PACK 1 \u00a1LA VUELTA AL COLE! ESPA\u00d1OL PDF"},"content":{"rendered":"<p><strong>Este material est\u00e1 dise\u00f1ado para practicar nombres de los objetos escolares.<\/strong><\/p>\n<p><strong>S\u0142ownictwo:<\/strong><em>\u00a0las pinturas, la calculadora, el clip, las tijeras, el rotulador, el sacapuntas, la pizarra, el l\u00e1piz, el pin, el cuaderno, el comp\u00e1s, el pincel, la regla, la goma de borrar, el pegamento, la papelera, la mochila, el libro, la mesa, el bol\u00edgrafo, la silla, la pluma, el estuche, los l\u00e1pices de colores<\/em><\/p>\n<p><strong>El pack contiene:<\/strong><\/p>\n<p>1 x p\u00f3ster con vocabulario<\/p>\n<p>1 x p\u00f3ster sin vocabulario<\/p>\n<p>24 x flashcards con vocaulario (tama\u00f1o medio)<\/p>\n<p>24 x flashcards con vocaulario (tama\u00f1o grande A4)<\/p>\n<p>24 x flashcards sin vocabulario + inscripciones<\/p>\n<p>1 x bingo (20 cartones diferentes)<\/p>\n<p>1 x juego memory<\/p>\n<hr \/>\n<h3><span style=\"color: #33cccc;\"><strong>\u00bfC\u00f3mo realizar la compra?<\/strong><\/span><\/h3>\n<ol>\n<li>A\u00f1ade productos al carrito.<\/li>\n<li>Resume tu compra.<\/li>\n<li>Completa el formulario (como mi negocio es legal, es necesario que pongas tu direcci\u00f3n porque solamente as\u00ed podr\u00e9 pagar el impuesto adecuado en tu lugar de residencia) y elige el m\u00e9todo de pago.<\/li>\n<li>Realiza tu pedido. (La opci\u00f3n \u201eprzelew bankowy\u201d es\u00a0\u00a0<strong>la transferencia bancaria\u00a0<\/strong>y\u00a0puede durar m\u00e1s tiempo. Si quieres recibir tus materiales m\u00e1s r\u00e1pido, manda\u00a0<strong>un comprobante de pago <\/strong>a <strong>hola@gmail.com<\/strong>).<\/li>\n<li>Revisa tu correo electr\u00f3nico o descarga el material directamente de la p\u00e1gina. (El material lo recibes despu\u00e9s de registrar la cuota adecuada en mi cuenta bancaria).<\/li>\n<li>Si no recibes tu pedido en 24h, m\u00e1ndame un email\u00a0<strong>hola@oleedu.pl <\/strong>y te ayudar\u00e9 con mucho gusto.<\/li>\n<li>\u00a1Descarga el material y disfruta!\u00a0<strong>Aseg\u00farate de haber descargado el material y haberlo guardado en tu ordenador.<\/strong><\/li>\n<\/ol>\n","protected":false},"excerpt":{"rendered":"<p><strong>Este material est\u00e1 dise\u00f1ado para practicar nombres de los objetos escolares.<\/strong><\/p>\n<p><strong>S\u0142ownictwo:<\/strong><em>\u00a0las pinturas, la calculadora, el clip, las tijeras, el rotulador, el sacapuntas, la pizarra, el l\u00e1piz, el pin, el cuaderno, el comp\u00e1s, el pincel, la regla, la goma de borrar, el pegamento, la papelera, la mochila, el libro, la mesa, el bol\u00edgrafo, la silla, la pluma, el estuche, los l\u00e1pices de colores<\/em><\/p>\n","protected":false},"featured_media":2566,"template":"","meta":[],"product_brand":[],"product_cat":[95],"product_tag":[],"class_list":{"0":"post-2580","1":"product","2":"type-product","3":"status-publish","4":"has-post-thumbnail","6":"product_cat-sin-categoria","8":"first","9":"instock","10":"downloadable","11":"virtual","12":"purchasable","13":"product-type-simple"},"yoast_head":"<!-- This site is optimized with the Yoast SEO plugin v26.8 - https:\/\/yoast.com\/product\/yoast-seo-wordpress\/ -->\n<title>PACK 1 \u00a1LA VUELTA AL COLE! ESPA\u00d1OL PDF -<\/title>\n<meta name=\"robots\" content=\"index, follow, max-snippet:-1, max-image-preview:large, max-video-preview:-1\" \/>\n<link rel=\"canonical\" href=\"https:\/\/oleedu.pl\/es\/produkt\/pack-1-la-vuelta-al-cole-espanol-pdf\/\" \/>\n<meta property=\"og:locale\" content=\"es_ES\" \/>\n<meta property=\"og:type\" content=\"article\" \/>\n<meta property=\"og:title\" content=\"PACK 1 \u00a1LA VUELTA AL COLE! ESPA\u00d1OL PDF -\" \/>\n<meta property=\"og:description\" content=\"Este material est\u00e1 dise\u00f1ado para practicar nombres de los objetos escolares.  S\u0142ownictwo:\u00a0las pinturas, la calculadora, el clip, las tijeras, el rotulador, el sacapuntas, la pizarra, el l\u00e1piz, el pin, el cuaderno, el comp\u00e1s, el pincel, la regla, la goma de borrar, el pegamento, la papelera, la mochila, el libro, la mesa, el bol\u00edgrafo, la silla, la pluma, el estuche, los l\u00e1pices de colores\" \/>\n<meta property=\"og:url\" content=\"https:\/\/oleedu.pl\/es\/produkt\/pack-1-la-vuelta-al-cole-espanol-pdf\/\" \/>\n<meta property=\"article:modified_time\" content=\"2019-09-16T22:04:04+00:00\" \/>\n<meta property=\"og:image\" content=\"https:\/\/oleedu.pl\/wp-content\/uploads\/2019\/08\/mock1.jpg\" \/>\n\t<meta property=\"og:image:width\" content=\"1690\" \/>\n\t<meta property=\"og:image:height\" content=\"1124\" \/>\n\t<meta property=\"og:image:type\" content=\"image\/jpeg\" \/>\n<meta name=\"twitter:card\" content=\"summary_large_image\" \/>\n<meta name=\"twitter:label1\" content=\"Tiempo de lectura\" \/>\n\t<meta name=\"twitter:data1\" content=\"1 minuto\" \/>\n<script type=\"application\/ld+json\" class=\"yoast-schema-graph\">{\"@context\":\"https:\/\/schema.org\",\"@graph\":[{\"@type\":\"WebPage\",\"@id\":\"https:\/\/oleedu.pl\/es\/produkt\/pack-1-la-vuelta-al-cole-espanol-pdf\/\",\"url\":\"https:\/\/oleedu.pl\/es\/produkt\/pack-1-la-vuelta-al-cole-espanol-pdf\/\",\"name\":\"PACK 1 \u00a1LA VUELTA AL COLE! ESPA\u00d1OL PDF -\",\"isPartOf\":{\"@id\":\"https:\/\/oleedu.pl\/#website\"},\"primaryImageOfPage\":{\"@id\":\"https:\/\/oleedu.pl\/es\/produkt\/pack-1-la-vuelta-al-cole-espanol-pdf\/#primaryimage\"},\"image\":{\"@id\":\"https:\/\/oleedu.pl\/es\/produkt\/pack-1-la-vuelta-al-cole-espanol-pdf\/#primaryimage\"},\"thumbnailUrl\":\"https:\/\/oleedu.pl\/wp-content\/uploads\/2019\/08\/mock1.jpg\",\"datePublished\":\"2019-09-02T22:46:30+00:00\",\"dateModified\":\"2019-09-16T22:04:04+00:00\",\"breadcrumb\":{\"@id\":\"https:\/\/oleedu.pl\/es\/produkt\/pack-1-la-vuelta-al-cole-espanol-pdf\/#breadcrumb\"},\"inLanguage\":\"es\",\"potentialAction\":[{\"@type\":\"ReadAction\",\"target\":[\"https:\/\/oleedu.pl\/es\/produkt\/pack-1-la-vuelta-al-cole-espanol-pdf\/\"]}]},{\"@type\":\"ImageObject\",\"inLanguage\":\"es\",\"@id\":\"https:\/\/oleedu.pl\/es\/produkt\/pack-1-la-vuelta-al-cole-espanol-pdf\/#primaryimage\",\"url\":\"https:\/\/oleedu.pl\/wp-content\/uploads\/2019\/08\/mock1.jpg\",\"contentUrl\":\"https:\/\/oleedu.pl\/wp-content\/uploads\/2019\/08\/mock1.jpg\",\"width\":1690,\"height\":1124},{\"@type\":\"BreadcrumbList\",\"@id\":\"https:\/\/oleedu.pl\/es\/produkt\/pack-1-la-vuelta-al-cole-espanol-pdf\/#breadcrumb\",\"itemListElement\":[{\"@type\":\"ListItem\",\"position\":1,\"name\":\"Strona g\u0142\u00f3wna\",\"item\":\"https:\/\/oleedu.pl\/\"},{\"@type\":\"ListItem\",\"position\":2,\"name\":\"Tienda\",\"item\":\"https:\/\/oleedu.pl\/es\/tienda\/\"},{\"@type\":\"ListItem\",\"position\":3,\"name\":\"PACK 1 \u00a1LA VUELTA AL COLE! ESPA\u00d1OL PDF\"}]},{\"@type\":\"WebSite\",\"@id\":\"https:\/\/oleedu.pl\/#website\",\"url\":\"https:\/\/oleedu.pl\/\",\"name\":\"\",\"description\":\"by Agnieszka Kruszy\u0144ska\",\"potentialAction\":[{\"@type\":\"SearchAction\",\"target\":{\"@type\":\"EntryPoint\",\"urlTemplate\":\"https:\/\/oleedu.pl\/?s={search_term_string}\"},\"query-input\":{\"@type\":\"PropertyValueSpecification\",\"valueRequired\":true,\"valueName\":\"search_term_string\"}}],\"inLanguage\":\"es\"}]}<\/script>\n<!-- \/ Yoast SEO plugin. -->","yoast_head_json":{"title":"PACK 1 \u00a1LA VUELTA AL COLE! ESPA\u00d1OL PDF -","robots":{"index":"index","follow":"follow","max-snippet":"max-snippet:-1","max-image-preview":"max-image-preview:large","max-video-preview":"max-video-preview:-1"},"canonical":"https:\/\/oleedu.pl\/es\/produkt\/pack-1-la-vuelta-al-cole-espanol-pdf\/","og_locale":"es_ES","og_type":"article","og_title":"PACK 1 \u00a1LA VUELTA AL COLE! ESPA\u00d1OL PDF -","og_description":"Este material est\u00e1 dise\u00f1ado para practicar nombres de los objetos escolares.  S\u0142ownictwo:\u00a0las pinturas, la calculadora, el clip, las tijeras, el rotulador, el sacapuntas, la pizarra, el l\u00e1piz, el pin, el cuaderno, el comp\u00e1s, el pincel, la regla, la goma de borrar, el pegamento, la papelera, la mochila, el libro, la mesa, el bol\u00edgrafo, la silla, la pluma, el estuche, los l\u00e1pices de colores","og_url":"https:\/\/oleedu.pl\/es\/produkt\/pack-1-la-vuelta-al-cole-espanol-pdf\/","article_modified_time":"2019-09-16T22:04:04+00:00","og_image":[{"width":1690,"height":1124,"url":"https:\/\/oleedu.pl\/wp-content\/uploads\/2019\/08\/mock1.jpg","type":"image\/jpeg"}],"twitter_card":"summary_large_image","twitter_misc":{"Tiempo de lectura":"1 minuto"},"schema":{"@context":"https:\/\/schema.org","@graph":[{"@type":"WebPage","@id":"https:\/\/oleedu.pl\/es\/produkt\/pack-1-la-vuelta-al-cole-espanol-pdf\/","url":"https:\/\/oleedu.pl\/es\/produkt\/pack-1-la-vuelta-al-cole-espanol-pdf\/","name":"PACK 1 \u00a1LA VUELTA AL COLE! ESPA\u00d1OL PDF -","isPartOf":{"@id":"https:\/\/oleedu.pl\/#website"},"primaryImageOfPage":{"@id":"https:\/\/oleedu.pl\/es\/produkt\/pack-1-la-vuelta-al-cole-espanol-pdf\/#primaryimage"},"image":{"@id":"https:\/\/oleedu.pl\/es\/produkt\/pack-1-la-vuelta-al-cole-espanol-pdf\/#primaryimage"},"thumbnailUrl":"https:\/\/oleedu.pl\/wp-content\/uploads\/2019\/08\/mock1.jpg","datePublished":"2019-09-02T22:46:30+00:00","dateModified":"2019-09-16T22:04:04+00:00","breadcrumb":{"@id":"https:\/\/oleedu.pl\/es\/produkt\/pack-1-la-vuelta-al-cole-espanol-pdf\/#breadcrumb"},"inLanguage":"es","potentialAction":[{"@type":"ReadAction","target":["https:\/\/oleedu.pl\/es\/produkt\/pack-1-la-vuelta-al-cole-espanol-pdf\/"]}]},{"@type":"ImageObject","inLanguage":"es","@id":"https:\/\/oleedu.pl\/es\/produkt\/pack-1-la-vuelta-al-cole-espanol-pdf\/#primaryimage","url":"https:\/\/oleedu.pl\/wp-content\/uploads\/2019\/08\/mock1.jpg","contentUrl":"https:\/\/oleedu.pl\/wp-content\/uploads\/2019\/08\/mock1.jpg","width":1690,"height":1124},{"@type":"BreadcrumbList","@id":"https:\/\/oleedu.pl\/es\/produkt\/pack-1-la-vuelta-al-cole-espanol-pdf\/#breadcrumb","itemListElement":[{"@type":"ListItem","position":1,"name":"Strona g\u0142\u00f3wna","item":"https:\/\/oleedu.pl\/"},{"@type":"ListItem","position":2,"name":"Tienda","item":"https:\/\/oleedu.pl\/es\/tienda\/"},{"@type":"ListItem","position":3,"name":"PACK 1 \u00a1LA VUELTA AL COLE! ESPA\u00d1OL PDF"}]},{"@type":"WebSite","@id":"https:\/\/oleedu.pl\/#website","url":"https:\/\/oleedu.pl\/","name":"","description":"by Agnieszka Kruszy\u0144ska","potentialAction":[{"@type":"SearchAction","target":{"@type":"EntryPoint","urlTemplate":"https:\/\/oleedu.pl\/?s={search_term_string}"},"query-input":{"@type":"PropertyValueSpecification","valueRequired":true,"valueName":"search_term_string"}}],"inLanguage":"es"}]}},"acf":[],"_links":{"self":[{"href":"https:\/\/oleedu.pl\/es\/wp-json\/wp\/v2\/product\/2580","targetHints":{"allow":["GET"]}}],"collection":[{"href":"https:\/\/oleedu.pl\/es\/wp-json\/wp\/v2\/product"}],"about":[{"href":"https:\/\/oleedu.pl\/es\/wp-json\/wp\/v2\/types\/product"}],"wp:featuredmedia":[{"embeddable":true,"href":"https:\/\/oleedu.pl\/es\/wp-json\/wp\/v2\/media\/2566"}],"wp:attachment":[{"href":"https:\/\/oleedu.pl\/es\/wp-json\/wp\/v2\/media?parent=2580"}],"wp:term":[{"taxonomy":"product_brand","embeddable":true,"href":"https:\/\/oleedu.pl\/es\/wp-json\/wp\/v2\/product_brand?post=2580"},{"taxonomy":"product_cat","embeddable":true,"href":"https:\/\/oleedu.pl\/es\/wp-json\/wp\/v2\/product_cat?post=2580"},{"taxonomy":"product_tag","embeddable":true,"href":"https:\/\/oleedu.pl\/es\/wp-json\/wp\/v2\/product_tag?post=2580"}],"curies":[{"name":"wp","href":"https:\/\/api.w.org\/{rel}","templated":true}]}}