{"id":2312,"date":"2019-05-19T23:26:35","date_gmt":"2019-05-20T06:09:54","guid":{"rendered":"https:\/\/oleedu.pl\/?post_type=product&#038;p=2312"},"modified":"2020-03-21T16:42:13","modified_gmt":"2020-03-21T15:42:13","slug":"pack-un-verano-divertido-espanol-pdf","status":"publish","type":"product","link":"https:\/\/oleedu.pl\/es\/produkt\/pack-un-verano-divertido-espanol-pdf\/","title":{"rendered":"PACK \u00a1UN VERANO DIVERTIDO! ESPA\u00d1OL PDF"},"content":{"rendered":"<p><strong>Un pack de actividades encantadoras para <span style=\"color: #ffcc00;\">practicar\u00a0el vocabulario relacionado con\u00a0las vacaciones, las descripciones de personas y estructuras para practicar la per\u00edfrasis\u00a0<em>estar + gerundio<\/em>.\u00a0<\/span><\/strong><\/p>\n<p><strong>Ideales para trabajar en grupos grandes a trav\u00e9s del m\u00e9todo de estaciones, pero tambi\u00e9n est\u00e1 pensado para clases particulares o en grupos peque\u00f1os.<\/strong><\/p>\n<p><strong>Adem\u00e1s, estos materiales podr\u00e9is utilizarlos tanto en la pantalla del ordenador (clases online) como en las pizarras digitales de vuestras escuelas<\/strong><strong>.<\/strong><\/p>\n<p><strong>Vocabulario:<\/strong><em>\u00a0<\/em><\/p>\n<p><em>relajarse en la tumbona, tirarse en flotador, jugar en la arena, ba\u00f1arse en el mar, dormir en hamaca, jugar al voleibol, nadar, comer helados, hacer castillos de arena, tomar el sol, tirarse por el tobog\u00e1n, hacer surf, nadar con flotador, bucear, jugar con la cometa<\/em><\/p>\n<p><strong>El pack contiene\u00a0(10 archivos PDF en un correo electr\u00f3nico):<\/strong><\/p>\n<ul>\n<li>1 x cartel de vocabulario: dibujos + verbos en infinitivo<\/li>\n<li>1 x cartel de dibujos sin vocabulario + 15 cartas con n\u00fameros<\/li>\n<li>1 x tablero: juego\u00a0<strong>\u00bfQui\u00e9n es qui\u00e9n?<\/strong><\/li>\n<li>1 x tablero: juego de mesa para practicar el vocabulario<\/li>\n<li>15 tarjetas flashcards con dibujos y vocabulario<\/li>\n<li>15 tarjetas flashcards sin vocabulario + 15 cartas con expresiones y 15 cartas vac\u00edas para completar<\/li>\n<li>cartas de memory (15 cartas con dibujos para practicar la pregunta\u00a0<em><strong>\u00bfQu\u00e9 est\u00e1\/n haciendo?<\/strong>, 15\u00a0<\/em>cartas con expresiones en infinitivo,\u00a015 cartas con expresiones \u201cestar + gerundio\u201d, 15 cartas con dibujos)<\/li>\n<li>15 cartas con expresiones para completar con las letras que faltan<\/li>\n<li>Actividad<strong><em>\u00a0\u00bfQu\u00e9 prefieres?<\/em><\/strong>(6 cartas para hablar, una plantilla para completar, 15 dibujos)<\/li>\n<li>1 x juego\u00a0<strong><em>\u00bfQu\u00e9 palabra es?\u00a0<\/em><\/strong>\u00a0(15 cartas + plantillas para completar)<\/li>\n<li>1 x bingo (12 cartas)<\/li>\n<li>2 x hojas de trabajo<\/li>\n<li>Juego\u00a0<strong>Domin\u00f3<\/strong><\/li>\n<li>1 x instrucciones<\/li>\n<\/ul>\n<h2><span style=\"color: #ffcc00;\"><strong>GRATIS!<\/strong><\/span><\/h2>\n<ul>\n<li><strong>el mapa\u00a0para dar instrucciones<\/strong><\/li>\n<\/ul>\n<hr \/>\n<p><span style=\"color: #ff99cc;\"><strong>\u00bfC\u00f3mo realizar la compra?<\/strong><\/span><\/p>\n<ol>\n<li>A\u00f1ade productos al carrito.<\/li>\n<li>Resume tu compra.<\/li>\n<li>Completa el formulario y elige el m\u00e9todo de pago.<\/li>\n<li>Realiza tu pedido. (La opci\u00f3n \u201eprzelew bankowy\u201d es\u00a0\u00a0<strong>la transferencia bancaria\u00a0<\/strong>y\u00a0puede durar m\u00e1s tiempo. Si quieres recibir tus materiales m\u00e1s r\u00e1pido, manda\u00a0<strong>un comprobante de pago\u00a0<\/strong>a\u00a0<strong>hola@oleedu.pl<\/strong>).<\/li>\n<li>Si quieres pagar\u00a0<strong>con tarjeta de cr\u00e9dito<\/strong>, utiliza la opci\u00f3n\u00a0<strong>Paypal o pagos seguros<\/strong>. En la p\u00e1gina PayPal, debajo del formulario para iniciar la sesi\u00f3n, encontrar\u00e1s la posibilidad de pagar con tarjeta de cr\u00e9dito sin cuenta de PayPal.<\/li>\n<li>Revisa tu correo electr\u00f3nico o descarga el material directamente de la p\u00e1gina. (El material lo recibes despu\u00e9s de registrar la cuota adecuada en mi cuenta bancaria).<\/li>\n<li>Si no recibes tu pedido en 24h, m\u00e1ndame un email\u00a0<strong>hola@oleedu.pl\u00a0<\/strong>y te ayudar\u00e9 con mucho gusto.<\/li>\n<li>\u00a1Descarga el material y disfruta!\u00a0<strong>Aseg\u00farate de haber descargado el material y haberlo guardado en tu ordenador.<\/strong><\/li>\n<\/ol>\n<p><strong>Vis\u00edtanos en <a href=\"https:\/\/www.facebook.com\/OleKreatywnaEdukacja\/?eid=ARDLH3rQNKscfTqLqhsVBfGYjZFdXDtQ78-POgN0BvugfpgBAOCIIFlSI4ec6BsbX5kJamDfz3qHAoyx\"><span style=\"color: #3366ff;\">Facebook<\/span><\/a><\/strong><\/p>\n<p><strong>Vis\u00edtanos en <a href=\"https:\/\/www.instagram.com\/ole_edu\/\"><span style=\"color: #cc99ff;\">Instagram<\/span><\/a><\/strong><\/p>\n<p>&nbsp;<\/p>\n","protected":false},"excerpt":{"rendered":"<p>Pack de actividades veraniegas para ni\u00f1os.<\/p>\n","protected":false},"featured_media":2307,"template":"","meta":[],"product_brand":[],"product_cat":[95],"product_tag":[346,284,260,348,347],"class_list":{"0":"post-2312","1":"product","2":"type-product","3":"status-publish","4":"has-post-thumbnail","6":"product_cat-sin-categoria","7":"product_tag-estar-gerundio-es","8":"product_tag-imprimible","9":"product_tag-ninos","10":"product_tag-vacaciones","11":"product_tag-verano","13":"first","14":"instock","15":"downloadable","16":"virtual","17":"purchasable","18":"product-type-simple"},"yoast_head":"<!-- This site is optimized with the Yoast SEO plugin v26.8 - https:\/\/yoast.com\/product\/yoast-seo-wordpress\/ -->\n<title>PACK \u00a1UN VERANO DIVERTIDO! ESPA\u00d1OL PDF -<\/title>\n<meta name=\"robots\" content=\"index, follow, max-snippet:-1, max-image-preview:large, max-video-preview:-1\" \/>\n<link rel=\"canonical\" href=\"https:\/\/oleedu.pl\/es\/produkt\/pack-un-verano-divertido-espanol-pdf\/\" \/>\n<meta property=\"og:locale\" content=\"es_ES\" \/>\n<meta property=\"og:type\" content=\"article\" \/>\n<meta property=\"og:title\" content=\"PACK \u00a1UN VERANO DIVERTIDO! ESPA\u00d1OL PDF -\" \/>\n<meta property=\"og:description\" content=\"Pack de actividades veraniegas para ni\u00f1os.\" \/>\n<meta property=\"og:url\" content=\"https:\/\/oleedu.pl\/es\/produkt\/pack-un-verano-divertido-espanol-pdf\/\" \/>\n<meta property=\"article:modified_time\" content=\"2020-03-21T15:42:13+00:00\" \/>\n<meta property=\"og:image\" content=\"https:\/\/oleedu.pl\/wp-content\/uploads\/2019\/05\/mock2.png\" \/>\n\t<meta property=\"og:image:width\" content=\"1762\" \/>\n\t<meta property=\"og:image:height\" content=\"1181\" \/>\n\t<meta property=\"og:image:type\" content=\"image\/png\" \/>\n<meta name=\"twitter:card\" content=\"summary_large_image\" \/>\n<meta name=\"twitter:label1\" content=\"Tiempo de lectura\" \/>\n\t<meta name=\"twitter:data1\" content=\"2 minutos\" \/>\n<script type=\"application\/ld+json\" class=\"yoast-schema-graph\">{\"@context\":\"https:\/\/schema.org\",\"@graph\":[{\"@type\":\"WebPage\",\"@id\":\"https:\/\/oleedu.pl\/es\/produkt\/pack-un-verano-divertido-espanol-pdf\/\",\"url\":\"https:\/\/oleedu.pl\/es\/produkt\/pack-un-verano-divertido-espanol-pdf\/\",\"name\":\"PACK \u00a1UN VERANO DIVERTIDO! ESPA\u00d1OL PDF -\",\"isPartOf\":{\"@id\":\"https:\/\/oleedu.pl\/#website\"},\"primaryImageOfPage\":{\"@id\":\"https:\/\/oleedu.pl\/es\/produkt\/pack-un-verano-divertido-espanol-pdf\/#primaryimage\"},\"image\":{\"@id\":\"https:\/\/oleedu.pl\/es\/produkt\/pack-un-verano-divertido-espanol-pdf\/#primaryimage\"},\"thumbnailUrl\":\"https:\/\/oleedu.pl\/wp-content\/uploads\/2019\/05\/mock2.png\",\"datePublished\":\"2019-05-20T06:09:54+00:00\",\"dateModified\":\"2020-03-21T15:42:13+00:00\",\"breadcrumb\":{\"@id\":\"https:\/\/oleedu.pl\/es\/produkt\/pack-un-verano-divertido-espanol-pdf\/#breadcrumb\"},\"inLanguage\":\"es\",\"potentialAction\":[{\"@type\":\"ReadAction\",\"target\":[\"https:\/\/oleedu.pl\/es\/produkt\/pack-un-verano-divertido-espanol-pdf\/\"]}]},{\"@type\":\"ImageObject\",\"inLanguage\":\"es\",\"@id\":\"https:\/\/oleedu.pl\/es\/produkt\/pack-un-verano-divertido-espanol-pdf\/#primaryimage\",\"url\":\"https:\/\/oleedu.pl\/wp-content\/uploads\/2019\/05\/mock2.png\",\"contentUrl\":\"https:\/\/oleedu.pl\/wp-content\/uploads\/2019\/05\/mock2.png\",\"width\":1762,\"height\":1181},{\"@type\":\"BreadcrumbList\",\"@id\":\"https:\/\/oleedu.pl\/es\/produkt\/pack-un-verano-divertido-espanol-pdf\/#breadcrumb\",\"itemListElement\":[{\"@type\":\"ListItem\",\"position\":1,\"name\":\"Strona g\u0142\u00f3wna\",\"item\":\"https:\/\/oleedu.pl\/\"},{\"@type\":\"ListItem\",\"position\":2,\"name\":\"Tienda\",\"item\":\"https:\/\/oleedu.pl\/es\/tienda\/\"},{\"@type\":\"ListItem\",\"position\":3,\"name\":\"PACK \u00a1UN VERANO DIVERTIDO! ESPA\u00d1OL PDF\"}]},{\"@type\":\"WebSite\",\"@id\":\"https:\/\/oleedu.pl\/#website\",\"url\":\"https:\/\/oleedu.pl\/\",\"name\":\"\",\"description\":\"by Agnieszka Kruszy\u0144ska\",\"potentialAction\":[{\"@type\":\"SearchAction\",\"target\":{\"@type\":\"EntryPoint\",\"urlTemplate\":\"https:\/\/oleedu.pl\/?s={search_term_string}\"},\"query-input\":{\"@type\":\"PropertyValueSpecification\",\"valueRequired\":true,\"valueName\":\"search_term_string\"}}],\"inLanguage\":\"es\"}]}<\/script>\n<!-- \/ Yoast SEO plugin. -->","yoast_head_json":{"title":"PACK \u00a1UN VERANO DIVERTIDO! ESPA\u00d1OL PDF -","robots":{"index":"index","follow":"follow","max-snippet":"max-snippet:-1","max-image-preview":"max-image-preview:large","max-video-preview":"max-video-preview:-1"},"canonical":"https:\/\/oleedu.pl\/es\/produkt\/pack-un-verano-divertido-espanol-pdf\/","og_locale":"es_ES","og_type":"article","og_title":"PACK \u00a1UN VERANO DIVERTIDO! ESPA\u00d1OL PDF -","og_description":"Pack de actividades veraniegas para ni\u00f1os.","og_url":"https:\/\/oleedu.pl\/es\/produkt\/pack-un-verano-divertido-espanol-pdf\/","article_modified_time":"2020-03-21T15:42:13+00:00","og_image":[{"width":1762,"height":1181,"url":"https:\/\/oleedu.pl\/wp-content\/uploads\/2019\/05\/mock2.png","type":"image\/png"}],"twitter_card":"summary_large_image","twitter_misc":{"Tiempo de lectura":"2 minutos"},"schema":{"@context":"https:\/\/schema.org","@graph":[{"@type":"WebPage","@id":"https:\/\/oleedu.pl\/es\/produkt\/pack-un-verano-divertido-espanol-pdf\/","url":"https:\/\/oleedu.pl\/es\/produkt\/pack-un-verano-divertido-espanol-pdf\/","name":"PACK \u00a1UN VERANO DIVERTIDO! ESPA\u00d1OL PDF -","isPartOf":{"@id":"https:\/\/oleedu.pl\/#website"},"primaryImageOfPage":{"@id":"https:\/\/oleedu.pl\/es\/produkt\/pack-un-verano-divertido-espanol-pdf\/#primaryimage"},"image":{"@id":"https:\/\/oleedu.pl\/es\/produkt\/pack-un-verano-divertido-espanol-pdf\/#primaryimage"},"thumbnailUrl":"https:\/\/oleedu.pl\/wp-content\/uploads\/2019\/05\/mock2.png","datePublished":"2019-05-20T06:09:54+00:00","dateModified":"2020-03-21T15:42:13+00:00","breadcrumb":{"@id":"https:\/\/oleedu.pl\/es\/produkt\/pack-un-verano-divertido-espanol-pdf\/#breadcrumb"},"inLanguage":"es","potentialAction":[{"@type":"ReadAction","target":["https:\/\/oleedu.pl\/es\/produkt\/pack-un-verano-divertido-espanol-pdf\/"]}]},{"@type":"ImageObject","inLanguage":"es","@id":"https:\/\/oleedu.pl\/es\/produkt\/pack-un-verano-divertido-espanol-pdf\/#primaryimage","url":"https:\/\/oleedu.pl\/wp-content\/uploads\/2019\/05\/mock2.png","contentUrl":"https:\/\/oleedu.pl\/wp-content\/uploads\/2019\/05\/mock2.png","width":1762,"height":1181},{"@type":"BreadcrumbList","@id":"https:\/\/oleedu.pl\/es\/produkt\/pack-un-verano-divertido-espanol-pdf\/#breadcrumb","itemListElement":[{"@type":"ListItem","position":1,"name":"Strona g\u0142\u00f3wna","item":"https:\/\/oleedu.pl\/"},{"@type":"ListItem","position":2,"name":"Tienda","item":"https:\/\/oleedu.pl\/es\/tienda\/"},{"@type":"ListItem","position":3,"name":"PACK \u00a1UN VERANO DIVERTIDO! ESPA\u00d1OL PDF"}]},{"@type":"WebSite","@id":"https:\/\/oleedu.pl\/#website","url":"https:\/\/oleedu.pl\/","name":"","description":"by Agnieszka Kruszy\u0144ska","potentialAction":[{"@type":"SearchAction","target":{"@type":"EntryPoint","urlTemplate":"https:\/\/oleedu.pl\/?s={search_term_string}"},"query-input":{"@type":"PropertyValueSpecification","valueRequired":true,"valueName":"search_term_string"}}],"inLanguage":"es"}]}},"acf":[],"_links":{"self":[{"href":"https:\/\/oleedu.pl\/es\/wp-json\/wp\/v2\/product\/2312","targetHints":{"allow":["GET"]}}],"collection":[{"href":"https:\/\/oleedu.pl\/es\/wp-json\/wp\/v2\/product"}],"about":[{"href":"https:\/\/oleedu.pl\/es\/wp-json\/wp\/v2\/types\/product"}],"wp:featuredmedia":[{"embeddable":true,"href":"https:\/\/oleedu.pl\/es\/wp-json\/wp\/v2\/media\/2307"}],"wp:attachment":[{"href":"https:\/\/oleedu.pl\/es\/wp-json\/wp\/v2\/media?parent=2312"}],"wp:term":[{"taxonomy":"product_brand","embeddable":true,"href":"https:\/\/oleedu.pl\/es\/wp-json\/wp\/v2\/product_brand?post=2312"},{"taxonomy":"product_cat","embeddable":true,"href":"https:\/\/oleedu.pl\/es\/wp-json\/wp\/v2\/product_cat?post=2312"},{"taxonomy":"product_tag","embeddable":true,"href":"https:\/\/oleedu.pl\/es\/wp-json\/wp\/v2\/product_tag?post=2312"}],"curies":[{"name":"wp","href":"https:\/\/api.w.org\/{rel}","templated":true}]}}