{"id":2078,"date":"2021-02-01T23:00:08","date_gmt":"2019-02-04T20:48:51","guid":{"rendered":"https:\/\/oleedu.pl\/?post_type=product&#038;p=2078"},"modified":"2021-02-02T09:39:54","modified_gmt":"2021-02-02T08:39:54","slug":"gra-fijate-hiszpanski-dopelnienie-blizsze-i-dalsze-pdf","status":"publish","type":"product","link":"https:\/\/oleedu.pl\/es\/produkt\/gra-fijate-hiszpanski-dopelnienie-blizsze-i-dalsze-pdf\/","title":{"rendered":"JUEGO \u201e\u00a1F\u00cdJATE!\u201d \u2013 ESPA\u00d1OL OBJETO DIRECTO\/INDIRECTO"},"content":{"rendered":"<p>\u201e\u00a1F\u00edjate!\u201d \u2013 juego de cartas (imprimible)\u00a0para practicar y repasar los pronombres de complemento directo e indirecto de manera eficaz y divertida. La mec\u00e1nica de la actividad proviene de un juego de Matem\u00e1ticas \u201c\u00bfQui\u00e9n tiene? Yo tengo.\u201d El contenido est\u00e1 muy bien pensado para facilitarles a los estudiantes de ELE el aprendizaje de esta noci\u00f3n gramatical. Trabajando con este juego los alumnos aprender\u00e1n a diferenciar los pronombres de complemento directo\/indirecto, crear frases y completar las frases con las preposiciones adecuadas (versi\u00f3n 2 del juego).<\/p>\n<p>El jego contiene:<\/p>\n<ul>\n<li>Instrucciones:<\/li>\n<li>2 barajas de 40 tarjetas con el mismo contenido:<\/li>\n<\/ul>\n<ul>\n<li style=\"list-style-type: none;\">\n<ul>\n<li>Baraja 1 \u2013 40 frases<\/li>\n<li>Baraja 2 \u2013 40 frases para completar (sin pronombres de complemento directo\/indirecto).<\/li>\n<\/ul>\n<\/li>\n<\/ul>\n<hr \/>\n<h3><span style=\"color: #56c5c4;\"><strong>\u00bfC\u00f3mo realizar la compra?<\/strong><\/span><\/h3>\n<ol>\n<li>A\u00f1ade productos al carrito.<\/li>\n<li>Resume tu compra.<\/li>\n<li>Completa el formulario (como mi negocio es legal, es necesario que pongas tu direcci\u00f3n porque solamente as\u00ed podr\u00e9 pagar el impuesto adecuado en tu lugar de residencia) y elige el m\u00e9todo de pago.<\/li>\n<li>Realiza tu pedido. (La opci\u00f3n \u201eprzelew bankowy\u201d es\u00a0\u00a0<strong>la transferencia bancaria\u00a0<\/strong>y\u00a0puede durar m\u00e1s tiempo. Si quieres recibir tus materiales m\u00e1s r\u00e1pido, manda\u00a0<strong>un comprobante de pago<\/strong>\u00a0a ole.edukacja@gmail.com)<\/li>\n<li>Revisa tu correo electr\u00f3nico. (El material lo recibes despu\u00e9s de registrar la cuota adecuada en mi cuenta bancaria).<\/li>\n<li>Si no recibes tu pedido en 24h, m\u00e1ndame un email\u00a0<strong>ole.edukacja@gmail.com<\/strong>\u00a0y te ayudar\u00e9.\u00a0?<\/li>\n<li>\u00a1Descarga el material y disfruta!\u00a0?<strong>Aseg\u00farate de haber descargado el material y haberlo guardado en tu ordenador.<\/strong><\/li>\n<\/ol>\n","protected":false},"excerpt":{"rendered":"<p>\u201e\u00a1F\u00edjate!\u201d \u2013 juego de cartas (imprimible)\u00a0para practicar y repasar los pronombres de complemento directo e indirecto de manera eficaz y divertida. La mec\u00e1nica de la actividad proviene de un juego de Matem\u00e1ticas \u201c\u00bfQui\u00e9n tiene? Yo tengo.\u201d El contenido est\u00e1 muy bien pensado para facilitarles a los estudiantes de ELE el aprendizaje de esta noci\u00f3n gramatical. Trabajando con este juego los alumnos aprender\u00e1n a diferenciar los pronombres de complemento directo\/indirecto, crear frases y completar las frases con las preposiciones adecuadas (versi\u00f3n 2 del juego). El jego contiene: Instrucciones: 2 barajas de 40 tarjetas con el mismo contenido: Baraja 1 \u2013 40 frases Baraja 2 \u2013 40 frases para completar (sin pronombres de complemento directo\/indirecto). \u00bfC\u00f3mo realizar la compra? A\u00f1ade productos al carrito. Resume tu compra. Completa el formulario (como mi negocio es legal, es necesario que pongas tu direcci\u00f3n porque solamente as\u00ed podr\u00e9 pagar el impuesto adecuado en tu lugar de residencia) y elige el m\u00e9todo de pago. Realiza tu pedido. (La opci\u00f3n \u201eprzelew bankowy\u201d es\u00a0\u00a0la transferencia bancaria\u00a0y\u00a0puede durar m\u00e1s tiempo. Si quieres recibir tus materiales m\u00e1s r\u00e1pido, manda\u00a0un comprobante de pago\u00a0a ole.edukacja@gmail.com) Revisa tu correo electr\u00f3nico. (El material lo recibes despu\u00e9s de registrar la cuota adecuada en mi cuenta bancaria). Si no recibes tu pedido en 24h, m\u00e1ndame un email\u00a0ole.edukacja@gmail.com\u00a0y te ayudar\u00e9.\u00a0? \u00a1Descarga el material y disfruta!\u00a0?Aseg\u00farate de haber descargado el material y haberlo guardado en tu ordenador.<\/p>\n","protected":false},"featured_media":2069,"template":"","meta":[],"product_brand":[],"product_cat":[95],"product_tag":[282,310,281,284,280],"class_list":{"0":"post-2078","1":"product","2":"type-product","3":"status-publish","4":"has-post-thumbnail","6":"product_cat-sin-categoria","7":"product_tag-complemento-directo","8":"product_tag-complemento-indirecto-es","9":"product_tag-gramatica","10":"product_tag-imprimible","11":"product_tag-juego-de-cartas","13":"first","14":"instock","15":"downloadable","16":"virtual","17":"purchasable","18":"product-type-simple"},"yoast_head":"<!-- This site is optimized with the Yoast SEO plugin v26.8 - https:\/\/yoast.com\/product\/yoast-seo-wordpress\/ -->\n<title>JUEGO \u201e\u00a1F\u00cdJATE!\u201d \u2013 ESPA\u00d1OL OBJETO DIRECTO\/INDIRECTO -<\/title>\n<meta name=\"robots\" content=\"index, follow, max-snippet:-1, max-image-preview:large, max-video-preview:-1\" \/>\n<link rel=\"canonical\" href=\"https:\/\/oleedu.pl\/es\/produkt\/gra-fijate-hiszpanski-dopelnienie-blizsze-i-dalsze-pdf\/\" \/>\n<meta property=\"og:locale\" content=\"es_ES\" \/>\n<meta property=\"og:type\" content=\"article\" \/>\n<meta property=\"og:title\" content=\"JUEGO \u201e\u00a1F\u00cdJATE!\u201d \u2013 ESPA\u00d1OL OBJETO DIRECTO\/INDIRECTO -\" \/>\n<meta property=\"og:description\" content=\"\u201e\u00a1F\u00edjate!\u201d \u2013 juego de cartas (imprimible)\u00a0para practicar y repasar los pronombres de complemento directo e indirecto de manera eficaz y divertida. La mec\u00e1nica de la actividad proviene de un juego de Matem\u00e1ticas \u201c\u00bfQui\u00e9n tiene? Yo tengo.\u201d El contenido est\u00e1 muy bien pensado para facilitarles a los estudiantes de ELE el aprendizaje de esta noci\u00f3n gramatical. Trabajando con este juego los alumnos aprender\u00e1n a diferenciar los pronombres de complemento directo\/indirecto, crear frases y completar las frases con las preposiciones adecuadas (versi\u00f3n 2 del juego). El jego contiene: Instrucciones: 2 barajas de 40 tarjetas con el mismo contenido: Baraja 1 \u2013 40 frases Baraja 2 \u2013 40 frases para completar (sin pronombres de complemento directo\/indirecto). \u00bfC\u00f3mo realizar la compra? A\u00f1ade productos al carrito. Resume tu compra. Completa el formulario (como mi negocio es legal, es necesario que pongas tu direcci\u00f3n porque solamente as\u00ed podr\u00e9 pagar el impuesto adecuado en tu lugar de residencia) y elige el m\u00e9todo de pago. Realiza tu pedido. (La opci\u00f3n \u201eprzelew bankowy\u201d es\u00a0\u00a0la transferencia bancaria\u00a0y\u00a0puede durar m\u00e1s tiempo. Si quieres recibir tus materiales m\u00e1s r\u00e1pido, manda\u00a0un comprobante de pago\u00a0a ole.edukacja@gmail.com) Revisa tu correo electr\u00f3nico. (El material lo recibes despu\u00e9s de registrar la cuota adecuada en mi cuenta bancaria). Si no recibes tu pedido en 24h, m\u00e1ndame un email\u00a0ole.edukacja@gmail.com\u00a0y te ayudar\u00e9.\u00a0? \u00a1Descarga el material y disfruta!\u00a0?Aseg\u00farate de haber descargado el material y haberlo guardado en tu ordenador.\" \/>\n<meta property=\"og:url\" content=\"https:\/\/oleedu.pl\/es\/produkt\/gra-fijate-hiszpanski-dopelnienie-blizsze-i-dalsze-pdf\/\" \/>\n<meta property=\"article:modified_time\" content=\"2021-02-02T08:39:54+00:00\" \/>\n<meta property=\"og:image\" content=\"https:\/\/oleedu.pl\/wp-content\/uploads\/2019\/01\/mock-1.png\" \/>\n\t<meta property=\"og:image:width\" content=\"1690\" \/>\n\t<meta property=\"og:image:height\" content=\"1128\" \/>\n\t<meta property=\"og:image:type\" content=\"image\/png\" \/>\n<meta name=\"twitter:card\" content=\"summary_large_image\" \/>\n<meta name=\"twitter:label1\" content=\"Tiempo de lectura\" \/>\n\t<meta name=\"twitter:data1\" content=\"1 minuto\" \/>\n<script type=\"application\/ld+json\" class=\"yoast-schema-graph\">{\"@context\":\"https:\/\/schema.org\",\"@graph\":[{\"@type\":\"WebPage\",\"@id\":\"https:\/\/oleedu.pl\/es\/produkt\/gra-fijate-hiszpanski-dopelnienie-blizsze-i-dalsze-pdf\/\",\"url\":\"https:\/\/oleedu.pl\/es\/produkt\/gra-fijate-hiszpanski-dopelnienie-blizsze-i-dalsze-pdf\/\",\"name\":\"JUEGO \u201e\u00a1F\u00cdJATE!\u201d \u2013 ESPA\u00d1OL OBJETO DIRECTO\/INDIRECTO -\",\"isPartOf\":{\"@id\":\"https:\/\/oleedu.pl\/#website\"},\"primaryImageOfPage\":{\"@id\":\"https:\/\/oleedu.pl\/es\/produkt\/gra-fijate-hiszpanski-dopelnienie-blizsze-i-dalsze-pdf\/#primaryimage\"},\"image\":{\"@id\":\"https:\/\/oleedu.pl\/es\/produkt\/gra-fijate-hiszpanski-dopelnienie-blizsze-i-dalsze-pdf\/#primaryimage\"},\"thumbnailUrl\":\"https:\/\/oleedu.pl\/wp-content\/uploads\/2019\/01\/mock-1.png\",\"datePublished\":\"2019-02-04T20:48:51+00:00\",\"dateModified\":\"2021-02-02T08:39:54+00:00\",\"breadcrumb\":{\"@id\":\"https:\/\/oleedu.pl\/es\/produkt\/gra-fijate-hiszpanski-dopelnienie-blizsze-i-dalsze-pdf\/#breadcrumb\"},\"inLanguage\":\"es\",\"potentialAction\":[{\"@type\":\"ReadAction\",\"target\":[\"https:\/\/oleedu.pl\/es\/produkt\/gra-fijate-hiszpanski-dopelnienie-blizsze-i-dalsze-pdf\/\"]}]},{\"@type\":\"ImageObject\",\"inLanguage\":\"es\",\"@id\":\"https:\/\/oleedu.pl\/es\/produkt\/gra-fijate-hiszpanski-dopelnienie-blizsze-i-dalsze-pdf\/#primaryimage\",\"url\":\"https:\/\/oleedu.pl\/wp-content\/uploads\/2019\/01\/mock-1.png\",\"contentUrl\":\"https:\/\/oleedu.pl\/wp-content\/uploads\/2019\/01\/mock-1.png\",\"width\":1690,\"height\":1128},{\"@type\":\"BreadcrumbList\",\"@id\":\"https:\/\/oleedu.pl\/es\/produkt\/gra-fijate-hiszpanski-dopelnienie-blizsze-i-dalsze-pdf\/#breadcrumb\",\"itemListElement\":[{\"@type\":\"ListItem\",\"position\":1,\"name\":\"Strona g\u0142\u00f3wna\",\"item\":\"https:\/\/oleedu.pl\/\"},{\"@type\":\"ListItem\",\"position\":2,\"name\":\"Tienda\",\"item\":\"https:\/\/oleedu.pl\/es\/tienda\/\"},{\"@type\":\"ListItem\",\"position\":3,\"name\":\"JUEGO \u201e\u00a1F\u00cdJATE!\u201d \u2013 ESPA\u00d1OL OBJETO DIRECTO\/INDIRECTO\"}]},{\"@type\":\"WebSite\",\"@id\":\"https:\/\/oleedu.pl\/#website\",\"url\":\"https:\/\/oleedu.pl\/\",\"name\":\"\",\"description\":\"by Agnieszka Kruszy\u0144ska\",\"potentialAction\":[{\"@type\":\"SearchAction\",\"target\":{\"@type\":\"EntryPoint\",\"urlTemplate\":\"https:\/\/oleedu.pl\/?s={search_term_string}\"},\"query-input\":{\"@type\":\"PropertyValueSpecification\",\"valueRequired\":true,\"valueName\":\"search_term_string\"}}],\"inLanguage\":\"es\"}]}<\/script>\n<!-- \/ Yoast SEO plugin. -->","yoast_head_json":{"title":"JUEGO \u201e\u00a1F\u00cdJATE!\u201d \u2013 ESPA\u00d1OL OBJETO DIRECTO\/INDIRECTO -","robots":{"index":"index","follow":"follow","max-snippet":"max-snippet:-1","max-image-preview":"max-image-preview:large","max-video-preview":"max-video-preview:-1"},"canonical":"https:\/\/oleedu.pl\/es\/produkt\/gra-fijate-hiszpanski-dopelnienie-blizsze-i-dalsze-pdf\/","og_locale":"es_ES","og_type":"article","og_title":"JUEGO \u201e\u00a1F\u00cdJATE!\u201d \u2013 ESPA\u00d1OL OBJETO DIRECTO\/INDIRECTO -","og_description":"\u201e\u00a1F\u00edjate!\u201d \u2013 juego de cartas (imprimible)\u00a0para practicar y repasar los pronombres de complemento directo e indirecto de manera eficaz y divertida. La mec\u00e1nica de la actividad proviene de un juego de Matem\u00e1ticas \u201c\u00bfQui\u00e9n tiene? Yo tengo.\u201d El contenido est\u00e1 muy bien pensado para facilitarles a los estudiantes de ELE el aprendizaje de esta noci\u00f3n gramatical. Trabajando con este juego los alumnos aprender\u00e1n a diferenciar los pronombres de complemento directo\/indirecto, crear frases y completar las frases con las preposiciones adecuadas (versi\u00f3n 2 del juego). El jego contiene: Instrucciones: 2 barajas de 40 tarjetas con el mismo contenido: Baraja 1 \u2013 40 frases Baraja 2 \u2013 40 frases para completar (sin pronombres de complemento directo\/indirecto). \u00bfC\u00f3mo realizar la compra? A\u00f1ade productos al carrito. Resume tu compra. Completa el formulario (como mi negocio es legal, es necesario que pongas tu direcci\u00f3n porque solamente as\u00ed podr\u00e9 pagar el impuesto adecuado en tu lugar de residencia) y elige el m\u00e9todo de pago. Realiza tu pedido. (La opci\u00f3n \u201eprzelew bankowy\u201d es\u00a0\u00a0la transferencia bancaria\u00a0y\u00a0puede durar m\u00e1s tiempo. Si quieres recibir tus materiales m\u00e1s r\u00e1pido, manda\u00a0un comprobante de pago\u00a0a ole.edukacja@gmail.com) Revisa tu correo electr\u00f3nico. (El material lo recibes despu\u00e9s de registrar la cuota adecuada en mi cuenta bancaria). Si no recibes tu pedido en 24h, m\u00e1ndame un email\u00a0ole.edukacja@gmail.com\u00a0y te ayudar\u00e9.\u00a0? \u00a1Descarga el material y disfruta!\u00a0?Aseg\u00farate de haber descargado el material y haberlo guardado en tu ordenador.","og_url":"https:\/\/oleedu.pl\/es\/produkt\/gra-fijate-hiszpanski-dopelnienie-blizsze-i-dalsze-pdf\/","article_modified_time":"2021-02-02T08:39:54+00:00","og_image":[{"width":1690,"height":1128,"url":"https:\/\/oleedu.pl\/wp-content\/uploads\/2019\/01\/mock-1.png","type":"image\/png"}],"twitter_card":"summary_large_image","twitter_misc":{"Tiempo de lectura":"1 minuto"},"schema":{"@context":"https:\/\/schema.org","@graph":[{"@type":"WebPage","@id":"https:\/\/oleedu.pl\/es\/produkt\/gra-fijate-hiszpanski-dopelnienie-blizsze-i-dalsze-pdf\/","url":"https:\/\/oleedu.pl\/es\/produkt\/gra-fijate-hiszpanski-dopelnienie-blizsze-i-dalsze-pdf\/","name":"JUEGO \u201e\u00a1F\u00cdJATE!\u201d \u2013 ESPA\u00d1OL OBJETO DIRECTO\/INDIRECTO -","isPartOf":{"@id":"https:\/\/oleedu.pl\/#website"},"primaryImageOfPage":{"@id":"https:\/\/oleedu.pl\/es\/produkt\/gra-fijate-hiszpanski-dopelnienie-blizsze-i-dalsze-pdf\/#primaryimage"},"image":{"@id":"https:\/\/oleedu.pl\/es\/produkt\/gra-fijate-hiszpanski-dopelnienie-blizsze-i-dalsze-pdf\/#primaryimage"},"thumbnailUrl":"https:\/\/oleedu.pl\/wp-content\/uploads\/2019\/01\/mock-1.png","datePublished":"2019-02-04T20:48:51+00:00","dateModified":"2021-02-02T08:39:54+00:00","breadcrumb":{"@id":"https:\/\/oleedu.pl\/es\/produkt\/gra-fijate-hiszpanski-dopelnienie-blizsze-i-dalsze-pdf\/#breadcrumb"},"inLanguage":"es","potentialAction":[{"@type":"ReadAction","target":["https:\/\/oleedu.pl\/es\/produkt\/gra-fijate-hiszpanski-dopelnienie-blizsze-i-dalsze-pdf\/"]}]},{"@type":"ImageObject","inLanguage":"es","@id":"https:\/\/oleedu.pl\/es\/produkt\/gra-fijate-hiszpanski-dopelnienie-blizsze-i-dalsze-pdf\/#primaryimage","url":"https:\/\/oleedu.pl\/wp-content\/uploads\/2019\/01\/mock-1.png","contentUrl":"https:\/\/oleedu.pl\/wp-content\/uploads\/2019\/01\/mock-1.png","width":1690,"height":1128},{"@type":"BreadcrumbList","@id":"https:\/\/oleedu.pl\/es\/produkt\/gra-fijate-hiszpanski-dopelnienie-blizsze-i-dalsze-pdf\/#breadcrumb","itemListElement":[{"@type":"ListItem","position":1,"name":"Strona g\u0142\u00f3wna","item":"https:\/\/oleedu.pl\/"},{"@type":"ListItem","position":2,"name":"Tienda","item":"https:\/\/oleedu.pl\/es\/tienda\/"},{"@type":"ListItem","position":3,"name":"JUEGO \u201e\u00a1F\u00cdJATE!\u201d \u2013 ESPA\u00d1OL OBJETO DIRECTO\/INDIRECTO"}]},{"@type":"WebSite","@id":"https:\/\/oleedu.pl\/#website","url":"https:\/\/oleedu.pl\/","name":"","description":"by Agnieszka Kruszy\u0144ska","potentialAction":[{"@type":"SearchAction","target":{"@type":"EntryPoint","urlTemplate":"https:\/\/oleedu.pl\/?s={search_term_string}"},"query-input":{"@type":"PropertyValueSpecification","valueRequired":true,"valueName":"search_term_string"}}],"inLanguage":"es"}]}},"acf":[],"_links":{"self":[{"href":"https:\/\/oleedu.pl\/es\/wp-json\/wp\/v2\/product\/2078","targetHints":{"allow":["GET"]}}],"collection":[{"href":"https:\/\/oleedu.pl\/es\/wp-json\/wp\/v2\/product"}],"about":[{"href":"https:\/\/oleedu.pl\/es\/wp-json\/wp\/v2\/types\/product"}],"wp:featuredmedia":[{"embeddable":true,"href":"https:\/\/oleedu.pl\/es\/wp-json\/wp\/v2\/media\/2069"}],"wp:attachment":[{"href":"https:\/\/oleedu.pl\/es\/wp-json\/wp\/v2\/media?parent=2078"}],"wp:term":[{"taxonomy":"product_brand","embeddable":true,"href":"https:\/\/oleedu.pl\/es\/wp-json\/wp\/v2\/product_brand?post=2078"},{"taxonomy":"product_cat","embeddable":true,"href":"https:\/\/oleedu.pl\/es\/wp-json\/wp\/v2\/product_cat?post=2078"},{"taxonomy":"product_tag","embeddable":true,"href":"https:\/\/oleedu.pl\/es\/wp-json\/wp\/v2\/product_tag?post=2078"}],"curies":[{"name":"wp","href":"https:\/\/api.w.org\/{rel}","templated":true}]}}