{"id":1818,"date":"2021-11-18T07:10:53","date_gmt":"2020-11-08T23:57:53","guid":{"rendered":"https:\/\/oleedu.pl\/?post_type=product&#038;p=1818"},"modified":"2020-11-09T23:25:01","modified_gmt":"2020-11-09T22:25:01","slug":"pack-feliz-navidad-ninos-espanol-pdf","status":"publish","type":"product","link":"https:\/\/oleedu.pl\/es\/produkt\/pack-feliz-navidad-ninos-espanol-pdf\/","title":{"rendered":"PACK \u00a1Feliz Navidad! Ni\u00f1os (espa\u00f1ol, PDF)"},"content":{"rendered":"<p><span style=\"color: #ff0000;\"><strong>\u2665<\/strong> <strong>\u00a1<\/strong><strong>Ojo! Al final de la p<\/strong><strong>\u00e1<\/strong><strong>gina encontrar<\/strong><strong>\u00e1<\/strong><strong>s toda la informaci<\/strong><strong>\u00f3<\/strong><strong>n necesaria sobre c<\/strong><strong>\u00f3<\/strong><strong>mo realizar el pedido y las opciones de pago.<\/strong><\/span><\/p>\n<p>Pack de actividades y juegos navide\u00f1os con dibujos muy bonitos y coloridos. Gracias a estas tareas los ni\u00f1os aprender\u00e1n el vocabulario navide\u00f1o, repasar\u00e1n los n\u00fameros, los colores, las partes del cuerpo, la ropa o el singular\/plural. \u00a1Con este material los peques no quieren dejar de estudiar!<\/p>\n<p><strong>El material contiene (3 archivos pdf):<\/strong><\/p>\n<ul>\n<li>1 x p\u00f3ster de dibujos<\/li>\n<li>1 x p\u00f3ster de dibujos con palabras<\/li>\n<li>1 x memory navide\u00f1o de 30 cartas (15 palabras, 15 dibujos)<\/li>\n<li>1 x juego \u201c\u00bfQu\u00e9 palabra es?\u201d \u00a0de 15 cartas<\/li>\n<li>1 x juego \u201c\u00bfQui\u00e9n tiene?\u201d de 15 cartas<\/li>\n<li>1 x tablero para desarrollar la agudeza visual<\/li>\n<li>1 x Bingo de 12 cartas<\/li>\n<li>1 x juego de regalos (6 cartas con deseos, 6 sacos, cartas con regalos)<\/li>\n<li>1 x juego de palabras escondidas en la barba de Pap\u00e1 Noel (9 cartas)<\/li>\n<\/ul>\n<p><strong>Actividades adicionales:<\/strong><\/p>\n<ul>\n<li>1 x la ropa de Pap\u00e1 Noel y su mujer<\/li>\n<li>1 x partes del cuerpo del reno<\/li>\n<li>1 x juego de contar galletas<\/li>\n<li>1 x plantilla \u201c\u00bfD\u00f3nde est\u00e1 el regalo?\u201d<\/li>\n<li>1 x plantilla \u201cCarta a los Reyes Magos\u201d<\/li>\n<li>1 x plantilla \u201cCarta a Pap\u00e1 Noel\u201d<\/li>\n<li>1 x plantilla para colorear<\/li>\n<\/ul>\n<p>__________________<\/p>\n<h3><span style=\"color: #33cccc;\"><strong>\u00bfC\u00f3mo realizar la compra?<\/strong><\/span><\/h3>\n<ol>\n<li>A\u00f1ade productos al carrito.<\/li>\n<li>Resume tu compra.<\/li>\n<li>Completa el formulario (como mi negocio es legal, es necesario que pongas tu direcci\u00f3n porque solamente as\u00ed podr\u00e9 pagar el impuesto adecuado en tu lugar de residencia) y elige el m\u00e9todo de pago.<\/li>\n<li>Realiza tu pedido. (La opci\u00f3n \u201eprzelew bankowy\u201d es\u00a0\u00a0<strong>la transferencia bancaria\u00a0<\/strong>y\u00a0puede durar m\u00e1s tiempo. Si quieres recibir tus materiales m\u00e1s r\u00e1pido, manda\u00a0<strong>un comprobante de pago\u00a0<\/strong>a\u00a0<strong>hola@oleedu.pl<\/strong>).<\/li>\n<li>Si quieres pagar <strong>con tarjeta de cr\u00e9dito<\/strong>, utiliza la opci\u00f3n <strong>Paypal<\/strong>. En la p\u00e1gina PayPal, debajo del formulario para iniciar la sesi\u00f3n, encontrar\u00e1s la posibilidad de pagar con tarjeta de cr\u00e9dito sin cuenta de PayPal.<\/li>\n<li>Revisa tu correo electr\u00f3nico o descarga el material directamente de la p\u00e1gina. (El material lo recibes despu\u00e9s de registrar la cuota adecuada en mi cuenta bancaria).<\/li>\n<li>Si no recibes tu pedido en 24h, m\u00e1ndame un email\u00a0<strong>hola@oleedu.pl\u00a0<\/strong>y te ayudar\u00e9 con mucho gusto.<\/li>\n<li>\u00a1Descarga el material y disfruta!\u00a0<strong>Aseg\u00farate de haber descargado el material y haberlo guardado en tu ordenador.<\/strong><\/li>\n<\/ol>\n","protected":false},"excerpt":{"rendered":"<p>Pack de actividades y juegos navide\u00f1os para ni\u00f1os.<\/p>\n","protected":false},"featured_media":1811,"template":"","meta":[],"product_brand":[],"product_cat":[384],"product_tag":[284,291,260],"class_list":{"0":"post-1818","1":"product","2":"type-product","3":"status-publish","4":"has-post-thumbnail","6":"product_cat-navidad-es","7":"product_tag-imprimible","8":"product_tag-navidad","9":"product_tag-ninos","11":"first","12":"instock","13":"featured","14":"downloadable","15":"virtual","16":"purchasable","17":"product-type-simple"},"yoast_head":"<!-- This site is optimized with the Yoast SEO plugin v26.8 - https:\/\/yoast.com\/product\/yoast-seo-wordpress\/ -->\n<title>PACK \u00a1Feliz Navidad! Ni\u00f1os (espa\u00f1ol, PDF) -<\/title>\n<meta name=\"robots\" content=\"index, follow, max-snippet:-1, max-image-preview:large, max-video-preview:-1\" \/>\n<link rel=\"canonical\" href=\"https:\/\/oleedu.pl\/es\/produkt\/pack-feliz-navidad-ninos-espanol-pdf\/\" \/>\n<meta property=\"og:locale\" content=\"es_ES\" \/>\n<meta property=\"og:type\" content=\"article\" \/>\n<meta property=\"og:title\" content=\"PACK \u00a1Feliz Navidad! Ni\u00f1os (espa\u00f1ol, PDF) -\" \/>\n<meta property=\"og:description\" content=\"Pack de actividades y juegos navide\u00f1os para ni\u00f1os.\" \/>\n<meta property=\"og:url\" content=\"https:\/\/oleedu.pl\/es\/produkt\/pack-feliz-navidad-ninos-espanol-pdf\/\" \/>\n<meta property=\"article:modified_time\" content=\"2020-11-09T22:25:01+00:00\" \/>\n<meta property=\"og:image\" content=\"https:\/\/oleedu.pl\/wp-content\/uploads\/2018\/12\/mock1.png\" \/>\n\t<meta property=\"og:image:width\" content=\"1721\" \/>\n\t<meta property=\"og:image:height\" content=\"1174\" \/>\n\t<meta property=\"og:image:type\" content=\"image\/png\" \/>\n<meta name=\"twitter:card\" content=\"summary_large_image\" \/>\n<meta name=\"twitter:label1\" content=\"Tiempo de lectura\" \/>\n\t<meta name=\"twitter:data1\" content=\"2 minutos\" \/>\n<script type=\"application\/ld+json\" class=\"yoast-schema-graph\">{\"@context\":\"https:\/\/schema.org\",\"@graph\":[{\"@type\":\"WebPage\",\"@id\":\"https:\/\/oleedu.pl\/es\/produkt\/pack-feliz-navidad-ninos-espanol-pdf\/\",\"url\":\"https:\/\/oleedu.pl\/es\/produkt\/pack-feliz-navidad-ninos-espanol-pdf\/\",\"name\":\"PACK \u00a1Feliz Navidad! Ni\u00f1os (espa\u00f1ol, PDF) -\",\"isPartOf\":{\"@id\":\"https:\/\/oleedu.pl\/#website\"},\"primaryImageOfPage\":{\"@id\":\"https:\/\/oleedu.pl\/es\/produkt\/pack-feliz-navidad-ninos-espanol-pdf\/#primaryimage\"},\"image\":{\"@id\":\"https:\/\/oleedu.pl\/es\/produkt\/pack-feliz-navidad-ninos-espanol-pdf\/#primaryimage\"},\"thumbnailUrl\":\"https:\/\/oleedu.pl\/wp-content\/uploads\/2018\/12\/mock1.png\",\"datePublished\":\"2020-11-08T23:57:53+00:00\",\"dateModified\":\"2020-11-09T22:25:01+00:00\",\"breadcrumb\":{\"@id\":\"https:\/\/oleedu.pl\/es\/produkt\/pack-feliz-navidad-ninos-espanol-pdf\/#breadcrumb\"},\"inLanguage\":\"es\",\"potentialAction\":[{\"@type\":\"ReadAction\",\"target\":[\"https:\/\/oleedu.pl\/es\/produkt\/pack-feliz-navidad-ninos-espanol-pdf\/\"]}]},{\"@type\":\"ImageObject\",\"inLanguage\":\"es\",\"@id\":\"https:\/\/oleedu.pl\/es\/produkt\/pack-feliz-navidad-ninos-espanol-pdf\/#primaryimage\",\"url\":\"https:\/\/oleedu.pl\/wp-content\/uploads\/2018\/12\/mock1.png\",\"contentUrl\":\"https:\/\/oleedu.pl\/wp-content\/uploads\/2018\/12\/mock1.png\",\"width\":1721,\"height\":1174},{\"@type\":\"BreadcrumbList\",\"@id\":\"https:\/\/oleedu.pl\/es\/produkt\/pack-feliz-navidad-ninos-espanol-pdf\/#breadcrumb\",\"itemListElement\":[{\"@type\":\"ListItem\",\"position\":1,\"name\":\"Strona g\u0142\u00f3wna\",\"item\":\"https:\/\/oleedu.pl\/\"},{\"@type\":\"ListItem\",\"position\":2,\"name\":\"Tienda\",\"item\":\"https:\/\/oleedu.pl\/es\/tienda\/\"},{\"@type\":\"ListItem\",\"position\":3,\"name\":\"PACK \u00a1Feliz Navidad! Ni\u00f1os (espa\u00f1ol, PDF)\"}]},{\"@type\":\"WebSite\",\"@id\":\"https:\/\/oleedu.pl\/#website\",\"url\":\"https:\/\/oleedu.pl\/\",\"name\":\"\",\"description\":\"by Agnieszka Kruszy\u0144ska\",\"potentialAction\":[{\"@type\":\"SearchAction\",\"target\":{\"@type\":\"EntryPoint\",\"urlTemplate\":\"https:\/\/oleedu.pl\/?s={search_term_string}\"},\"query-input\":{\"@type\":\"PropertyValueSpecification\",\"valueRequired\":true,\"valueName\":\"search_term_string\"}}],\"inLanguage\":\"es\"}]}<\/script>\n<!-- \/ Yoast SEO plugin. -->","yoast_head_json":{"title":"PACK \u00a1Feliz Navidad! Ni\u00f1os (espa\u00f1ol, PDF) -","robots":{"index":"index","follow":"follow","max-snippet":"max-snippet:-1","max-image-preview":"max-image-preview:large","max-video-preview":"max-video-preview:-1"},"canonical":"https:\/\/oleedu.pl\/es\/produkt\/pack-feliz-navidad-ninos-espanol-pdf\/","og_locale":"es_ES","og_type":"article","og_title":"PACK \u00a1Feliz Navidad! Ni\u00f1os (espa\u00f1ol, PDF) -","og_description":"Pack de actividades y juegos navide\u00f1os para ni\u00f1os.","og_url":"https:\/\/oleedu.pl\/es\/produkt\/pack-feliz-navidad-ninos-espanol-pdf\/","article_modified_time":"2020-11-09T22:25:01+00:00","og_image":[{"width":1721,"height":1174,"url":"https:\/\/oleedu.pl\/wp-content\/uploads\/2018\/12\/mock1.png","type":"image\/png"}],"twitter_card":"summary_large_image","twitter_misc":{"Tiempo de lectura":"2 minutos"},"schema":{"@context":"https:\/\/schema.org","@graph":[{"@type":"WebPage","@id":"https:\/\/oleedu.pl\/es\/produkt\/pack-feliz-navidad-ninos-espanol-pdf\/","url":"https:\/\/oleedu.pl\/es\/produkt\/pack-feliz-navidad-ninos-espanol-pdf\/","name":"PACK \u00a1Feliz Navidad! Ni\u00f1os (espa\u00f1ol, PDF) -","isPartOf":{"@id":"https:\/\/oleedu.pl\/#website"},"primaryImageOfPage":{"@id":"https:\/\/oleedu.pl\/es\/produkt\/pack-feliz-navidad-ninos-espanol-pdf\/#primaryimage"},"image":{"@id":"https:\/\/oleedu.pl\/es\/produkt\/pack-feliz-navidad-ninos-espanol-pdf\/#primaryimage"},"thumbnailUrl":"https:\/\/oleedu.pl\/wp-content\/uploads\/2018\/12\/mock1.png","datePublished":"2020-11-08T23:57:53+00:00","dateModified":"2020-11-09T22:25:01+00:00","breadcrumb":{"@id":"https:\/\/oleedu.pl\/es\/produkt\/pack-feliz-navidad-ninos-espanol-pdf\/#breadcrumb"},"inLanguage":"es","potentialAction":[{"@type":"ReadAction","target":["https:\/\/oleedu.pl\/es\/produkt\/pack-feliz-navidad-ninos-espanol-pdf\/"]}]},{"@type":"ImageObject","inLanguage":"es","@id":"https:\/\/oleedu.pl\/es\/produkt\/pack-feliz-navidad-ninos-espanol-pdf\/#primaryimage","url":"https:\/\/oleedu.pl\/wp-content\/uploads\/2018\/12\/mock1.png","contentUrl":"https:\/\/oleedu.pl\/wp-content\/uploads\/2018\/12\/mock1.png","width":1721,"height":1174},{"@type":"BreadcrumbList","@id":"https:\/\/oleedu.pl\/es\/produkt\/pack-feliz-navidad-ninos-espanol-pdf\/#breadcrumb","itemListElement":[{"@type":"ListItem","position":1,"name":"Strona g\u0142\u00f3wna","item":"https:\/\/oleedu.pl\/"},{"@type":"ListItem","position":2,"name":"Tienda","item":"https:\/\/oleedu.pl\/es\/tienda\/"},{"@type":"ListItem","position":3,"name":"PACK \u00a1Feliz Navidad! Ni\u00f1os (espa\u00f1ol, PDF)"}]},{"@type":"WebSite","@id":"https:\/\/oleedu.pl\/#website","url":"https:\/\/oleedu.pl\/","name":"","description":"by Agnieszka Kruszy\u0144ska","potentialAction":[{"@type":"SearchAction","target":{"@type":"EntryPoint","urlTemplate":"https:\/\/oleedu.pl\/?s={search_term_string}"},"query-input":{"@type":"PropertyValueSpecification","valueRequired":true,"valueName":"search_term_string"}}],"inLanguage":"es"}]}},"acf":[],"_links":{"self":[{"href":"https:\/\/oleedu.pl\/es\/wp-json\/wp\/v2\/product\/1818","targetHints":{"allow":["GET"]}}],"collection":[{"href":"https:\/\/oleedu.pl\/es\/wp-json\/wp\/v2\/product"}],"about":[{"href":"https:\/\/oleedu.pl\/es\/wp-json\/wp\/v2\/types\/product"}],"wp:featuredmedia":[{"embeddable":true,"href":"https:\/\/oleedu.pl\/es\/wp-json\/wp\/v2\/media\/1811"}],"wp:attachment":[{"href":"https:\/\/oleedu.pl\/es\/wp-json\/wp\/v2\/media?parent=1818"}],"wp:term":[{"taxonomy":"product_brand","embeddable":true,"href":"https:\/\/oleedu.pl\/es\/wp-json\/wp\/v2\/product_brand?post=1818"},{"taxonomy":"product_cat","embeddable":true,"href":"https:\/\/oleedu.pl\/es\/wp-json\/wp\/v2\/product_cat?post=1818"},{"taxonomy":"product_tag","embeddable":true,"href":"https:\/\/oleedu.pl\/es\/wp-json\/wp\/v2\/product_tag?post=1818"}],"curies":[{"name":"wp","href":"https:\/\/api.w.org\/{rel}","templated":true}]}}