{"id":1760,"date":"2021-11-18T07:00:01","date_gmt":"2018-11-24T23:27:47","guid":{"rendered":"https:\/\/oleedu.pl\/?post_type=product&#038;p=1760"},"modified":"2019-12-02T23:28:02","modified_gmt":"2019-12-02T22:28:02","slug":"adivina-juego-navideno-espanol-pdf","status":"publish","type":"product","link":"https:\/\/oleedu.pl\/es\/produkt\/adivina-juego-navideno-espanol-pdf\/","title":{"rendered":"\u00a1Adivina! Juego navide\u00f1o espa\u00f1ol (PDF)"},"content":{"rendered":"<p><span style=\"color: #ff0000;\"><strong>\u2665<\/strong> <strong>\u00a1<\/strong><strong>Ojo! Al final de la p<\/strong><strong>\u00e1<\/strong><strong>gina encontrar<\/strong><strong>\u00e1<\/strong><strong>s toda la informaci<\/strong><strong>\u00f3<\/strong><strong>n necesaria sobre c<\/strong><strong>\u00f3<\/strong><strong>mo realizar el pedido y las opciones de pago.<\/strong><\/span><\/p>\n<p>Juego de cartas que despierta la curiosidad del alumnado y e invita a la participaci\u00f3n activa en clase. Gracias a este juego los alumnos conocer\u00e1n el vocabulario navide\u00f1o, pero tambi\u00e9n mejorar\u00e1n la competencia lectora, la creaci\u00f3n de definiciones y descripciones. El juego desarrollar\u00e1 tambi\u00e9n la atenci\u00f3n de los jugadores, ya que algunas descripciones son muy similares.<\/p>\n<p><strong>El juego contiene:<\/strong><\/p>\n<ul>\n<li>26 cartas con palabras<\/li>\n<li>26 cartas con dibujos<\/li>\n<li>26 cartas con pistas<\/li>\n<li>1 p\u00f3ster con dibujos<\/li>\n<li>1 p\u00f3ster con dibujos y palabras<\/li>\n<li>3 fondos para las cartas<\/li>\n<\/ul>\n<p>______________<\/p>\n<h3><span style=\"color: #ff0000;\"><strong>\u00bfC\u00f3mo realizar la compra?<\/strong><\/span><\/h3>\n<ol>\n<li>A\u00f1ade productos al carrito.<\/li>\n<li>Resume tu compra.<\/li>\n<li>Completa el formulario (como mi negocio es legal, es necesario que pongas tu direcci\u00f3n porque solamente as\u00ed podr\u00e9 pagar el impuesto adecuado en tu lugar de residencia) y elige el m\u00e9todo de pago.<\/li>\n<li>Realiza tu pedido. (La opci\u00f3n \u201eprzelew bankowy\u201d es\u00a0\u00a0<strong>la transferencia bancaria\u00a0<\/strong>y\u00a0puede durar m\u00e1s tiempo. Si quieres recibir tus materiales m\u00e1s r\u00e1pido, manda\u00a0<strong>un comprobante de pago\u00a0<\/strong>a\u00a0<strong>hola@oleedu.pl<\/strong>).<\/li>\n<li>Si quieres pagar\u00a0<strong>con tarjeta de cr\u00e9dito<\/strong>, utiliza la opci\u00f3n\u00a0<strong>Paypal<\/strong>. En la p\u00e1gina PayPal, debajo del formulario para iniciar la sesi\u00f3n, encontrar\u00e1s la posibilidad de pagar con tarjeta de cr\u00e9dito sin cuenta de PayPal.<\/li>\n<li>Revisa tu correo electr\u00f3nico o descarga el material directamente de la p\u00e1gina. (El material lo recibes despu\u00e9s de registrar la cuota adecuada en mi cuenta bancaria).<\/li>\n<li>Si no recibes tu pedido en 24h, m\u00e1ndame un email\u00a0<strong>hola@oleedu.pl\u00a0<\/strong>y te ayudar\u00e9 con mucho gusto.<\/li>\n<li>\u00a1Descarga el material y disfruta!\u00a0<strong>Aseg\u00farate de haber descargado el material y haberlo guardado en tu ordenador.<\/strong><\/li>\n<\/ol>\n<p>&nbsp;<\/p>\n","protected":false},"excerpt":{"rendered":"<p>\u2665 \u00a1Ojo! Al final de la p\u00e1gina encontrar\u00e1s toda la informaci\u00f3n necesaria sobre c\u00f3mo realizar el pedido y las opciones de pago. Juego de cartas que despierta la curiosidad del alumnado y e invita a la participaci\u00f3n activa en clase. Gracias a este juego los alumnos conocer\u00e1n el vocabulario navide\u00f1o, pero tambi\u00e9n mejorar\u00e1n la competencia lectora, la creaci\u00f3n de definiciones y descripciones. El juego desarrollar\u00e1 tambi\u00e9n la atenci\u00f3n de los jugadores, ya que algunas descripciones son muy similares. El juego contiene: 26 cartas con palabras 26 cartas con dibujos 26 cartas con pistas 1 p\u00f3ster con dibujos 1 p\u00f3ster con dibujos y palabras 3 fondos para las cartas ______________ \u00bfC\u00f3mo realizar la compra? A\u00f1ade productos al carrito. Resume tu compra. Completa el formulario (como mi negocio es legal, es necesario que pongas tu direcci\u00f3n porque solamente as\u00ed podr\u00e9 pagar el impuesto adecuado en tu lugar de residencia) y elige el m\u00e9todo de pago. Realiza tu pedido. (La opci\u00f3n \u201eprzelew bankowy\u201d es\u00a0\u00a0la transferencia bancaria\u00a0y\u00a0puede durar m\u00e1s tiempo. Si quieres recibir tus materiales m\u00e1s r\u00e1pido, manda\u00a0un comprobante de pago\u00a0a\u00a0hola@oleedu.pl). Si quieres pagar\u00a0con tarjeta de cr\u00e9dito, utiliza la opci\u00f3n\u00a0Paypal. En la p\u00e1gina PayPal, debajo del formulario para iniciar la sesi\u00f3n, encontrar\u00e1s la posibilidad de pagar con tarjeta de cr\u00e9dito sin cuenta de PayPal. Revisa tu correo electr\u00f3nico o descarga el material directamente de la p\u00e1gina. (El material lo recibes despu\u00e9s de registrar la cuota adecuada en mi cuenta bancaria). Si no recibes tu pedido en 24h, m\u00e1ndame un email\u00a0hola@oleedu.pl\u00a0y te ayudar\u00e9 con mucho gusto. \u00a1Descarga el material y disfruta!\u00a0Aseg\u00farate de haber descargado el material y haberlo guardado en tu ordenador. &nbsp;<\/p>\n","protected":false},"featured_media":1757,"template":"","meta":[],"product_brand":[],"product_cat":[384],"product_tag":[284,280,291],"class_list":{"0":"post-1760","1":"product","2":"type-product","3":"status-publish","4":"has-post-thumbnail","6":"product_cat-navidad-es","7":"product_tag-imprimible","8":"product_tag-juego-de-cartas","9":"product_tag-navidad","11":"first","12":"instock","13":"downloadable","14":"virtual","15":"purchasable","16":"product-type-simple"},"yoast_head":"<!-- This site is optimized with the Yoast SEO plugin v26.8 - https:\/\/yoast.com\/product\/yoast-seo-wordpress\/ -->\n<title>\u00a1Adivina! Juego navide\u00f1o espa\u00f1ol (PDF) -<\/title>\n<meta name=\"robots\" content=\"index, follow, max-snippet:-1, max-image-preview:large, max-video-preview:-1\" \/>\n<link rel=\"canonical\" href=\"https:\/\/oleedu.pl\/es\/produkt\/adivina-juego-navideno-espanol-pdf\/\" \/>\n<meta property=\"og:locale\" content=\"es_ES\" \/>\n<meta property=\"og:type\" content=\"article\" \/>\n<meta property=\"og:title\" content=\"\u00a1Adivina! Juego navide\u00f1o espa\u00f1ol (PDF) -\" \/>\n<meta property=\"og:description\" content=\"\u2665 \u00a1Ojo! Al final de la p\u00e1gina encontrar\u00e1s toda la informaci\u00f3n necesaria sobre c\u00f3mo realizar el pedido y las opciones de pago. Juego de cartas que despierta la curiosidad del alumnado y e invita a la participaci\u00f3n activa en clase. Gracias a este juego los alumnos conocer\u00e1n el vocabulario navide\u00f1o, pero tambi\u00e9n mejorar\u00e1n la competencia lectora, la creaci\u00f3n de definiciones y descripciones. El juego desarrollar\u00e1 tambi\u00e9n la atenci\u00f3n de los jugadores, ya que algunas descripciones son muy similares. El juego contiene: 26 cartas con palabras 26 cartas con dibujos 26 cartas con pistas 1 p\u00f3ster con dibujos 1 p\u00f3ster con dibujos y palabras 3 fondos para las cartas ______________ \u00bfC\u00f3mo realizar la compra? A\u00f1ade productos al carrito. Resume tu compra. Completa el formulario (como mi negocio es legal, es necesario que pongas tu direcci\u00f3n porque solamente as\u00ed podr\u00e9 pagar el impuesto adecuado en tu lugar de residencia) y elige el m\u00e9todo de pago. Realiza tu pedido. (La opci\u00f3n \u201eprzelew bankowy\u201d es\u00a0\u00a0la transferencia bancaria\u00a0y\u00a0puede durar m\u00e1s tiempo. Si quieres recibir tus materiales m\u00e1s r\u00e1pido, manda\u00a0un comprobante de pago\u00a0a\u00a0hola@oleedu.pl). Si quieres pagar\u00a0con tarjeta de cr\u00e9dito, utiliza la opci\u00f3n\u00a0Paypal. En la p\u00e1gina PayPal, debajo del formulario para iniciar la sesi\u00f3n, encontrar\u00e1s la posibilidad de pagar con tarjeta de cr\u00e9dito sin cuenta de PayPal. Revisa tu correo electr\u00f3nico o descarga el material directamente de la p\u00e1gina. (El material lo recibes despu\u00e9s de registrar la cuota adecuada en mi cuenta bancaria). Si no recibes tu pedido en 24h, m\u00e1ndame un email\u00a0hola@oleedu.pl\u00a0y te ayudar\u00e9 con mucho gusto. \u00a1Descarga el material y disfruta!\u00a0Aseg\u00farate de haber descargado el material y haberlo guardado en tu ordenador. &nbsp;\" \/>\n<meta property=\"og:url\" content=\"https:\/\/oleedu.pl\/es\/produkt\/adivina-juego-navideno-espanol-pdf\/\" \/>\n<meta property=\"article:modified_time\" content=\"2019-12-02T22:28:02+00:00\" \/>\n<meta property=\"og:image\" content=\"https:\/\/oleedu.pl\/wp-content\/uploads\/2018\/11\/mock.png\" \/>\n\t<meta property=\"og:image:width\" content=\"1760\" \/>\n\t<meta property=\"og:image:height\" content=\"1229\" \/>\n\t<meta property=\"og:image:type\" content=\"image\/png\" \/>\n<meta name=\"twitter:card\" content=\"summary_large_image\" \/>\n<meta name=\"twitter:label1\" content=\"Tiempo de lectura\" \/>\n\t<meta name=\"twitter:data1\" content=\"2 minutos\" \/>\n<script type=\"application\/ld+json\" class=\"yoast-schema-graph\">{\"@context\":\"https:\/\/schema.org\",\"@graph\":[{\"@type\":\"WebPage\",\"@id\":\"https:\/\/oleedu.pl\/es\/produkt\/adivina-juego-navideno-espanol-pdf\/\",\"url\":\"https:\/\/oleedu.pl\/es\/produkt\/adivina-juego-navideno-espanol-pdf\/\",\"name\":\"\u00a1Adivina! Juego navide\u00f1o espa\u00f1ol (PDF) -\",\"isPartOf\":{\"@id\":\"https:\/\/oleedu.pl\/#website\"},\"primaryImageOfPage\":{\"@id\":\"https:\/\/oleedu.pl\/es\/produkt\/adivina-juego-navideno-espanol-pdf\/#primaryimage\"},\"image\":{\"@id\":\"https:\/\/oleedu.pl\/es\/produkt\/adivina-juego-navideno-espanol-pdf\/#primaryimage\"},\"thumbnailUrl\":\"https:\/\/oleedu.pl\/wp-content\/uploads\/2018\/11\/mock.png\",\"datePublished\":\"2018-11-24T23:27:47+00:00\",\"dateModified\":\"2019-12-02T22:28:02+00:00\",\"breadcrumb\":{\"@id\":\"https:\/\/oleedu.pl\/es\/produkt\/adivina-juego-navideno-espanol-pdf\/#breadcrumb\"},\"inLanguage\":\"es\",\"potentialAction\":[{\"@type\":\"ReadAction\",\"target\":[\"https:\/\/oleedu.pl\/es\/produkt\/adivina-juego-navideno-espanol-pdf\/\"]}]},{\"@type\":\"ImageObject\",\"inLanguage\":\"es\",\"@id\":\"https:\/\/oleedu.pl\/es\/produkt\/adivina-juego-navideno-espanol-pdf\/#primaryimage\",\"url\":\"https:\/\/oleedu.pl\/wp-content\/uploads\/2018\/11\/mock.png\",\"contentUrl\":\"https:\/\/oleedu.pl\/wp-content\/uploads\/2018\/11\/mock.png\",\"width\":1760,\"height\":1229},{\"@type\":\"BreadcrumbList\",\"@id\":\"https:\/\/oleedu.pl\/es\/produkt\/adivina-juego-navideno-espanol-pdf\/#breadcrumb\",\"itemListElement\":[{\"@type\":\"ListItem\",\"position\":1,\"name\":\"Strona g\u0142\u00f3wna\",\"item\":\"https:\/\/oleedu.pl\/\"},{\"@type\":\"ListItem\",\"position\":2,\"name\":\"Tienda\",\"item\":\"https:\/\/oleedu.pl\/es\/tienda\/\"},{\"@type\":\"ListItem\",\"position\":3,\"name\":\"\u00a1Adivina! Juego navide\u00f1o espa\u00f1ol (PDF)\"}]},{\"@type\":\"WebSite\",\"@id\":\"https:\/\/oleedu.pl\/#website\",\"url\":\"https:\/\/oleedu.pl\/\",\"name\":\"\",\"description\":\"by Agnieszka Kruszy\u0144ska\",\"potentialAction\":[{\"@type\":\"SearchAction\",\"target\":{\"@type\":\"EntryPoint\",\"urlTemplate\":\"https:\/\/oleedu.pl\/?s={search_term_string}\"},\"query-input\":{\"@type\":\"PropertyValueSpecification\",\"valueRequired\":true,\"valueName\":\"search_term_string\"}}],\"inLanguage\":\"es\"}]}<\/script>\n<!-- \/ Yoast SEO plugin. -->","yoast_head_json":{"title":"\u00a1Adivina! Juego navide\u00f1o espa\u00f1ol (PDF) -","robots":{"index":"index","follow":"follow","max-snippet":"max-snippet:-1","max-image-preview":"max-image-preview:large","max-video-preview":"max-video-preview:-1"},"canonical":"https:\/\/oleedu.pl\/es\/produkt\/adivina-juego-navideno-espanol-pdf\/","og_locale":"es_ES","og_type":"article","og_title":"\u00a1Adivina! Juego navide\u00f1o espa\u00f1ol (PDF) -","og_description":"\u2665 \u00a1Ojo! Al final de la p\u00e1gina encontrar\u00e1s toda la informaci\u00f3n necesaria sobre c\u00f3mo realizar el pedido y las opciones de pago. Juego de cartas que despierta la curiosidad del alumnado y e invita a la participaci\u00f3n activa en clase. Gracias a este juego los alumnos conocer\u00e1n el vocabulario navide\u00f1o, pero tambi\u00e9n mejorar\u00e1n la competencia lectora, la creaci\u00f3n de definiciones y descripciones. El juego desarrollar\u00e1 tambi\u00e9n la atenci\u00f3n de los jugadores, ya que algunas descripciones son muy similares. El juego contiene: 26 cartas con palabras 26 cartas con dibujos 26 cartas con pistas 1 p\u00f3ster con dibujos 1 p\u00f3ster con dibujos y palabras 3 fondos para las cartas ______________ \u00bfC\u00f3mo realizar la compra? A\u00f1ade productos al carrito. Resume tu compra. Completa el formulario (como mi negocio es legal, es necesario que pongas tu direcci\u00f3n porque solamente as\u00ed podr\u00e9 pagar el impuesto adecuado en tu lugar de residencia) y elige el m\u00e9todo de pago. Realiza tu pedido. (La opci\u00f3n \u201eprzelew bankowy\u201d es\u00a0\u00a0la transferencia bancaria\u00a0y\u00a0puede durar m\u00e1s tiempo. Si quieres recibir tus materiales m\u00e1s r\u00e1pido, manda\u00a0un comprobante de pago\u00a0a\u00a0hola@oleedu.pl). Si quieres pagar\u00a0con tarjeta de cr\u00e9dito, utiliza la opci\u00f3n\u00a0Paypal. En la p\u00e1gina PayPal, debajo del formulario para iniciar la sesi\u00f3n, encontrar\u00e1s la posibilidad de pagar con tarjeta de cr\u00e9dito sin cuenta de PayPal. Revisa tu correo electr\u00f3nico o descarga el material directamente de la p\u00e1gina. (El material lo recibes despu\u00e9s de registrar la cuota adecuada en mi cuenta bancaria). Si no recibes tu pedido en 24h, m\u00e1ndame un email\u00a0hola@oleedu.pl\u00a0y te ayudar\u00e9 con mucho gusto. \u00a1Descarga el material y disfruta!\u00a0Aseg\u00farate de haber descargado el material y haberlo guardado en tu ordenador. &nbsp;","og_url":"https:\/\/oleedu.pl\/es\/produkt\/adivina-juego-navideno-espanol-pdf\/","article_modified_time":"2019-12-02T22:28:02+00:00","og_image":[{"width":1760,"height":1229,"url":"https:\/\/oleedu.pl\/wp-content\/uploads\/2018\/11\/mock.png","type":"image\/png"}],"twitter_card":"summary_large_image","twitter_misc":{"Tiempo de lectura":"2 minutos"},"schema":{"@context":"https:\/\/schema.org","@graph":[{"@type":"WebPage","@id":"https:\/\/oleedu.pl\/es\/produkt\/adivina-juego-navideno-espanol-pdf\/","url":"https:\/\/oleedu.pl\/es\/produkt\/adivina-juego-navideno-espanol-pdf\/","name":"\u00a1Adivina! Juego navide\u00f1o espa\u00f1ol (PDF) -","isPartOf":{"@id":"https:\/\/oleedu.pl\/#website"},"primaryImageOfPage":{"@id":"https:\/\/oleedu.pl\/es\/produkt\/adivina-juego-navideno-espanol-pdf\/#primaryimage"},"image":{"@id":"https:\/\/oleedu.pl\/es\/produkt\/adivina-juego-navideno-espanol-pdf\/#primaryimage"},"thumbnailUrl":"https:\/\/oleedu.pl\/wp-content\/uploads\/2018\/11\/mock.png","datePublished":"2018-11-24T23:27:47+00:00","dateModified":"2019-12-02T22:28:02+00:00","breadcrumb":{"@id":"https:\/\/oleedu.pl\/es\/produkt\/adivina-juego-navideno-espanol-pdf\/#breadcrumb"},"inLanguage":"es","potentialAction":[{"@type":"ReadAction","target":["https:\/\/oleedu.pl\/es\/produkt\/adivina-juego-navideno-espanol-pdf\/"]}]},{"@type":"ImageObject","inLanguage":"es","@id":"https:\/\/oleedu.pl\/es\/produkt\/adivina-juego-navideno-espanol-pdf\/#primaryimage","url":"https:\/\/oleedu.pl\/wp-content\/uploads\/2018\/11\/mock.png","contentUrl":"https:\/\/oleedu.pl\/wp-content\/uploads\/2018\/11\/mock.png","width":1760,"height":1229},{"@type":"BreadcrumbList","@id":"https:\/\/oleedu.pl\/es\/produkt\/adivina-juego-navideno-espanol-pdf\/#breadcrumb","itemListElement":[{"@type":"ListItem","position":1,"name":"Strona g\u0142\u00f3wna","item":"https:\/\/oleedu.pl\/"},{"@type":"ListItem","position":2,"name":"Tienda","item":"https:\/\/oleedu.pl\/es\/tienda\/"},{"@type":"ListItem","position":3,"name":"\u00a1Adivina! Juego navide\u00f1o espa\u00f1ol (PDF)"}]},{"@type":"WebSite","@id":"https:\/\/oleedu.pl\/#website","url":"https:\/\/oleedu.pl\/","name":"","description":"by Agnieszka Kruszy\u0144ska","potentialAction":[{"@type":"SearchAction","target":{"@type":"EntryPoint","urlTemplate":"https:\/\/oleedu.pl\/?s={search_term_string}"},"query-input":{"@type":"PropertyValueSpecification","valueRequired":true,"valueName":"search_term_string"}}],"inLanguage":"es"}]}},"acf":[],"_links":{"self":[{"href":"https:\/\/oleedu.pl\/es\/wp-json\/wp\/v2\/product\/1760","targetHints":{"allow":["GET"]}}],"collection":[{"href":"https:\/\/oleedu.pl\/es\/wp-json\/wp\/v2\/product"}],"about":[{"href":"https:\/\/oleedu.pl\/es\/wp-json\/wp\/v2\/types\/product"}],"wp:featuredmedia":[{"embeddable":true,"href":"https:\/\/oleedu.pl\/es\/wp-json\/wp\/v2\/media\/1757"}],"wp:attachment":[{"href":"https:\/\/oleedu.pl\/es\/wp-json\/wp\/v2\/media?parent=1760"}],"wp:term":[{"taxonomy":"product_brand","embeddable":true,"href":"https:\/\/oleedu.pl\/es\/wp-json\/wp\/v2\/product_brand?post=1760"},{"taxonomy":"product_cat","embeddable":true,"href":"https:\/\/oleedu.pl\/es\/wp-json\/wp\/v2\/product_cat?post=1760"},{"taxonomy":"product_tag","embeddable":true,"href":"https:\/\/oleedu.pl\/es\/wp-json\/wp\/v2\/product_tag?post=1760"}],"curies":[{"name":"wp","href":"https:\/\/api.w.org\/{rel}","templated":true}]}}