{"id":1728,"date":"2018-11-07T20:35:57","date_gmt":"2018-11-07T19:35:57","guid":{"rendered":"https:\/\/oleedu.pl\/?post_type=product&#038;p=1728"},"modified":"2018-11-10T19:28:53","modified_gmt":"2018-11-10T18:28:53","slug":"cuqui-el-perro-curioso-ubicar-objetos-espanol-pdf-kopia","status":"publish","type":"product","link":"https:\/\/oleedu.pl\/es\/produkt\/cuqui-el-perro-curioso-ubicar-objetos-espanol-pdf-kopia\/","title":{"rendered":"\u00abCuqui visita la granja\u00bb ubicar objetos espa\u00f1ol (PDF)"},"content":{"rendered":"<p><i>Cuqui visita la granja <\/i>es un juego que les ayuda a los alumnos a aprender el vocabulario y las estructuras necesarias para localizar objetos.<\/p>\n<p>Todo esto con la ayuda de Cuqui, un perrito dulce y alegre.<\/p>\n<p><b>El juego contiene:<\/b><\/p>\n<ul>\n<li>1 p\u00f3ster A4 con la foto de la familia de Cuqui<\/li>\n<li>1 p\u00f3ster-imagen para hablar y describir la ubicaci\u00f3n de objetos<\/li>\n<li>1 p\u00f3ster A4 con el vocabulario del juego (en la granja)<\/li>\n<li>1 tablero (dividido en dos partes)<\/li>\n<li>72 cartas con im\u00e1genes<\/li>\n<li>72 cartas con frases<\/li>\n<li>tajetas sorpresa<\/li>\n<\/ul>\n<p>______<\/p>\n<h3><strong>\u00bfC\u00f3mo realizar la compra?<\/strong><\/h3>\n<ol>\n<li>A\u00f1ade productos al carrito.<\/li>\n<li>Resume tu compra.<\/li>\n<li>Completa el formulario (como mi negocio es legal, es necesario que pongas tu direcci\u00f3n porque solamente as\u00ed podr\u00e9 pagar el impuesto adecuado en tu lugar de residencia) y elige el m\u00e9todo de pago.<\/li>\n<li>Realiza tu pedido.<\/li>\n<li>Revisa tu correo electr\u00f3nico. (El material lo recibes despu\u00e9s de registrar la cuota adecuada en mi cuenta bancaria).<\/li>\n<li>Si no recibes tu pedido en 24h, m\u00e1ndame un email\u00a0<strong>ole.edukacja@gmail.com<\/strong>\u00a0y te ayudar\u00e9.\u00a0?<\/li>\n<li>\u00a1Descarga el material y disfruta!\u00a0?<strong>Aseg\u00farate de haber descargado el material y haberlo guardado en tu ordenador.<\/strong><\/li>\n<\/ol>\n","protected":false},"excerpt":{"rendered":"<p>Localizar objetos: juegos y actividades.<\/p>\n","protected":false},"featured_media":1730,"template":"","meta":[],"product_brand":[],"product_cat":[95],"product_tag":[281,284,289],"class_list":{"0":"post-1728","1":"product","2":"type-product","3":"status-publish","4":"has-post-thumbnail","6":"product_cat-sin-categoria","7":"product_tag-gramatica","8":"product_tag-imprimible","9":"product_tag-ubicacion","11":"first","12":"instock","13":"downloadable","14":"virtual","15":"purchasable","16":"product-type-simple"},"yoast_head":"<!-- This site is optimized with the Yoast SEO plugin v26.8 - https:\/\/yoast.com\/product\/yoast-seo-wordpress\/ -->\n<title>&quot;Cuqui visita la granja&quot; ubicar objetos espa\u00f1ol (PDF) -<\/title>\n<meta name=\"robots\" content=\"index, follow, max-snippet:-1, max-image-preview:large, max-video-preview:-1\" \/>\n<link rel=\"canonical\" href=\"https:\/\/oleedu.pl\/es\/produkt\/cuqui-el-perro-curioso-ubicar-objetos-espanol-pdf-kopia\/\" \/>\n<meta property=\"og:locale\" content=\"es_ES\" \/>\n<meta property=\"og:type\" content=\"article\" \/>\n<meta property=\"og:title\" content=\"&quot;Cuqui visita la granja&quot; ubicar objetos espa\u00f1ol (PDF) -\" \/>\n<meta property=\"og:description\" content=\"Localizar objetos: juegos y actividades.\" \/>\n<meta property=\"og:url\" content=\"https:\/\/oleedu.pl\/es\/produkt\/cuqui-el-perro-curioso-ubicar-objetos-espanol-pdf-kopia\/\" \/>\n<meta property=\"article:modified_time\" content=\"2018-11-10T18:28:53+00:00\" \/>\n<meta property=\"og:image\" content=\"https:\/\/oleedu.pl\/wp-content\/uploads\/2018\/11\/mockcuqui2.png\" \/>\n\t<meta property=\"og:image:width\" content=\"1585\" \/>\n\t<meta property=\"og:image:height\" content=\"1237\" \/>\n\t<meta property=\"og:image:type\" content=\"image\/png\" \/>\n<meta name=\"twitter:card\" content=\"summary_large_image\" \/>\n<meta name=\"twitter:label1\" content=\"Tiempo de lectura\" \/>\n\t<meta name=\"twitter:data1\" content=\"1 minuto\" \/>\n<script type=\"application\/ld+json\" class=\"yoast-schema-graph\">{\"@context\":\"https:\/\/schema.org\",\"@graph\":[{\"@type\":\"WebPage\",\"@id\":\"https:\/\/oleedu.pl\/es\/produkt\/cuqui-el-perro-curioso-ubicar-objetos-espanol-pdf-kopia\/\",\"url\":\"https:\/\/oleedu.pl\/es\/produkt\/cuqui-el-perro-curioso-ubicar-objetos-espanol-pdf-kopia\/\",\"name\":\"\\\"Cuqui visita la granja\\\" ubicar objetos espa\u00f1ol (PDF) -\",\"isPartOf\":{\"@id\":\"https:\/\/oleedu.pl\/#website\"},\"primaryImageOfPage\":{\"@id\":\"https:\/\/oleedu.pl\/es\/produkt\/cuqui-el-perro-curioso-ubicar-objetos-espanol-pdf-kopia\/#primaryimage\"},\"image\":{\"@id\":\"https:\/\/oleedu.pl\/es\/produkt\/cuqui-el-perro-curioso-ubicar-objetos-espanol-pdf-kopia\/#primaryimage\"},\"thumbnailUrl\":\"https:\/\/oleedu.pl\/wp-content\/uploads\/2018\/11\/mockcuqui2.png\",\"datePublished\":\"2018-11-07T19:35:57+00:00\",\"dateModified\":\"2018-11-10T18:28:53+00:00\",\"breadcrumb\":{\"@id\":\"https:\/\/oleedu.pl\/es\/produkt\/cuqui-el-perro-curioso-ubicar-objetos-espanol-pdf-kopia\/#breadcrumb\"},\"inLanguage\":\"es\",\"potentialAction\":[{\"@type\":\"ReadAction\",\"target\":[\"https:\/\/oleedu.pl\/es\/produkt\/cuqui-el-perro-curioso-ubicar-objetos-espanol-pdf-kopia\/\"]}]},{\"@type\":\"ImageObject\",\"inLanguage\":\"es\",\"@id\":\"https:\/\/oleedu.pl\/es\/produkt\/cuqui-el-perro-curioso-ubicar-objetos-espanol-pdf-kopia\/#primaryimage\",\"url\":\"https:\/\/oleedu.pl\/wp-content\/uploads\/2018\/11\/mockcuqui2.png\",\"contentUrl\":\"https:\/\/oleedu.pl\/wp-content\/uploads\/2018\/11\/mockcuqui2.png\",\"width\":1585,\"height\":1237},{\"@type\":\"BreadcrumbList\",\"@id\":\"https:\/\/oleedu.pl\/es\/produkt\/cuqui-el-perro-curioso-ubicar-objetos-espanol-pdf-kopia\/#breadcrumb\",\"itemListElement\":[{\"@type\":\"ListItem\",\"position\":1,\"name\":\"Strona g\u0142\u00f3wna\",\"item\":\"https:\/\/oleedu.pl\/\"},{\"@type\":\"ListItem\",\"position\":2,\"name\":\"Tienda\",\"item\":\"https:\/\/oleedu.pl\/es\/tienda\/\"},{\"@type\":\"ListItem\",\"position\":3,\"name\":\"\u00abCuqui visita la granja\u00bb ubicar objetos espa\u00f1ol (PDF)\"}]},{\"@type\":\"WebSite\",\"@id\":\"https:\/\/oleedu.pl\/#website\",\"url\":\"https:\/\/oleedu.pl\/\",\"name\":\"\",\"description\":\"by Agnieszka Kruszy\u0144ska\",\"potentialAction\":[{\"@type\":\"SearchAction\",\"target\":{\"@type\":\"EntryPoint\",\"urlTemplate\":\"https:\/\/oleedu.pl\/?s={search_term_string}\"},\"query-input\":{\"@type\":\"PropertyValueSpecification\",\"valueRequired\":true,\"valueName\":\"search_term_string\"}}],\"inLanguage\":\"es\"}]}<\/script>\n<!-- \/ Yoast SEO plugin. -->","yoast_head_json":{"title":"\"Cuqui visita la granja\" ubicar objetos espa\u00f1ol (PDF) -","robots":{"index":"index","follow":"follow","max-snippet":"max-snippet:-1","max-image-preview":"max-image-preview:large","max-video-preview":"max-video-preview:-1"},"canonical":"https:\/\/oleedu.pl\/es\/produkt\/cuqui-el-perro-curioso-ubicar-objetos-espanol-pdf-kopia\/","og_locale":"es_ES","og_type":"article","og_title":"\"Cuqui visita la granja\" ubicar objetos espa\u00f1ol (PDF) -","og_description":"Localizar objetos: juegos y actividades.","og_url":"https:\/\/oleedu.pl\/es\/produkt\/cuqui-el-perro-curioso-ubicar-objetos-espanol-pdf-kopia\/","article_modified_time":"2018-11-10T18:28:53+00:00","og_image":[{"width":1585,"height":1237,"url":"https:\/\/oleedu.pl\/wp-content\/uploads\/2018\/11\/mockcuqui2.png","type":"image\/png"}],"twitter_card":"summary_large_image","twitter_misc":{"Tiempo de lectura":"1 minuto"},"schema":{"@context":"https:\/\/schema.org","@graph":[{"@type":"WebPage","@id":"https:\/\/oleedu.pl\/es\/produkt\/cuqui-el-perro-curioso-ubicar-objetos-espanol-pdf-kopia\/","url":"https:\/\/oleedu.pl\/es\/produkt\/cuqui-el-perro-curioso-ubicar-objetos-espanol-pdf-kopia\/","name":"\"Cuqui visita la granja\" ubicar objetos espa\u00f1ol (PDF) -","isPartOf":{"@id":"https:\/\/oleedu.pl\/#website"},"primaryImageOfPage":{"@id":"https:\/\/oleedu.pl\/es\/produkt\/cuqui-el-perro-curioso-ubicar-objetos-espanol-pdf-kopia\/#primaryimage"},"image":{"@id":"https:\/\/oleedu.pl\/es\/produkt\/cuqui-el-perro-curioso-ubicar-objetos-espanol-pdf-kopia\/#primaryimage"},"thumbnailUrl":"https:\/\/oleedu.pl\/wp-content\/uploads\/2018\/11\/mockcuqui2.png","datePublished":"2018-11-07T19:35:57+00:00","dateModified":"2018-11-10T18:28:53+00:00","breadcrumb":{"@id":"https:\/\/oleedu.pl\/es\/produkt\/cuqui-el-perro-curioso-ubicar-objetos-espanol-pdf-kopia\/#breadcrumb"},"inLanguage":"es","potentialAction":[{"@type":"ReadAction","target":["https:\/\/oleedu.pl\/es\/produkt\/cuqui-el-perro-curioso-ubicar-objetos-espanol-pdf-kopia\/"]}]},{"@type":"ImageObject","inLanguage":"es","@id":"https:\/\/oleedu.pl\/es\/produkt\/cuqui-el-perro-curioso-ubicar-objetos-espanol-pdf-kopia\/#primaryimage","url":"https:\/\/oleedu.pl\/wp-content\/uploads\/2018\/11\/mockcuqui2.png","contentUrl":"https:\/\/oleedu.pl\/wp-content\/uploads\/2018\/11\/mockcuqui2.png","width":1585,"height":1237},{"@type":"BreadcrumbList","@id":"https:\/\/oleedu.pl\/es\/produkt\/cuqui-el-perro-curioso-ubicar-objetos-espanol-pdf-kopia\/#breadcrumb","itemListElement":[{"@type":"ListItem","position":1,"name":"Strona g\u0142\u00f3wna","item":"https:\/\/oleedu.pl\/"},{"@type":"ListItem","position":2,"name":"Tienda","item":"https:\/\/oleedu.pl\/es\/tienda\/"},{"@type":"ListItem","position":3,"name":"\u00abCuqui visita la granja\u00bb ubicar objetos espa\u00f1ol (PDF)"}]},{"@type":"WebSite","@id":"https:\/\/oleedu.pl\/#website","url":"https:\/\/oleedu.pl\/","name":"","description":"by Agnieszka Kruszy\u0144ska","potentialAction":[{"@type":"SearchAction","target":{"@type":"EntryPoint","urlTemplate":"https:\/\/oleedu.pl\/?s={search_term_string}"},"query-input":{"@type":"PropertyValueSpecification","valueRequired":true,"valueName":"search_term_string"}}],"inLanguage":"es"}]}},"acf":[],"_links":{"self":[{"href":"https:\/\/oleedu.pl\/es\/wp-json\/wp\/v2\/product\/1728","targetHints":{"allow":["GET"]}}],"collection":[{"href":"https:\/\/oleedu.pl\/es\/wp-json\/wp\/v2\/product"}],"about":[{"href":"https:\/\/oleedu.pl\/es\/wp-json\/wp\/v2\/types\/product"}],"wp:featuredmedia":[{"embeddable":true,"href":"https:\/\/oleedu.pl\/es\/wp-json\/wp\/v2\/media\/1730"}],"wp:attachment":[{"href":"https:\/\/oleedu.pl\/es\/wp-json\/wp\/v2\/media?parent=1728"}],"wp:term":[{"taxonomy":"product_brand","embeddable":true,"href":"https:\/\/oleedu.pl\/es\/wp-json\/wp\/v2\/product_brand?post=1728"},{"taxonomy":"product_cat","embeddable":true,"href":"https:\/\/oleedu.pl\/es\/wp-json\/wp\/v2\/product_cat?post=1728"},{"taxonomy":"product_tag","embeddable":true,"href":"https:\/\/oleedu.pl\/es\/wp-json\/wp\/v2\/product_tag?post=1728"}],"curies":[{"name":"wp","href":"https:\/\/api.w.org\/{rel}","templated":true}]}}