{"id":1726,"date":"2018-11-10T19:02:43","date_gmt":"2018-11-10T18:27:28","guid":{"rendered":"https:\/\/oleedu.pl\/?post_type=product&#038;p=1726"},"modified":"2018-11-10T19:27:28","modified_gmt":"2018-11-10T18:27:28","slug":"cuqui-el-perro-curioso-ubicacion-hiszpanski-pdf","status":"publish","type":"product","link":"https:\/\/oleedu.pl\/es\/produkt\/cuqui-el-perro-curioso-ubicacion-hiszpanski-pdf\/","title":{"rendered":"\u00abCuqui, el perro curioso\u00bb ubicar objetos espa\u00f1ol (PDF)"},"content":{"rendered":"<p><b>Informaciones<\/b> <b>sobre<\/b><b> el <\/b><b>producto<\/b><b>:<\/b><\/p>\n<p>Una serie de actividades que les ayuda a los alumnos a aprender el vocabulario y las estructuras necesarias para ubicar objetos.<\/p>\n<p>Todo esto con la ayuda de Cuqui, un perrito dulce y alegre.<\/p>\n<p><b>Materiales<\/b><b>:<\/b><\/p>\n<ul>\n<li>p\u00f3ster A4 con una foto de la familia de Cuqui<\/li>\n<li>1 p\u00f3ster de vocabulario x2 (a la derecha, a la izquierda, debajo, en\/encima, detr\u00e1s, delante, dentro\/en, al lado, delante)<\/li>\n<li>1 p\u00f3ster para completar<\/li>\n<li>1 p\u00f3ster para repasar el vocabulario oralmente + hoja para escribir<\/li>\n<li>juego de memoria 2 x 9 cartas<\/li>\n<li>9 x mini tarjetas para crear dibujos<\/li>\n<li>juego <i>\u00bfS\u00ed o no? <\/i>x 9 cartas<\/li>\n<li>9 x <i>flashcards<\/i> de vocabulario (+ 1 tarjeta de portada)<\/li>\n<li>juego <i>\u00bfD\u00f3nde est\u00e1? <\/i>(p\u00f3ster de vocabulario, 1 tablero + cartas)<\/li>\n<li>tablero y tarjetas para que el alumno prepare su propio juego tipo <i>\u00bfD\u00f3nde est\u00e1?<\/i><\/li>\n<\/ul>\n<p>______<\/p>\n<h3><strong>\u00bfC\u00f3mo realizar la compra?<\/strong><\/h3>\n<ol>\n<li>A\u00f1ade productos al carrito.<\/li>\n<li>Resume tu compra.<\/li>\n<li>Completa el formulario (como mi negocio es legal, es necesario que pongas tu direcci\u00f3n porque solamente as\u00ed podr\u00e9 pagar el impuesto adecuado en tu lugar de residencia) y elige el m\u00e9todo de pago.<\/li>\n<li>Realiza tu pedido.<\/li>\n<li>Revisa tu correo electr\u00f3nico. (El material lo recibes despu\u00e9s de registrar la cuota adecuada en mi cuenta bancaria).<\/li>\n<li>Si no recibes tu pedido en 24h, m\u00e1ndame un email\u00a0<strong>ole.edukacja@gmail.com<\/strong>\u00a0y te ayudar\u00e9.\u00a0?<\/li>\n<li>\u00a1Descarga el material y disfruta!\u00a0?<strong>Aseg\u00farate de haber descargado el material y haberlo guardado en tu ordenador.<\/strong><\/li>\n<\/ol>\n","protected":false},"excerpt":{"rendered":"<p>Ubicaci\u00f3n de objetos: juegos y actividades.<\/p>\n","protected":false},"featured_media":1723,"template":"","meta":[],"product_brand":[],"product_cat":[95],"product_tag":[281,284,289],"class_list":{"0":"post-1726","1":"product","2":"type-product","3":"status-publish","4":"has-post-thumbnail","6":"product_cat-sin-categoria","7":"product_tag-gramatica","8":"product_tag-imprimible","9":"product_tag-ubicacion","11":"first","12":"instock","13":"downloadable","14":"virtual","15":"purchasable","16":"product-type-simple"},"yoast_head":"<!-- This site is optimized with the Yoast SEO plugin v26.8 - https:\/\/yoast.com\/product\/yoast-seo-wordpress\/ -->\n<title>&quot;Cuqui, el perro curioso&quot; ubicar objetos espa\u00f1ol (PDF) -<\/title>\n<meta name=\"robots\" content=\"index, follow, max-snippet:-1, max-image-preview:large, max-video-preview:-1\" \/>\n<link rel=\"canonical\" href=\"https:\/\/oleedu.pl\/es\/produkt\/cuqui-el-perro-curioso-ubicacion-hiszpanski-pdf\/\" \/>\n<meta property=\"og:locale\" content=\"es_ES\" \/>\n<meta property=\"og:type\" content=\"article\" \/>\n<meta property=\"og:title\" content=\"&quot;Cuqui, el perro curioso&quot; ubicar objetos espa\u00f1ol (PDF) -\" \/>\n<meta property=\"og:description\" content=\"Ubicaci\u00f3n de objetos: juegos y actividades.\" \/>\n<meta property=\"og:url\" content=\"https:\/\/oleedu.pl\/es\/produkt\/cuqui-el-perro-curioso-ubicacion-hiszpanski-pdf\/\" \/>\n<meta property=\"og:image\" content=\"https:\/\/oleedu.pl\/wp-content\/uploads\/2018\/11\/mockcuqui.png\" \/>\n\t<meta property=\"og:image:width\" content=\"1565\" \/>\n\t<meta property=\"og:image:height\" content=\"1210\" \/>\n\t<meta property=\"og:image:type\" content=\"image\/png\" \/>\n<meta name=\"twitter:card\" content=\"summary_large_image\" \/>\n<meta name=\"twitter:label1\" content=\"Tiempo de lectura\" \/>\n\t<meta name=\"twitter:data1\" content=\"1 minuto\" \/>\n<script type=\"application\/ld+json\" class=\"yoast-schema-graph\">{\"@context\":\"https:\/\/schema.org\",\"@graph\":[{\"@type\":\"WebPage\",\"@id\":\"https:\/\/oleedu.pl\/es\/produkt\/cuqui-el-perro-curioso-ubicacion-hiszpanski-pdf\/\",\"url\":\"https:\/\/oleedu.pl\/es\/produkt\/cuqui-el-perro-curioso-ubicacion-hiszpanski-pdf\/\",\"name\":\"\\\"Cuqui, el perro curioso\\\" ubicar objetos espa\u00f1ol (PDF) -\",\"isPartOf\":{\"@id\":\"https:\/\/oleedu.pl\/#website\"},\"primaryImageOfPage\":{\"@id\":\"https:\/\/oleedu.pl\/es\/produkt\/cuqui-el-perro-curioso-ubicacion-hiszpanski-pdf\/#primaryimage\"},\"image\":{\"@id\":\"https:\/\/oleedu.pl\/es\/produkt\/cuqui-el-perro-curioso-ubicacion-hiszpanski-pdf\/#primaryimage\"},\"thumbnailUrl\":\"https:\/\/oleedu.pl\/wp-content\/uploads\/2018\/11\/mockcuqui.png\",\"datePublished\":\"2018-11-10T18:27:28+00:00\",\"breadcrumb\":{\"@id\":\"https:\/\/oleedu.pl\/es\/produkt\/cuqui-el-perro-curioso-ubicacion-hiszpanski-pdf\/#breadcrumb\"},\"inLanguage\":\"es\",\"potentialAction\":[{\"@type\":\"ReadAction\",\"target\":[\"https:\/\/oleedu.pl\/es\/produkt\/cuqui-el-perro-curioso-ubicacion-hiszpanski-pdf\/\"]}]},{\"@type\":\"ImageObject\",\"inLanguage\":\"es\",\"@id\":\"https:\/\/oleedu.pl\/es\/produkt\/cuqui-el-perro-curioso-ubicacion-hiszpanski-pdf\/#primaryimage\",\"url\":\"https:\/\/oleedu.pl\/wp-content\/uploads\/2018\/11\/mockcuqui.png\",\"contentUrl\":\"https:\/\/oleedu.pl\/wp-content\/uploads\/2018\/11\/mockcuqui.png\",\"width\":1565,\"height\":1210},{\"@type\":\"BreadcrumbList\",\"@id\":\"https:\/\/oleedu.pl\/es\/produkt\/cuqui-el-perro-curioso-ubicacion-hiszpanski-pdf\/#breadcrumb\",\"itemListElement\":[{\"@type\":\"ListItem\",\"position\":1,\"name\":\"Strona g\u0142\u00f3wna\",\"item\":\"https:\/\/oleedu.pl\/\"},{\"@type\":\"ListItem\",\"position\":2,\"name\":\"Tienda\",\"item\":\"https:\/\/oleedu.pl\/es\/tienda\/\"},{\"@type\":\"ListItem\",\"position\":3,\"name\":\"\u00abCuqui, el perro curioso\u00bb ubicar objetos espa\u00f1ol (PDF)\"}]},{\"@type\":\"WebSite\",\"@id\":\"https:\/\/oleedu.pl\/#website\",\"url\":\"https:\/\/oleedu.pl\/\",\"name\":\"\",\"description\":\"by Agnieszka Kruszy\u0144ska\",\"potentialAction\":[{\"@type\":\"SearchAction\",\"target\":{\"@type\":\"EntryPoint\",\"urlTemplate\":\"https:\/\/oleedu.pl\/?s={search_term_string}\"},\"query-input\":{\"@type\":\"PropertyValueSpecification\",\"valueRequired\":true,\"valueName\":\"search_term_string\"}}],\"inLanguage\":\"es\"}]}<\/script>\n<!-- \/ Yoast SEO plugin. -->","yoast_head_json":{"title":"\"Cuqui, el perro curioso\" ubicar objetos espa\u00f1ol (PDF) -","robots":{"index":"index","follow":"follow","max-snippet":"max-snippet:-1","max-image-preview":"max-image-preview:large","max-video-preview":"max-video-preview:-1"},"canonical":"https:\/\/oleedu.pl\/es\/produkt\/cuqui-el-perro-curioso-ubicacion-hiszpanski-pdf\/","og_locale":"es_ES","og_type":"article","og_title":"\"Cuqui, el perro curioso\" ubicar objetos espa\u00f1ol (PDF) -","og_description":"Ubicaci\u00f3n de objetos: juegos y actividades.","og_url":"https:\/\/oleedu.pl\/es\/produkt\/cuqui-el-perro-curioso-ubicacion-hiszpanski-pdf\/","og_image":[{"width":1565,"height":1210,"url":"https:\/\/oleedu.pl\/wp-content\/uploads\/2018\/11\/mockcuqui.png","type":"image\/png"}],"twitter_card":"summary_large_image","twitter_misc":{"Tiempo de lectura":"1 minuto"},"schema":{"@context":"https:\/\/schema.org","@graph":[{"@type":"WebPage","@id":"https:\/\/oleedu.pl\/es\/produkt\/cuqui-el-perro-curioso-ubicacion-hiszpanski-pdf\/","url":"https:\/\/oleedu.pl\/es\/produkt\/cuqui-el-perro-curioso-ubicacion-hiszpanski-pdf\/","name":"\"Cuqui, el perro curioso\" ubicar objetos espa\u00f1ol (PDF) -","isPartOf":{"@id":"https:\/\/oleedu.pl\/#website"},"primaryImageOfPage":{"@id":"https:\/\/oleedu.pl\/es\/produkt\/cuqui-el-perro-curioso-ubicacion-hiszpanski-pdf\/#primaryimage"},"image":{"@id":"https:\/\/oleedu.pl\/es\/produkt\/cuqui-el-perro-curioso-ubicacion-hiszpanski-pdf\/#primaryimage"},"thumbnailUrl":"https:\/\/oleedu.pl\/wp-content\/uploads\/2018\/11\/mockcuqui.png","datePublished":"2018-11-10T18:27:28+00:00","breadcrumb":{"@id":"https:\/\/oleedu.pl\/es\/produkt\/cuqui-el-perro-curioso-ubicacion-hiszpanski-pdf\/#breadcrumb"},"inLanguage":"es","potentialAction":[{"@type":"ReadAction","target":["https:\/\/oleedu.pl\/es\/produkt\/cuqui-el-perro-curioso-ubicacion-hiszpanski-pdf\/"]}]},{"@type":"ImageObject","inLanguage":"es","@id":"https:\/\/oleedu.pl\/es\/produkt\/cuqui-el-perro-curioso-ubicacion-hiszpanski-pdf\/#primaryimage","url":"https:\/\/oleedu.pl\/wp-content\/uploads\/2018\/11\/mockcuqui.png","contentUrl":"https:\/\/oleedu.pl\/wp-content\/uploads\/2018\/11\/mockcuqui.png","width":1565,"height":1210},{"@type":"BreadcrumbList","@id":"https:\/\/oleedu.pl\/es\/produkt\/cuqui-el-perro-curioso-ubicacion-hiszpanski-pdf\/#breadcrumb","itemListElement":[{"@type":"ListItem","position":1,"name":"Strona g\u0142\u00f3wna","item":"https:\/\/oleedu.pl\/"},{"@type":"ListItem","position":2,"name":"Tienda","item":"https:\/\/oleedu.pl\/es\/tienda\/"},{"@type":"ListItem","position":3,"name":"\u00abCuqui, el perro curioso\u00bb ubicar objetos espa\u00f1ol (PDF)"}]},{"@type":"WebSite","@id":"https:\/\/oleedu.pl\/#website","url":"https:\/\/oleedu.pl\/","name":"","description":"by Agnieszka Kruszy\u0144ska","potentialAction":[{"@type":"SearchAction","target":{"@type":"EntryPoint","urlTemplate":"https:\/\/oleedu.pl\/?s={search_term_string}"},"query-input":{"@type":"PropertyValueSpecification","valueRequired":true,"valueName":"search_term_string"}}],"inLanguage":"es"}]}},"acf":[],"_links":{"self":[{"href":"https:\/\/oleedu.pl\/es\/wp-json\/wp\/v2\/product\/1726","targetHints":{"allow":["GET"]}}],"collection":[{"href":"https:\/\/oleedu.pl\/es\/wp-json\/wp\/v2\/product"}],"about":[{"href":"https:\/\/oleedu.pl\/es\/wp-json\/wp\/v2\/types\/product"}],"wp:featuredmedia":[{"embeddable":true,"href":"https:\/\/oleedu.pl\/es\/wp-json\/wp\/v2\/media\/1723"}],"wp:attachment":[{"href":"https:\/\/oleedu.pl\/es\/wp-json\/wp\/v2\/media?parent=1726"}],"wp:term":[{"taxonomy":"product_brand","embeddable":true,"href":"https:\/\/oleedu.pl\/es\/wp-json\/wp\/v2\/product_brand?post=1726"},{"taxonomy":"product_cat","embeddable":true,"href":"https:\/\/oleedu.pl\/es\/wp-json\/wp\/v2\/product_cat?post=1726"},{"taxonomy":"product_tag","embeddable":true,"href":"https:\/\/oleedu.pl\/es\/wp-json\/wp\/v2\/product_tag?post=1726"}],"curies":[{"name":"wp","href":"https:\/\/api.w.org\/{rel}","templated":true}]}}