{"id":1487,"date":"2018-10-01T07:40:34","date_gmt":"2018-10-06T20:54:50","guid":{"rendered":"https:\/\/oleedu.pl\/?post_type=product&#038;p=1487"},"modified":"2019-09-02T10:06:21","modified_gmt":"2019-09-02T08:06:21","slug":"juego-de-mesa-aventura-otonal-2-pdf","status":"publish","type":"product","link":"https:\/\/oleedu.pl\/es\/produkt\/juego-de-mesa-aventura-otonal-2-pdf\/","title":{"rendered":"Juego de mesa \u201eAventura oto\u00f1al 2\u201d ESPA\u00d1OL (PDF)"},"content":{"rendered":"<p>Raquel es una chica muy simp\u00e1tica, pero recientemente tiene muchas cosas que hacer. Su sue\u00f1o es encontrar un lugar tranquilo, tomar un caf\u00e9 caliente y leer en paz. \u00bfIgual a tus alumnos les gustar\u00eda acompa\u00f1arla y conversar un poco en el camino?<\/p>\n<p>&nbsp;<\/p>\n<p>El juego contiene:<\/p>\n<ul>\n<li>1 tablero dividido en 2 partes<\/li>\n<li>50 tarjetas con temas y preguntas para hablar (nivel intermedio)<\/li>\n<li>tarjetas sorpresa<\/li>\n<\/ul>\n<p>________________<\/p>\n<h3><span style=\"color: #33cccc;\"><strong>\u00bfC\u00f3mo realizar la compra?<\/strong><\/span><\/h3>\n<ol>\n<li>A\u00f1ade productos al carrito.<\/li>\n<li>Resume tu compra.<\/li>\n<li>Completa el formulario (como mi negocio es legal, es necesario que pongas tu direcci\u00f3n porque solamente as\u00ed podr\u00e9 pagar el impuesto adecuado en tu lugar de residencia) y elige el m\u00e9todo de pago.<\/li>\n<li>Realiza tu pedido. (La opci\u00f3n \u201eprzelew bankowy\u201d es\u00a0\u00a0<strong>la transferencia bancaria\u00a0<\/strong>y\u00a0puede durar m\u00e1s tiempo. Si quieres recibir tus materiales m\u00e1s r\u00e1pido, manda\u00a0<strong>un comprobante de pago<\/strong>a\u00a0<strong>hola@gmail.com<\/strong>).<\/li>\n<li>Revisa tu correo electr\u00f3nico o descarga el material directamente de la p\u00e1gina. (El material lo recibes despu\u00e9s de registrar la cuota adecuada en mi cuenta bancaria).<\/li>\n<li>Si no recibes tu pedido en 24h, m\u00e1ndame un email\u00a0<strong>hola@oleedu.pl<\/strong>y te ayudar\u00e9 con mucho gusto.<\/li>\n<li>\u00a1Descarga el material y disfruta!\u00a0<strong>Aseg\u00farate de haber descargado el material y haberlo guardado en tu ordenador.<\/strong><\/li>\n<\/ol>\n","protected":false},"excerpt":{"rendered":"<p>Juego de mesa oto\u00f1al 2.<\/p>\n","protected":false},"featured_media":1491,"template":"","meta":[],"product_brand":[],"product_cat":[95],"product_tag":[268,261],"class_list":{"0":"post-1487","1":"product","2":"type-product","3":"status-publish","4":"has-post-thumbnail","6":"product_cat-sin-categoria","7":"product_tag-conversaciones","8":"product_tag-otono","10":"first","11":"instock","12":"downloadable","13":"virtual","14":"purchasable","15":"product-type-simple"},"yoast_head":"<!-- This site is optimized with the Yoast SEO plugin v26.8 - https:\/\/yoast.com\/product\/yoast-seo-wordpress\/ -->\n<title>Juego de mesa \u201eAventura oto\u00f1al 2\u201d ESPA\u00d1OL (PDF) -<\/title>\n<meta name=\"robots\" content=\"index, follow, max-snippet:-1, max-image-preview:large, max-video-preview:-1\" \/>\n<link rel=\"canonical\" href=\"https:\/\/oleedu.pl\/es\/produkt\/juego-de-mesa-aventura-otonal-2-pdf\/\" \/>\n<meta property=\"og:locale\" content=\"es_ES\" \/>\n<meta property=\"og:type\" content=\"article\" \/>\n<meta property=\"og:title\" content=\"Juego de mesa \u201eAventura oto\u00f1al 2\u201d ESPA\u00d1OL (PDF) -\" \/>\n<meta property=\"og:description\" content=\"Juego de mesa oto\u00f1al 2.\" \/>\n<meta property=\"og:url\" content=\"https:\/\/oleedu.pl\/es\/produkt\/juego-de-mesa-aventura-otonal-2-pdf\/\" \/>\n<meta property=\"article:modified_time\" content=\"2019-09-02T08:06:21+00:00\" \/>\n<meta property=\"og:image\" content=\"https:\/\/oleedu.pl\/wp-content\/uploads\/2018\/09\/mock2.png\" \/>\n\t<meta property=\"og:image:width\" content=\"1725\" \/>\n\t<meta property=\"og:image:height\" content=\"1189\" \/>\n\t<meta property=\"og:image:type\" content=\"image\/png\" \/>\n<meta name=\"twitter:card\" content=\"summary_large_image\" \/>\n<meta name=\"twitter:label1\" content=\"Tiempo de lectura\" \/>\n\t<meta name=\"twitter:data1\" content=\"1 minuto\" \/>\n<script type=\"application\/ld+json\" class=\"yoast-schema-graph\">{\"@context\":\"https:\/\/schema.org\",\"@graph\":[{\"@type\":\"WebPage\",\"@id\":\"https:\/\/oleedu.pl\/es\/produkt\/juego-de-mesa-aventura-otonal-2-pdf\/\",\"url\":\"https:\/\/oleedu.pl\/es\/produkt\/juego-de-mesa-aventura-otonal-2-pdf\/\",\"name\":\"Juego de mesa \u201eAventura oto\u00f1al 2\u201d ESPA\u00d1OL (PDF) -\",\"isPartOf\":{\"@id\":\"https:\/\/oleedu.pl\/#website\"},\"primaryImageOfPage\":{\"@id\":\"https:\/\/oleedu.pl\/es\/produkt\/juego-de-mesa-aventura-otonal-2-pdf\/#primaryimage\"},\"image\":{\"@id\":\"https:\/\/oleedu.pl\/es\/produkt\/juego-de-mesa-aventura-otonal-2-pdf\/#primaryimage\"},\"thumbnailUrl\":\"https:\/\/oleedu.pl\/wp-content\/uploads\/2018\/09\/mock2.png\",\"datePublished\":\"2018-10-06T20:54:50+00:00\",\"dateModified\":\"2019-09-02T08:06:21+00:00\",\"breadcrumb\":{\"@id\":\"https:\/\/oleedu.pl\/es\/produkt\/juego-de-mesa-aventura-otonal-2-pdf\/#breadcrumb\"},\"inLanguage\":\"es\",\"potentialAction\":[{\"@type\":\"ReadAction\",\"target\":[\"https:\/\/oleedu.pl\/es\/produkt\/juego-de-mesa-aventura-otonal-2-pdf\/\"]}]},{\"@type\":\"ImageObject\",\"inLanguage\":\"es\",\"@id\":\"https:\/\/oleedu.pl\/es\/produkt\/juego-de-mesa-aventura-otonal-2-pdf\/#primaryimage\",\"url\":\"https:\/\/oleedu.pl\/wp-content\/uploads\/2018\/09\/mock2.png\",\"contentUrl\":\"https:\/\/oleedu.pl\/wp-content\/uploads\/2018\/09\/mock2.png\",\"width\":1725,\"height\":1189},{\"@type\":\"BreadcrumbList\",\"@id\":\"https:\/\/oleedu.pl\/es\/produkt\/juego-de-mesa-aventura-otonal-2-pdf\/#breadcrumb\",\"itemListElement\":[{\"@type\":\"ListItem\",\"position\":1,\"name\":\"Strona g\u0142\u00f3wna\",\"item\":\"https:\/\/oleedu.pl\/\"},{\"@type\":\"ListItem\",\"position\":2,\"name\":\"Tienda\",\"item\":\"https:\/\/oleedu.pl\/es\/tienda\/\"},{\"@type\":\"ListItem\",\"position\":3,\"name\":\"Juego de mesa \u201eAventura oto\u00f1al 2\u201d ESPA\u00d1OL (PDF)\"}]},{\"@type\":\"WebSite\",\"@id\":\"https:\/\/oleedu.pl\/#website\",\"url\":\"https:\/\/oleedu.pl\/\",\"name\":\"\",\"description\":\"by Agnieszka Kruszy\u0144ska\",\"potentialAction\":[{\"@type\":\"SearchAction\",\"target\":{\"@type\":\"EntryPoint\",\"urlTemplate\":\"https:\/\/oleedu.pl\/?s={search_term_string}\"},\"query-input\":{\"@type\":\"PropertyValueSpecification\",\"valueRequired\":true,\"valueName\":\"search_term_string\"}}],\"inLanguage\":\"es\"}]}<\/script>\n<!-- \/ Yoast SEO plugin. -->","yoast_head_json":{"title":"Juego de mesa \u201eAventura oto\u00f1al 2\u201d ESPA\u00d1OL (PDF) -","robots":{"index":"index","follow":"follow","max-snippet":"max-snippet:-1","max-image-preview":"max-image-preview:large","max-video-preview":"max-video-preview:-1"},"canonical":"https:\/\/oleedu.pl\/es\/produkt\/juego-de-mesa-aventura-otonal-2-pdf\/","og_locale":"es_ES","og_type":"article","og_title":"Juego de mesa \u201eAventura oto\u00f1al 2\u201d ESPA\u00d1OL (PDF) -","og_description":"Juego de mesa oto\u00f1al 2.","og_url":"https:\/\/oleedu.pl\/es\/produkt\/juego-de-mesa-aventura-otonal-2-pdf\/","article_modified_time":"2019-09-02T08:06:21+00:00","og_image":[{"width":1725,"height":1189,"url":"https:\/\/oleedu.pl\/wp-content\/uploads\/2018\/09\/mock2.png","type":"image\/png"}],"twitter_card":"summary_large_image","twitter_misc":{"Tiempo de lectura":"1 minuto"},"schema":{"@context":"https:\/\/schema.org","@graph":[{"@type":"WebPage","@id":"https:\/\/oleedu.pl\/es\/produkt\/juego-de-mesa-aventura-otonal-2-pdf\/","url":"https:\/\/oleedu.pl\/es\/produkt\/juego-de-mesa-aventura-otonal-2-pdf\/","name":"Juego de mesa \u201eAventura oto\u00f1al 2\u201d ESPA\u00d1OL (PDF) -","isPartOf":{"@id":"https:\/\/oleedu.pl\/#website"},"primaryImageOfPage":{"@id":"https:\/\/oleedu.pl\/es\/produkt\/juego-de-mesa-aventura-otonal-2-pdf\/#primaryimage"},"image":{"@id":"https:\/\/oleedu.pl\/es\/produkt\/juego-de-mesa-aventura-otonal-2-pdf\/#primaryimage"},"thumbnailUrl":"https:\/\/oleedu.pl\/wp-content\/uploads\/2018\/09\/mock2.png","datePublished":"2018-10-06T20:54:50+00:00","dateModified":"2019-09-02T08:06:21+00:00","breadcrumb":{"@id":"https:\/\/oleedu.pl\/es\/produkt\/juego-de-mesa-aventura-otonal-2-pdf\/#breadcrumb"},"inLanguage":"es","potentialAction":[{"@type":"ReadAction","target":["https:\/\/oleedu.pl\/es\/produkt\/juego-de-mesa-aventura-otonal-2-pdf\/"]}]},{"@type":"ImageObject","inLanguage":"es","@id":"https:\/\/oleedu.pl\/es\/produkt\/juego-de-mesa-aventura-otonal-2-pdf\/#primaryimage","url":"https:\/\/oleedu.pl\/wp-content\/uploads\/2018\/09\/mock2.png","contentUrl":"https:\/\/oleedu.pl\/wp-content\/uploads\/2018\/09\/mock2.png","width":1725,"height":1189},{"@type":"BreadcrumbList","@id":"https:\/\/oleedu.pl\/es\/produkt\/juego-de-mesa-aventura-otonal-2-pdf\/#breadcrumb","itemListElement":[{"@type":"ListItem","position":1,"name":"Strona g\u0142\u00f3wna","item":"https:\/\/oleedu.pl\/"},{"@type":"ListItem","position":2,"name":"Tienda","item":"https:\/\/oleedu.pl\/es\/tienda\/"},{"@type":"ListItem","position":3,"name":"Juego de mesa \u201eAventura oto\u00f1al 2\u201d ESPA\u00d1OL (PDF)"}]},{"@type":"WebSite","@id":"https:\/\/oleedu.pl\/#website","url":"https:\/\/oleedu.pl\/","name":"","description":"by Agnieszka Kruszy\u0144ska","potentialAction":[{"@type":"SearchAction","target":{"@type":"EntryPoint","urlTemplate":"https:\/\/oleedu.pl\/?s={search_term_string}"},"query-input":{"@type":"PropertyValueSpecification","valueRequired":true,"valueName":"search_term_string"}}],"inLanguage":"es"}]}},"acf":[],"_links":{"self":[{"href":"https:\/\/oleedu.pl\/es\/wp-json\/wp\/v2\/product\/1487","targetHints":{"allow":["GET"]}}],"collection":[{"href":"https:\/\/oleedu.pl\/es\/wp-json\/wp\/v2\/product"}],"about":[{"href":"https:\/\/oleedu.pl\/es\/wp-json\/wp\/v2\/types\/product"}],"wp:featuredmedia":[{"embeddable":true,"href":"https:\/\/oleedu.pl\/es\/wp-json\/wp\/v2\/media\/1491"}],"wp:attachment":[{"href":"https:\/\/oleedu.pl\/es\/wp-json\/wp\/v2\/media?parent=1487"}],"wp:term":[{"taxonomy":"product_brand","embeddable":true,"href":"https:\/\/oleedu.pl\/es\/wp-json\/wp\/v2\/product_brand?post=1487"},{"taxonomy":"product_cat","embeddable":true,"href":"https:\/\/oleedu.pl\/es\/wp-json\/wp\/v2\/product_cat?post=1487"},{"taxonomy":"product_tag","embeddable":true,"href":"https:\/\/oleedu.pl\/es\/wp-json\/wp\/v2\/product_tag?post=1487"}],"curies":[{"name":"wp","href":"https:\/\/api.w.org\/{rel}","templated":true}]}}