{"id":1459,"date":"2018-09-30T22:38:50","date_gmt":"2018-10-06T20:59:43","guid":{"rendered":"http:\/\/oleedu.pl\/?post_type=product&#038;p=1459"},"modified":"2019-11-27T14:01:45","modified_gmt":"2019-11-27T13:01:45","slug":"a-contar-numeros-1-20-para-ninos","status":"publish","type":"product","link":"https:\/\/oleedu.pl\/es\/produkt\/a-contar-numeros-1-20-para-ninos\/","title":{"rendered":"N\u00fameros del 1 al 20 para ni\u00f1os ESPA\u00d1OL  (PDF)"},"content":{"rendered":"<p>Pack de juegos y actividades para ense\u00f1ar los n\u00fameros del 1 al 20. Ideal para trabajar con ni\u00f1os en grupos m\u00e1s grandes utilizando el m\u00e9todo de estaciones, pero tambi\u00e9n sirve en grupos peque\u00f1os o en clases individuales. Gracias a varios ejercicios con el dise\u00f1o oto\u00f1al muy bonito, el proceso de aprendizaje es mucho m\u00e1s agradable.<\/p>\n<p>[Material para descargar en PDF despu\u00e9s de realizar el pago.]<\/p>\n<p>57 p\u00e1ginas<\/p>\n<p>El pack contiene:<\/p>\n<ul>\n<li>3 fichas<\/li>\n<li>puzle de 40 piezas<\/li>\n<li>4 fichas para contar y el verbo \u201chaber\u201d<\/li>\n<li>tablero para practicar la agudeza visual<\/li>\n<li>13 mini flashcards<\/li>\n<li>juego memory de vocabulario<\/li>\n<li>juego memory de n\u00fameros<\/li>\n<li>juego \u201c\u00bfQui\u00e9n tiene?\u201d versi\u00f3n mini de 1 a 10<\/li>\n<li>juego \u201c\u00bfQui\u00e9n tiene?\u201d versi\u00f3n maxi de 1 a 20<\/li>\n<\/ul>\n<p>____________________________<\/p>\n<h3><span style=\"color: #33cccc;\"><strong>\u00bfC\u00f3mo realizar la compra?<\/strong><\/span><\/h3>\n<ol>\n<li>A\u00f1ade productos al carrito.<\/li>\n<li>Resume tu compra.<\/li>\n<li>Completa el formulario (como mi negocio es legal, es necesario que pongas tu direcci\u00f3n porque solamente as\u00ed podr\u00e9 pagar el impuesto adecuado en tu lugar de residencia) y elige el m\u00e9todo de pago.<\/li>\n<li>Realiza tu pedido. (La opci\u00f3n \u201eprzelew bankowy\u201d es\u00a0\u00a0<strong>la transferencia bancaria\u00a0<\/strong>y\u00a0puede durar m\u00e1s tiempo. Si quieres recibir tus materiales m\u00e1s r\u00e1pido, manda\u00a0<strong>un comprobante de pago<\/strong>a\u00a0<strong>hola@gmail.com<\/strong>).<\/li>\n<li>Revisa tu correo electr\u00f3nico o descarga el material directamente de la p\u00e1gina. (El material lo recibes despu\u00e9s de registrar la cuota adecuada en mi cuenta bancaria).<\/li>\n<li>Si no recibes tu pedido en 24h, m\u00e1ndame un email\u00a0<strong>hola@oleedu.pl<\/strong>y te ayudar\u00e9 con mucho gusto.<\/li>\n<li>\u00a1Descarga el material y disfruta!\u00a0<strong>Aseg\u00farate de haber descargado el material y haberlo guardado en tu ordenador.<\/strong><\/li>\n<\/ol>\n","protected":false},"excerpt":{"rendered":"<p>Pack\u00a0oto\u00f1al de juegos y actividades para ense\u00f1ar los n\u00fameros del 1 al 20\u00a0a ni\u00f1os.<\/p>\n","protected":false},"featured_media":1455,"template":"","meta":[],"product_brand":[],"product_cat":[95],"product_tag":[260,259,261],"class_list":{"0":"post-1459","1":"product","2":"type-product","3":"status-publish","4":"has-post-thumbnail","6":"product_cat-sin-categoria","7":"product_tag-ninos","8":"product_tag-numeros","9":"product_tag-otono","11":"first","12":"instock","13":"downloadable","14":"virtual","15":"purchasable","16":"product-type-simple"},"yoast_head":"<!-- This site is optimized with the Yoast SEO plugin v26.8 - https:\/\/yoast.com\/product\/yoast-seo-wordpress\/ -->\n<title>N\u00fameros del 1 al 20 para ni\u00f1os ESPA\u00d1OL (PDF) -<\/title>\n<meta name=\"robots\" content=\"index, follow, max-snippet:-1, max-image-preview:large, max-video-preview:-1\" \/>\n<link rel=\"canonical\" href=\"https:\/\/oleedu.pl\/es\/produkt\/a-contar-numeros-1-20-para-ninos\/\" \/>\n<meta property=\"og:locale\" content=\"es_ES\" \/>\n<meta property=\"og:type\" content=\"article\" \/>\n<meta property=\"og:title\" content=\"N\u00fameros del 1 al 20 para ni\u00f1os ESPA\u00d1OL (PDF) -\" \/>\n<meta property=\"og:description\" content=\"Pack\u00a0oto\u00f1al de juegos y actividades para ense\u00f1ar los n\u00fameros del 1 al 20\u00a0a ni\u00f1os.\" \/>\n<meta property=\"og:url\" content=\"https:\/\/oleedu.pl\/es\/produkt\/a-contar-numeros-1-20-para-ninos\/\" \/>\n<meta property=\"article:modified_time\" content=\"2019-11-27T13:01:45+00:00\" \/>\n<meta property=\"og:image\" content=\"https:\/\/oleedu.pl\/wp-content\/uploads\/2018\/09\/mock-kids-1.png\" \/>\n\t<meta property=\"og:image:width\" content=\"1732\" \/>\n\t<meta property=\"og:image:height\" content=\"1257\" \/>\n\t<meta property=\"og:image:type\" content=\"image\/png\" \/>\n<meta name=\"twitter:card\" content=\"summary_large_image\" \/>\n<meta name=\"twitter:label1\" content=\"Tiempo de lectura\" \/>\n\t<meta name=\"twitter:data1\" content=\"1 minuto\" \/>\n<script type=\"application\/ld+json\" class=\"yoast-schema-graph\">{\"@context\":\"https:\/\/schema.org\",\"@graph\":[{\"@type\":\"WebPage\",\"@id\":\"https:\/\/oleedu.pl\/es\/produkt\/a-contar-numeros-1-20-para-ninos\/\",\"url\":\"https:\/\/oleedu.pl\/es\/produkt\/a-contar-numeros-1-20-para-ninos\/\",\"name\":\"N\u00fameros del 1 al 20 para ni\u00f1os ESPA\u00d1OL (PDF) -\",\"isPartOf\":{\"@id\":\"https:\/\/oleedu.pl\/#website\"},\"primaryImageOfPage\":{\"@id\":\"https:\/\/oleedu.pl\/es\/produkt\/a-contar-numeros-1-20-para-ninos\/#primaryimage\"},\"image\":{\"@id\":\"https:\/\/oleedu.pl\/es\/produkt\/a-contar-numeros-1-20-para-ninos\/#primaryimage\"},\"thumbnailUrl\":\"https:\/\/oleedu.pl\/wp-content\/uploads\/2018\/09\/mock-kids-1.png\",\"datePublished\":\"2018-10-06T20:59:43+00:00\",\"dateModified\":\"2019-11-27T13:01:45+00:00\",\"breadcrumb\":{\"@id\":\"https:\/\/oleedu.pl\/es\/produkt\/a-contar-numeros-1-20-para-ninos\/#breadcrumb\"},\"inLanguage\":\"es\",\"potentialAction\":[{\"@type\":\"ReadAction\",\"target\":[\"https:\/\/oleedu.pl\/es\/produkt\/a-contar-numeros-1-20-para-ninos\/\"]}]},{\"@type\":\"ImageObject\",\"inLanguage\":\"es\",\"@id\":\"https:\/\/oleedu.pl\/es\/produkt\/a-contar-numeros-1-20-para-ninos\/#primaryimage\",\"url\":\"https:\/\/oleedu.pl\/wp-content\/uploads\/2018\/09\/mock-kids-1.png\",\"contentUrl\":\"https:\/\/oleedu.pl\/wp-content\/uploads\/2018\/09\/mock-kids-1.png\",\"width\":1732,\"height\":1257},{\"@type\":\"BreadcrumbList\",\"@id\":\"https:\/\/oleedu.pl\/es\/produkt\/a-contar-numeros-1-20-para-ninos\/#breadcrumb\",\"itemListElement\":[{\"@type\":\"ListItem\",\"position\":1,\"name\":\"Strona g\u0142\u00f3wna\",\"item\":\"https:\/\/oleedu.pl\/\"},{\"@type\":\"ListItem\",\"position\":2,\"name\":\"Tienda\",\"item\":\"https:\/\/oleedu.pl\/es\/tienda\/\"},{\"@type\":\"ListItem\",\"position\":3,\"name\":\"N\u00fameros del 1 al 20 para ni\u00f1os ESPA\u00d1OL (PDF)\"}]},{\"@type\":\"WebSite\",\"@id\":\"https:\/\/oleedu.pl\/#website\",\"url\":\"https:\/\/oleedu.pl\/\",\"name\":\"\",\"description\":\"by Agnieszka Kruszy\u0144ska\",\"potentialAction\":[{\"@type\":\"SearchAction\",\"target\":{\"@type\":\"EntryPoint\",\"urlTemplate\":\"https:\/\/oleedu.pl\/?s={search_term_string}\"},\"query-input\":{\"@type\":\"PropertyValueSpecification\",\"valueRequired\":true,\"valueName\":\"search_term_string\"}}],\"inLanguage\":\"es\"}]}<\/script>\n<!-- \/ Yoast SEO plugin. -->","yoast_head_json":{"title":"N\u00fameros del 1 al 20 para ni\u00f1os ESPA\u00d1OL (PDF) -","robots":{"index":"index","follow":"follow","max-snippet":"max-snippet:-1","max-image-preview":"max-image-preview:large","max-video-preview":"max-video-preview:-1"},"canonical":"https:\/\/oleedu.pl\/es\/produkt\/a-contar-numeros-1-20-para-ninos\/","og_locale":"es_ES","og_type":"article","og_title":"N\u00fameros del 1 al 20 para ni\u00f1os ESPA\u00d1OL (PDF) -","og_description":"Pack\u00a0oto\u00f1al de juegos y actividades para ense\u00f1ar los n\u00fameros del 1 al 20\u00a0a ni\u00f1os.","og_url":"https:\/\/oleedu.pl\/es\/produkt\/a-contar-numeros-1-20-para-ninos\/","article_modified_time":"2019-11-27T13:01:45+00:00","og_image":[{"width":1732,"height":1257,"url":"https:\/\/oleedu.pl\/wp-content\/uploads\/2018\/09\/mock-kids-1.png","type":"image\/png"}],"twitter_card":"summary_large_image","twitter_misc":{"Tiempo de lectura":"1 minuto"},"schema":{"@context":"https:\/\/schema.org","@graph":[{"@type":"WebPage","@id":"https:\/\/oleedu.pl\/es\/produkt\/a-contar-numeros-1-20-para-ninos\/","url":"https:\/\/oleedu.pl\/es\/produkt\/a-contar-numeros-1-20-para-ninos\/","name":"N\u00fameros del 1 al 20 para ni\u00f1os ESPA\u00d1OL (PDF) -","isPartOf":{"@id":"https:\/\/oleedu.pl\/#website"},"primaryImageOfPage":{"@id":"https:\/\/oleedu.pl\/es\/produkt\/a-contar-numeros-1-20-para-ninos\/#primaryimage"},"image":{"@id":"https:\/\/oleedu.pl\/es\/produkt\/a-contar-numeros-1-20-para-ninos\/#primaryimage"},"thumbnailUrl":"https:\/\/oleedu.pl\/wp-content\/uploads\/2018\/09\/mock-kids-1.png","datePublished":"2018-10-06T20:59:43+00:00","dateModified":"2019-11-27T13:01:45+00:00","breadcrumb":{"@id":"https:\/\/oleedu.pl\/es\/produkt\/a-contar-numeros-1-20-para-ninos\/#breadcrumb"},"inLanguage":"es","potentialAction":[{"@type":"ReadAction","target":["https:\/\/oleedu.pl\/es\/produkt\/a-contar-numeros-1-20-para-ninos\/"]}]},{"@type":"ImageObject","inLanguage":"es","@id":"https:\/\/oleedu.pl\/es\/produkt\/a-contar-numeros-1-20-para-ninos\/#primaryimage","url":"https:\/\/oleedu.pl\/wp-content\/uploads\/2018\/09\/mock-kids-1.png","contentUrl":"https:\/\/oleedu.pl\/wp-content\/uploads\/2018\/09\/mock-kids-1.png","width":1732,"height":1257},{"@type":"BreadcrumbList","@id":"https:\/\/oleedu.pl\/es\/produkt\/a-contar-numeros-1-20-para-ninos\/#breadcrumb","itemListElement":[{"@type":"ListItem","position":1,"name":"Strona g\u0142\u00f3wna","item":"https:\/\/oleedu.pl\/"},{"@type":"ListItem","position":2,"name":"Tienda","item":"https:\/\/oleedu.pl\/es\/tienda\/"},{"@type":"ListItem","position":3,"name":"N\u00fameros del 1 al 20 para ni\u00f1os ESPA\u00d1OL (PDF)"}]},{"@type":"WebSite","@id":"https:\/\/oleedu.pl\/#website","url":"https:\/\/oleedu.pl\/","name":"","description":"by Agnieszka Kruszy\u0144ska","potentialAction":[{"@type":"SearchAction","target":{"@type":"EntryPoint","urlTemplate":"https:\/\/oleedu.pl\/?s={search_term_string}"},"query-input":{"@type":"PropertyValueSpecification","valueRequired":true,"valueName":"search_term_string"}}],"inLanguage":"es"}]}},"acf":[],"_links":{"self":[{"href":"https:\/\/oleedu.pl\/es\/wp-json\/wp\/v2\/product\/1459","targetHints":{"allow":["GET"]}}],"collection":[{"href":"https:\/\/oleedu.pl\/es\/wp-json\/wp\/v2\/product"}],"about":[{"href":"https:\/\/oleedu.pl\/es\/wp-json\/wp\/v2\/types\/product"}],"wp:featuredmedia":[{"embeddable":true,"href":"https:\/\/oleedu.pl\/es\/wp-json\/wp\/v2\/media\/1455"}],"wp:attachment":[{"href":"https:\/\/oleedu.pl\/es\/wp-json\/wp\/v2\/media?parent=1459"}],"wp:term":[{"taxonomy":"product_brand","embeddable":true,"href":"https:\/\/oleedu.pl\/es\/wp-json\/wp\/v2\/product_brand?post=1459"},{"taxonomy":"product_cat","embeddable":true,"href":"https:\/\/oleedu.pl\/es\/wp-json\/wp\/v2\/product_cat?post=1459"},{"taxonomy":"product_tag","embeddable":true,"href":"https:\/\/oleedu.pl\/es\/wp-json\/wp\/v2\/product_tag?post=1459"}],"curies":[{"name":"wp","href":"https:\/\/api.w.org\/{rel}","templated":true}]}}